{"id":787,"date":"2024-07-01T02:49:20","date_gmt":"2024-07-01T02:49:20","guid":{"rendered":"https:\/\/www.massageexperts.ca\/montrealgriffintown\/corporate-wellness\/"},"modified":"2024-08-06T16:26:10","modified_gmt":"2024-08-06T16:26:10","slug":"bien-etre-en-entreprise","status":"publish","type":"page","link":"https:\/\/www.massageexperts.ca\/montrealgriffintown\/fr\/bien-etre-en-entreprise\/","title":{"rendered":"Bien-\u00catre en Entreprise"},"content":{"rendered":"\n<h3 class=\"wp-block-heading\">Int\u00e9grez le bien-\u00eatre \u00e0 votre culture d\u2019entreprise, avec la visite de Massage Experts!<\/h3>\n\n\n\n<p>De nombreux employ\u00e9s passent au moins 60% de leur temps de veille sur leur lieu de travail. Cette vie tr\u00e9pidante et rapide excerce une forte demande sur vos employ\u00e9s durant leur temps de veille, les laissant n\u00e9gliger leur sant\u00e9, leur bien-\u00eatre et de leurs soins personnels. Demandez \u00e0 Massage Experts de visiter votre lieu de travail ou votre \u00e9v\u00e9nement avec nos massoth\u00e9rapeutes agr\u00e9\u00e9s. Planifiez vos sessions en fonction d\u2019un nombre de rendez-vous fixes et organis\u00e9s, ou laissez vos employ\u00e9s librement se pr\u00e9senter et profiter d\u2019un traitement. Ceux-ci peuvent aller de 5 minutes, 15 minutes jusqu\u2019\u00e0 une heure compl\u00e8te de traitement par personne. Parce que nous avons des chaises de massage et des tables de massage portatives, nous sommes mobiles. Les traitements peuvent \u00eatre effectu\u00e9s dans une aire ouverte ou dans une pi\u00e8ce priv\u00e9e, si disponible \u00e0 dans vos locaux. Vos employ\u00e9s conna\u00eetront une \u00e9nergie renouvel\u00e9e qui entra\u00eenera une productivit\u00e9 accrue.<\/p>\n\n\n\n<p>Statistique Canada r\u00e9v\u00e8le que 83% des entreprises citent le stress comme principal risque pour la sant\u00e9. La recherche d\u00e9montre que la massoth\u00e9rapie peut aider \u00e0 r\u00e9duire le stress li\u00e9 au travail et \u00e0 renforcer l\u2019immunit\u00e9 contre de nombreuses maladies.<\/p>\n\n\n\t<div class=\"mex-check-list-block-container\">\n\t\t<ul>\n\t\t\t\n\t\t\t\t<li class=\"list-item \">\n\t\t\t\t\t\t\t\t\t\t\u00c9v\u00e9nements de Bien-\u00catre au Travail\t\t\t\t\t\t\t\t\t<\/li>\n\t\t\t\n\t\t\t\t<li class=\"list-item \">\n\t\t\t\t\t\t\t\t\t\tMassage sur Chaise (Mobile)\t\t\t\t\t\t\t\t\t<\/li>\n\t\t\t\n\t\t\t\t<li class=\"list-item \">\n\t\t\t\t\t\t\t\t\t\tMassage en \u00c9v\u00e9nement ou pendant le Travail\t\t\t\t\t\t\t\t\t<\/li>\n\t\t\t\n\t\t\t\t<li class=\"list-item \">\n\t\t\t\t\t\t\t\t\t\tJourn\u00e9e d\u2019Appr\u00e9ciation des Employ\u00e9s\t\t\t\t\t\t\t\t\t<\/li>\n\t\t\t\n\t\t\t\t<li class=\"list-item \">\n\t\t\t\t\t\t\t\t\t\tAteliers de Gestion du Stress\t\t\t\t\t\t\t\t\t<\/li>\n\t\t\t\n\t\t\t\t<li class=\"list-item \">\n\t\t\t\t\t\t\t\t\t\tNational \u00c9v\u00e9nements Nationaux sur le Mieux-\u00catre au Travail\t\t\t\t\t\t\t\t\t<\/li>\n\t\t\t\n\t\t\t\t<li class=\"list-item \">\n\t\t\t\t\t\t\t\t\t\t\u2026 et plus!\t\t\t\t\t\t\t\t\t<\/li>\n\t\t\t\t\t<\/ul>\n\t<\/div>\n\n\n\n<p>Aide \u00e0 diminuer la douleur dans les \u00e9paules, le cou et le dos, ou aide \u00e0 lutter contre les maux de t\u00eate chroniques, la fatigue et m\u00eame att\u00e9nuer certains des sympt\u00f4mes du syndrome du canal carpien et plus encore. Profitez de nos services de fa\u00e7on sporadique, selon vos besoins ou vos \u00e9v\u00e9nements, ou contactez-nous pour organiser des visites plus r\u00e9guli\u00e8rement, par exemple une fois par semaine, une fois par mois ou \u00e0 tout autre moment et dur\u00e9e en fonction de vos besoins.<\/p>\n\n\n\t<div class=\"mex-check-list-block-container\">\n\t\t<ul>\n\t\t\t\n\t\t\t\t<li class=\"list-item \">\n\t\t\t\t\t\t\t\t\t\tR\u00e9duit le stress et les effets viraux qu\u2019il peut causer sur le lieu de travail\t\t\t\t\t\t\t\t\t<\/li>\n\t\t\t\n\t\t\t\t<li class=\"list-item \">\n\t\t\t\t\t\t\t\t\t\tAugmente le niveau d\u2019appr\u00e9ciation de l\u2019entreprise et le niveau de r\u00e9tention, et remonte le moral\t\t\t\t\t\t\t\t\t<\/li>\n\t\t\t\n\t\t\t\t<li class=\"list-item \">\n\t\t\t\t\t\t\t\t\t\tR\u00e9duit le nombre de jours de maladie due au rhume et autres affections m\u00e9dicales communes\t\t\t\t\t\t\t\t\t<\/li>\n\t\t\t\n\t\t\t\t<li class=\"list-item \">\n\t\t\t\t\t\t\t\t\t\tR\u00e9duit le nombre de jours de maladie due au rhume et autres affections m\u00e9dicales communes\t\t\t\t\t\t\t\t\t<\/li>\n\t\t\t\n\t\t\t\t<li class=\"list-item \">\n\t\t\t\t\t\t\t\t\t\tDiminue le taux de roulement de vos employ\u00e9s\t\t\t\t\t\t\t\t\t<\/li>\n\t\t\t\n\t\t\t\t<li class=\"list-item \">\n\t\t\t\t\t\t\t\t\t\tR\u00e9duit le niveau de stress et d\u2019absent\u00e9isme li\u00e9 \u00e0 la sant\u00e9\t\t\t\t\t\t\t\t\t<\/li>\n\t\t\t\n\t\t\t\t<li class=\"list-item \">\n\t\t\t\t\t\t\t\t\t\tAide vos employ\u00e9s \u00e0 renforcer leur syst\u00e8me immunitaire pour lutter contre les virus communs\t\t\t\t\t\t\t\t\t<\/li>\n\t\t\t\n\t\t\t\t<li class=\"list-item \">\n\t\t\t\t\t\t\t\t\t\tAugmente l\u2019aptitude de votre direction et de votre personnel \u00e0 la r\u00e9solution de probl\u00e8mes\t\t\t\t\t\t\t\t\t<\/li>\n\t\t\t\n\t\t\t\t<li class=\"list-item \">\n\t\t\t\t\t\t\t\t\t\t\u2026 et plus!\t\t\t\t\t\t\t\t\t<\/li>\n\t\t\t\t\t<\/ul>\n\t<\/div>\n\n\n\n<p>Quel que soit le talent dans votre lieu de travail, personne ne peut fonctionner \u00e0 plein r\u00e9gime et produire \u00e0 haut niveau de qualit\u00e9 lorsque confront\u00e9 \u00e0 la douleur et \u00e0 l\u2019inconfort. La douleur, le stress et la n\u00e9gligence de soi p\u00e8sent lourdement sur le corps et peuvent co\u00fbter des millions de dollars annuellement aux grandes entreprises&nbsp; en perte de productivit\u00e9. Certaines solutions sont juste devant nous et naturelles, notamment un programme de massage mensuel.<\/p>\n\n\n\n<p>Vous voulez HAUSSER le moral de vos employ\u00e9s? Discutez avec votre clinique locale de l\u2019achat de certificats-cadeaux en vrac pour votre bureau et donnez-les, en fonction des occasions, \u00e0 votre personnel m\u00e9ritant.<\/p>\n\n\n\n<p>Augmentez le niveau de r\u00e9tention et d\u2019engagement des employ\u00e9s, remontez le moral du bureau, et amener les Experts!<\/p>\n\n\n\n<p>Apaisez la douleur\u2026 et Augmentez la Productivit\u00e9 de votre milieu de travail!<br>Contactez votre Massage Experts local pour plus de d\u00e9tails et pour conna\u00eetre les prix.<\/p>\n\n\n\n<p>La clinique de Massage Experts peut \u00e9galement \u00eatre disponible pour des conventions et des conf\u00e9rences, des tournois, des salons de la sant\u00e9, des salons professionnels, des \u00e9v\u00e9nements priv\u00e9s, etc.<\/p>\n\n\n\n<p><strong>Bien que nous nous efforcions d\u2019offrir ces services, la disponibilit\u00e9 peut \u00eatre limit\u00e9e en raison de divers facteurs. Veuillez appeler l\u2019emplacement pour plus de d\u00e9tails.<\/strong><\/p>\n\n\n\n<p><sub>* Un minimum de 4 heures par Massoth\u00e9rapeute Certifi\u00e9 est requis<\/sub><\/p>\n","protected":false},"excerpt":{"rendered":"<p>Int\u00e9grez le bien-\u00eatre \u00e0 votre culture d\u2019entreprise, avec la visite de Massage Experts! De nombreux employ\u00e9s passent au moins 60% de leur temps de veille sur leur lieu de travail. Cette vie tr\u00e9pidante et rapide excerce une forte demande sur vos employ\u00e9s durant leur temps de veille, les laissant n\u00e9gliger leur sant\u00e9, leur bien-\u00eatre et [&#8230;]<\/p>\n<p><a class=\"btn btn-secondary understrap-read-more-link\" href=\"https:\/\/www.massageexperts.ca\/montrealgriffintown\/fr\/bien-etre-en-entreprise\/\">Lire la suite\u2026<span class=\"screen-reader-text\"> from Bien-\u00catre en Entreprise<\/span><\/a><\/p>\n","protected":false},"author":1,"featured_media":0,"parent":0,"menu_order":0,"comment_status":"closed","ping_status":"closed","template":"","meta":{"footnotes":""},"class_list":["post-787","page","type-page","status-publish","hentry"],"yoast_head":"<!-- This site is optimized with the Yoast SEO plugin v27.3 - https:\/\/yoast.com\/product\/yoast-seo-wordpress\/ -->\n<title>Bien-\u00catre en Entreprise | Massage Experts Montr\u00e9al Griffintown<\/title>\n<meta name=\"description\" content=\"Busy and fast-paced lives makes for high-demand on your employees&#039; waking hours, leaving them starved for better health, wellness, and self-care.\" \/>\n<meta name=\"robots\" content=\"index, follow, max-snippet:-1, max-image-preview:large, max-video-preview:-1\" \/>\n<link rel=\"canonical\" href=\"https:\/\/www.massageexperts.ca\/montrealgriffintown\/fr\/bien-etre-en-entreprise\/\" \/>\n<meta property=\"og:locale\" content=\"fr_FR\" \/>\n<meta property=\"og:type\" content=\"article\" \/>\n<meta property=\"og:title\" content=\"Bien-\u00catre en Entreprise | Massage Experts Montr\u00e9al Griffintown\" \/>\n<meta property=\"og:description\" content=\"Busy and fast-paced lives makes for high-demand on your employees&#039; waking hours, leaving them starved for better health, wellness, and self-care.\" \/>\n<meta property=\"og:url\" content=\"https:\/\/www.massageexperts.ca\/montrealgriffintown\/fr\/bien-etre-en-entreprise\/\" \/>\n<meta property=\"og:site_name\" content=\"Montr\u00e9al Griffintown\" \/>\n<meta property=\"article:modified_time\" content=\"2024-08-06T16:26:10+00:00\" \/>\n<meta name=\"twitter:card\" content=\"summary_large_image\" \/>\n<meta name=\"twitter:label1\" content=\"Dur\u00e9e de lecture estim\u00e9e\" \/>\n\t<meta name=\"twitter:data1\" content=\"3 minutes\" \/>\n<script type=\"application\/ld+json\" class=\"yoast-schema-graph\">{\"@context\":\"https:\\\/\\\/schema.org\",\"@graph\":[{\"@type\":\"WebPage\",\"@id\":\"https:\\\/\\\/www.massageexperts.ca\\\/montrealgriffintown\\\/fr\\\/bien-etre-en-entreprise\\\/\",\"url\":\"https:\\\/\\\/www.massageexperts.ca\\\/montrealgriffintown\\\/fr\\\/bien-etre-en-entreprise\\\/\",\"name\":\"Bien-\u00catre en Entreprise | Massage Experts Montr\u00e9al Griffintown\",\"isPartOf\":{\"@id\":\"https:\\\/\\\/www.massageexperts.ca\\\/montrealgriffintown\\\/#website\"},\"datePublished\":\"2024-07-01T02:49:20+00:00\",\"dateModified\":\"2024-08-06T16:26:10+00:00\",\"description\":\"Busy and fast-paced lives makes for high-demand on your employees' waking hours, leaving them starved for better health, wellness, and self-care.\",\"breadcrumb\":{\"@id\":\"https:\\\/\\\/www.massageexperts.ca\\\/montrealgriffintown\\\/fr\\\/bien-etre-en-entreprise\\\/#breadcrumb\"},\"inLanguage\":\"fr-FR\",\"potentialAction\":[{\"@type\":\"ReadAction\",\"target\":[\"https:\\\/\\\/www.massageexperts.ca\\\/montrealgriffintown\\\/fr\\\/bien-etre-en-entreprise\\\/\"]}]},{\"@type\":\"BreadcrumbList\",\"@id\":\"https:\\\/\\\/www.massageexperts.ca\\\/montrealgriffintown\\\/fr\\\/bien-etre-en-entreprise\\\/#breadcrumb\",\"itemListElement\":[{\"@type\":\"ListItem\",\"position\":1,\"name\":\"Home\",\"item\":\"https:\\\/\\\/www.massageexperts.ca\\\/montrealgriffintown\\\/fr\\\/\"},{\"@type\":\"ListItem\",\"position\":2,\"name\":\"Bien-\u00catre en Entreprise\"}]},{\"@type\":\"WebSite\",\"@id\":\"https:\\\/\\\/www.massageexperts.ca\\\/montrealgriffintown\\\/#website\",\"url\":\"https:\\\/\\\/www.massageexperts.ca\\\/montrealgriffintown\\\/\",\"name\":\"Montr\u00e9al Griffintown\",\"description\":\"Your SUPER-powered WP Engine Site\",\"publisher\":{\"@id\":\"https:\\\/\\\/www.massageexperts.ca\\\/montrealgriffintown\\\/#organization\"},\"potentialAction\":[{\"@type\":\"SearchAction\",\"target\":{\"@type\":\"EntryPoint\",\"urlTemplate\":\"https:\\\/\\\/www.massageexperts.ca\\\/montrealgriffintown\\\/?s={search_term_string}\"},\"query-input\":{\"@type\":\"PropertyValueSpecification\",\"valueRequired\":true,\"valueName\":\"search_term_string\"}}],\"inLanguage\":\"fr-FR\"},{\"@type\":\"Organization\",\"@id\":\"https:\\\/\\\/www.massageexperts.ca\\\/montrealgriffintown\\\/#organization\",\"name\":\"Montr\u00e9al Griffintown\",\"url\":\"https:\\\/\\\/www.massageexperts.ca\\\/montrealgriffintown\\\/\",\"logo\":{\"@type\":\"ImageObject\",\"inLanguage\":\"fr-FR\",\"@id\":\"https:\\\/\\\/www.massageexperts.ca\\\/montrealgriffintown\\\/#\\\/schema\\\/logo\\\/image\\\/\",\"url\":\"https:\\\/\\\/www.massageexperts.ca\\\/montrealgriffintown\\\/wp-content\\\/uploads\\\/sites\\\/8\\\/2024\\\/07\\\/Logo-EN.svg\",\"contentUrl\":\"https:\\\/\\\/www.massageexperts.ca\\\/montrealgriffintown\\\/wp-content\\\/uploads\\\/sites\\\/8\\\/2024\\\/07\\\/Logo-EN.svg\",\"caption\":\"Montr\u00e9al Griffintown\"},\"image\":{\"@id\":\"https:\\\/\\\/www.massageexperts.ca\\\/montrealgriffintown\\\/#\\\/schema\\\/logo\\\/image\\\/\"}}]}<\/script>\n<!-- \/ Yoast SEO plugin. -->","yoast_head_json":{"title":"Bien-\u00catre en Entreprise | Massage Experts Montr\u00e9al Griffintown","description":"Busy and fast-paced lives makes for high-demand on your employees' waking hours, leaving them starved for better health, wellness, and self-care.","robots":{"index":"index","follow":"follow","max-snippet":"max-snippet:-1","max-image-preview":"max-image-preview:large","max-video-preview":"max-video-preview:-1"},"canonical":"https:\/\/www.massageexperts.ca\/montrealgriffintown\/fr\/bien-etre-en-entreprise\/","og_locale":"fr_FR","og_type":"article","og_title":"Bien-\u00catre en Entreprise | Massage Experts Montr\u00e9al Griffintown","og_description":"Busy and fast-paced lives makes for high-demand on your employees' waking hours, leaving them starved for better health, wellness, and self-care.","og_url":"https:\/\/www.massageexperts.ca\/montrealgriffintown\/fr\/bien-etre-en-entreprise\/","og_site_name":"Montr\u00e9al Griffintown","article_modified_time":"2024-08-06T16:26:10+00:00","twitter_card":"summary_large_image","twitter_misc":{"Dur\u00e9e de lecture estim\u00e9e":"3 minutes"},"schema":{"@context":"https:\/\/schema.org","@graph":[{"@type":"WebPage","@id":"https:\/\/www.massageexperts.ca\/montrealgriffintown\/fr\/bien-etre-en-entreprise\/","url":"https:\/\/www.massageexperts.ca\/montrealgriffintown\/fr\/bien-etre-en-entreprise\/","name":"Bien-\u00catre en Entreprise | Massage Experts Montr\u00e9al Griffintown","isPartOf":{"@id":"https:\/\/www.massageexperts.ca\/montrealgriffintown\/#website"},"datePublished":"2024-07-01T02:49:20+00:00","dateModified":"2024-08-06T16:26:10+00:00","description":"Busy and fast-paced lives makes for high-demand on your employees' waking hours, leaving them starved for better health, wellness, and self-care.","breadcrumb":{"@id":"https:\/\/www.massageexperts.ca\/montrealgriffintown\/fr\/bien-etre-en-entreprise\/#breadcrumb"},"inLanguage":"fr-FR","potentialAction":[{"@type":"ReadAction","target":["https:\/\/www.massageexperts.ca\/montrealgriffintown\/fr\/bien-etre-en-entreprise\/"]}]},{"@type":"BreadcrumbList","@id":"https:\/\/www.massageexperts.ca\/montrealgriffintown\/fr\/bien-etre-en-entreprise\/#breadcrumb","itemListElement":[{"@type":"ListItem","position":1,"name":"Home","item":"https:\/\/www.massageexperts.ca\/montrealgriffintown\/fr\/"},{"@type":"ListItem","position":2,"name":"Bien-\u00catre en Entreprise"}]},{"@type":"WebSite","@id":"https:\/\/www.massageexperts.ca\/montrealgriffintown\/#website","url":"https:\/\/www.massageexperts.ca\/montrealgriffintown\/","name":"Montr\u00e9al Griffintown","description":"Your SUPER-powered WP Engine Site","publisher":{"@id":"https:\/\/www.massageexperts.ca\/montrealgriffintown\/#organization"},"potentialAction":[{"@type":"SearchAction","target":{"@type":"EntryPoint","urlTemplate":"https:\/\/www.massageexperts.ca\/montrealgriffintown\/?s={search_term_string}"},"query-input":{"@type":"PropertyValueSpecification","valueRequired":true,"valueName":"search_term_string"}}],"inLanguage":"fr-FR"},{"@type":"Organization","@id":"https:\/\/www.massageexperts.ca\/montrealgriffintown\/#organization","name":"Montr\u00e9al Griffintown","url":"https:\/\/www.massageexperts.ca\/montrealgriffintown\/","logo":{"@type":"ImageObject","inLanguage":"fr-FR","@id":"https:\/\/www.massageexperts.ca\/montrealgriffintown\/#\/schema\/logo\/image\/","url":"https:\/\/www.massageexperts.ca\/montrealgriffintown\/wp-content\/uploads\/sites\/8\/2024\/07\/Logo-EN.svg","contentUrl":"https:\/\/www.massageexperts.ca\/montrealgriffintown\/wp-content\/uploads\/sites\/8\/2024\/07\/Logo-EN.svg","caption":"Montr\u00e9al Griffintown"},"image":{"@id":"https:\/\/www.massageexperts.ca\/montrealgriffintown\/#\/schema\/logo\/image\/"}}]}},"featured_image_src":null,"featured_image_src_square":null,"_links":{"self":[{"href":"https:\/\/www.massageexperts.ca\/montrealgriffintown\/fr\/wp-json\/wp\/v2\/pages\/787","targetHints":{"allow":["GET"]}}],"collection":[{"href":"https:\/\/www.massageexperts.ca\/montrealgriffintown\/fr\/wp-json\/wp\/v2\/pages"}],"about":[{"href":"https:\/\/www.massageexperts.ca\/montrealgriffintown\/fr\/wp-json\/wp\/v2\/types\/page"}],"author":[{"embeddable":true,"href":"https:\/\/www.massageexperts.ca\/montrealgriffintown\/fr\/wp-json\/wp\/v2\/users\/1"}],"replies":[{"embeddable":true,"href":"https:\/\/www.massageexperts.ca\/montrealgriffintown\/fr\/wp-json\/wp\/v2\/comments?post=787"}],"version-history":[{"count":0,"href":"https:\/\/www.massageexperts.ca\/montrealgriffintown\/fr\/wp-json\/wp\/v2\/pages\/787\/revisions"}],"wp:attachment":[{"href":"https:\/\/www.massageexperts.ca\/montrealgriffintown\/fr\/wp-json\/wp\/v2\/media?parent=787"}],"curies":[{"name":"wp","href":"https:\/\/api.w.org\/{rel}","templated":true}]}}