{"id":786,"date":"2024-07-01T02:44:37","date_gmt":"2024-07-01T02:44:37","guid":{"rendered":"https:\/\/www.massageexperts.ca\/montrealgriffintown\/group-reservations\/"},"modified":"2024-08-06T16:27:03","modified_gmt":"2024-08-06T16:27:03","slug":"reservations-de-groupe","status":"publish","type":"page","link":"https:\/\/www.massageexperts.ca\/montrealgriffintown\/fr\/reservations-de-groupe\/","title":{"rendered":"R\u00e9servations de Groupe"},"content":{"rendered":"\n<h3 class=\"wp-block-heading\">Bienvenue au nouveau concept d\u2019activit\u00e9 de groupe, Rendez-vous de d\u00e9tente!<\/h3>\n\n\n\n<p>Parce que nos cliniques offrent plusieurs salles de traitement et plusieurs th\u00e9rapeutes, rassemblez votre groupe et appelez-nous au sujet de nos Rendez-Vous de Relaxation. Profitez de votre temps de divertissement ensemble, suivi d\u2019une visite d\u00e9compress\u00e9e chez votre Massage Experts local pendant une heure ou plus, de paix et de d\u00e9tente. C\u2019est le rendez-vous id\u00e9al dans la vie tr\u00e9pidente d\u2019aujourd\u2019hui. Ces rendez-vous peuvent aller de 2 personnes ou beaucoup plus, en fonction du nombre que notre clinique peut accueillir en m\u00eame temps (en fonction du nombre de salles de traitement et de la disponibilit\u00e9 des massoth\u00e9rapeutes). Chaque traitement est fourni dans l\u2019intimit\u00e9 de votre propre salle de traitement. Les re\u00e7us d\u2019assurance sont \u00e9mis \u00e0 chacun et la facturation directe peut \u00eatre offerte si applicable.<\/p>\n\n\n\n<p>Ce concept est parfait pour<\/p>\n\n\n\t<div class=\"mex-check-list-block-container\">\n\t\t<ul>\n\t\t\t\n\t\t\t\t<li class=\"list-item \">\n\t\t\t\t\t\t\t\t\t\tUne Rencontre Familiale\t\t\t\t\t\t\t\t\t<\/li>\n\t\t\t\n\t\t\t\t<li class=\"list-item \">\n\t\t\t\t\t\t\t\t\t\tUne F\u00eate de Bachelorette\t\t\t\t\t\t\t\t\t<\/li>\n\t\t\t\n\t\t\t\t<li class=\"list-item \">\n\t\t\t\t\t\t\t\t\t\tUn Enterrement de Vie de Gar\u00e7on\t\t\t\t\t\t\t\t\t<\/li>\n\t\t\t\n\t\t\t\t<li class=\"list-item \">\n\t\t\t\t\t\t\t\t\t\tUn \u00c9v\u00e9nement d\u2019Appr\u00e9ciation du Personel\t\t\t\t\t\t\t\t\t<\/li>\n\t\t\t\n\t\t\t\t<li class=\"list-item \">\n\t\t\t\t\t\t\t\t\t\tUne R\u00e9union de Famille ou d\u2019Amis\t\t\t\t\t\t\t\t\t<\/li>\n\t\t\t\t\t<\/ul>\n\t<\/div>\n\n\n\n<p>Contactez votre clinique Massage Experts d\u00e8s aujourd\u2019hui pour en savoir plus!<\/p>\n\n\n\n<p><strong>Bien que nous nous efforcions d\u2019offrir ces services, la disponibilit\u00e9 peut \u00eatre limit\u00e9e en raison de divers facteurs. Veuillez appeler l\u2019emplacement pour plus de d\u00e9tails.<\/strong><\/p>\n","protected":false},"excerpt":{"rendered":"<p>Bienvenue au nouveau concept d\u2019activit\u00e9 de groupe, Rendez-vous de d\u00e9tente! Parce que nos cliniques offrent plusieurs salles de traitement et plusieurs th\u00e9rapeutes, rassemblez votre groupe et appelez-nous au sujet de nos Rendez-Vous de Relaxation. Profitez de votre temps de divertissement ensemble, suivi d\u2019une visite d\u00e9compress\u00e9e chez votre Massage Experts local pendant une heure ou plus, [&#8230;]<\/p>\n<p><a class=\"btn btn-secondary understrap-read-more-link\" href=\"https:\/\/www.massageexperts.ca\/montrealgriffintown\/fr\/reservations-de-groupe\/\">Lire la suite\u2026<span class=\"screen-reader-text\"> from R\u00e9servations de Groupe<\/span><\/a><\/p>\n","protected":false},"author":1,"featured_media":0,"parent":0,"menu_order":0,"comment_status":"closed","ping_status":"closed","template":"","meta":{"footnotes":""},"class_list":["post-786","page","type-page","status-publish","hentry"],"yoast_head":"<!-- This site is optimized with the Yoast SEO plugin v27.3 - https:\/\/yoast.com\/product\/yoast-seo-wordpress\/ -->\n<title>R\u00e9servations de Groupe | Massage Experts Montr\u00e9al Griffintown<\/title>\n<meta name=\"description\" content=\"Enjoy your fun time together, followed by a decompressing visit to your local Massage Experts for an hour or more of peace and relaxation. It is the perfect date in today&#039;s busy World.\u00a0\" \/>\n<meta name=\"robots\" content=\"index, follow, max-snippet:-1, max-image-preview:large, max-video-preview:-1\" \/>\n<link rel=\"canonical\" href=\"https:\/\/www.massageexperts.ca\/montrealgriffintown\/fr\/reservations-de-groupe\/\" \/>\n<meta property=\"og:locale\" content=\"fr_FR\" \/>\n<meta property=\"og:type\" content=\"article\" \/>\n<meta property=\"og:title\" content=\"R\u00e9servations de Groupe | Massage Experts Montr\u00e9al Griffintown\" \/>\n<meta property=\"og:description\" content=\"Enjoy your fun time together, followed by a decompressing visit to your local Massage Experts for an hour or more of peace and relaxation. It is the perfect date in today&#039;s busy World.\u00a0\" \/>\n<meta property=\"og:url\" content=\"https:\/\/www.massageexperts.ca\/montrealgriffintown\/fr\/reservations-de-groupe\/\" \/>\n<meta property=\"og:site_name\" content=\"Montr\u00e9al Griffintown\" \/>\n<meta property=\"article:modified_time\" content=\"2024-08-06T16:27:03+00:00\" \/>\n<meta name=\"twitter:card\" content=\"summary_large_image\" \/>\n<script type=\"application\/ld+json\" class=\"yoast-schema-graph\">{\"@context\":\"https:\\\/\\\/schema.org\",\"@graph\":[{\"@type\":\"WebPage\",\"@id\":\"https:\\\/\\\/www.massageexperts.ca\\\/montrealgriffintown\\\/fr\\\/reservations-de-groupe\\\/\",\"url\":\"https:\\\/\\\/www.massageexperts.ca\\\/montrealgriffintown\\\/fr\\\/reservations-de-groupe\\\/\",\"name\":\"R\u00e9servations de Groupe | Massage Experts Montr\u00e9al Griffintown\",\"isPartOf\":{\"@id\":\"https:\\\/\\\/www.massageexperts.ca\\\/montrealgriffintown\\\/#website\"},\"datePublished\":\"2024-07-01T02:44:37+00:00\",\"dateModified\":\"2024-08-06T16:27:03+00:00\",\"description\":\"Enjoy your fun time together, followed by a decompressing visit to your local Massage Experts for an hour or more of peace and relaxation. It is the perfect date in today's busy World.\u00a0\",\"breadcrumb\":{\"@id\":\"https:\\\/\\\/www.massageexperts.ca\\\/montrealgriffintown\\\/fr\\\/reservations-de-groupe\\\/#breadcrumb\"},\"inLanguage\":\"fr-FR\",\"potentialAction\":[{\"@type\":\"ReadAction\",\"target\":[\"https:\\\/\\\/www.massageexperts.ca\\\/montrealgriffintown\\\/fr\\\/reservations-de-groupe\\\/\"]}]},{\"@type\":\"BreadcrumbList\",\"@id\":\"https:\\\/\\\/www.massageexperts.ca\\\/montrealgriffintown\\\/fr\\\/reservations-de-groupe\\\/#breadcrumb\",\"itemListElement\":[{\"@type\":\"ListItem\",\"position\":1,\"name\":\"Home\",\"item\":\"https:\\\/\\\/www.massageexperts.ca\\\/montrealgriffintown\\\/fr\\\/\"},{\"@type\":\"ListItem\",\"position\":2,\"name\":\"R\u00e9servations de Groupe\"}]},{\"@type\":\"WebSite\",\"@id\":\"https:\\\/\\\/www.massageexperts.ca\\\/montrealgriffintown\\\/#website\",\"url\":\"https:\\\/\\\/www.massageexperts.ca\\\/montrealgriffintown\\\/\",\"name\":\"Montr\u00e9al Griffintown\",\"description\":\"Your SUPER-powered WP Engine Site\",\"publisher\":{\"@id\":\"https:\\\/\\\/www.massageexperts.ca\\\/montrealgriffintown\\\/#organization\"},\"potentialAction\":[{\"@type\":\"SearchAction\",\"target\":{\"@type\":\"EntryPoint\",\"urlTemplate\":\"https:\\\/\\\/www.massageexperts.ca\\\/montrealgriffintown\\\/?s={search_term_string}\"},\"query-input\":{\"@type\":\"PropertyValueSpecification\",\"valueRequired\":true,\"valueName\":\"search_term_string\"}}],\"inLanguage\":\"fr-FR\"},{\"@type\":\"Organization\",\"@id\":\"https:\\\/\\\/www.massageexperts.ca\\\/montrealgriffintown\\\/#organization\",\"name\":\"Montr\u00e9al Griffintown\",\"url\":\"https:\\\/\\\/www.massageexperts.ca\\\/montrealgriffintown\\\/\",\"logo\":{\"@type\":\"ImageObject\",\"inLanguage\":\"fr-FR\",\"@id\":\"https:\\\/\\\/www.massageexperts.ca\\\/montrealgriffintown\\\/#\\\/schema\\\/logo\\\/image\\\/\",\"url\":\"https:\\\/\\\/www.massageexperts.ca\\\/montrealgriffintown\\\/wp-content\\\/uploads\\\/sites\\\/8\\\/2024\\\/07\\\/Logo-EN.svg\",\"contentUrl\":\"https:\\\/\\\/www.massageexperts.ca\\\/montrealgriffintown\\\/wp-content\\\/uploads\\\/sites\\\/8\\\/2024\\\/07\\\/Logo-EN.svg\",\"caption\":\"Montr\u00e9al Griffintown\"},\"image\":{\"@id\":\"https:\\\/\\\/www.massageexperts.ca\\\/montrealgriffintown\\\/#\\\/schema\\\/logo\\\/image\\\/\"}}]}<\/script>\n<!-- \/ Yoast SEO plugin. -->","yoast_head_json":{"title":"R\u00e9servations de Groupe | Massage Experts Montr\u00e9al Griffintown","description":"Enjoy your fun time together, followed by a decompressing visit to your local Massage Experts for an hour or more of peace and relaxation. It is the perfect date in today's busy World.\u00a0","robots":{"index":"index","follow":"follow","max-snippet":"max-snippet:-1","max-image-preview":"max-image-preview:large","max-video-preview":"max-video-preview:-1"},"canonical":"https:\/\/www.massageexperts.ca\/montrealgriffintown\/fr\/reservations-de-groupe\/","og_locale":"fr_FR","og_type":"article","og_title":"R\u00e9servations de Groupe | Massage Experts Montr\u00e9al Griffintown","og_description":"Enjoy your fun time together, followed by a decompressing visit to your local Massage Experts for an hour or more of peace and relaxation. It is the perfect date in today's busy World.\u00a0","og_url":"https:\/\/www.massageexperts.ca\/montrealgriffintown\/fr\/reservations-de-groupe\/","og_site_name":"Montr\u00e9al Griffintown","article_modified_time":"2024-08-06T16:27:03+00:00","twitter_card":"summary_large_image","schema":{"@context":"https:\/\/schema.org","@graph":[{"@type":"WebPage","@id":"https:\/\/www.massageexperts.ca\/montrealgriffintown\/fr\/reservations-de-groupe\/","url":"https:\/\/www.massageexperts.ca\/montrealgriffintown\/fr\/reservations-de-groupe\/","name":"R\u00e9servations de Groupe | Massage Experts Montr\u00e9al Griffintown","isPartOf":{"@id":"https:\/\/www.massageexperts.ca\/montrealgriffintown\/#website"},"datePublished":"2024-07-01T02:44:37+00:00","dateModified":"2024-08-06T16:27:03+00:00","description":"Enjoy your fun time together, followed by a decompressing visit to your local Massage Experts for an hour or more of peace and relaxation. It is the perfect date in today's busy World.\u00a0","breadcrumb":{"@id":"https:\/\/www.massageexperts.ca\/montrealgriffintown\/fr\/reservations-de-groupe\/#breadcrumb"},"inLanguage":"fr-FR","potentialAction":[{"@type":"ReadAction","target":["https:\/\/www.massageexperts.ca\/montrealgriffintown\/fr\/reservations-de-groupe\/"]}]},{"@type":"BreadcrumbList","@id":"https:\/\/www.massageexperts.ca\/montrealgriffintown\/fr\/reservations-de-groupe\/#breadcrumb","itemListElement":[{"@type":"ListItem","position":1,"name":"Home","item":"https:\/\/www.massageexperts.ca\/montrealgriffintown\/fr\/"},{"@type":"ListItem","position":2,"name":"R\u00e9servations de Groupe"}]},{"@type":"WebSite","@id":"https:\/\/www.massageexperts.ca\/montrealgriffintown\/#website","url":"https:\/\/www.massageexperts.ca\/montrealgriffintown\/","name":"Montr\u00e9al Griffintown","description":"Your SUPER-powered WP Engine Site","publisher":{"@id":"https:\/\/www.massageexperts.ca\/montrealgriffintown\/#organization"},"potentialAction":[{"@type":"SearchAction","target":{"@type":"EntryPoint","urlTemplate":"https:\/\/www.massageexperts.ca\/montrealgriffintown\/?s={search_term_string}"},"query-input":{"@type":"PropertyValueSpecification","valueRequired":true,"valueName":"search_term_string"}}],"inLanguage":"fr-FR"},{"@type":"Organization","@id":"https:\/\/www.massageexperts.ca\/montrealgriffintown\/#organization","name":"Montr\u00e9al Griffintown","url":"https:\/\/www.massageexperts.ca\/montrealgriffintown\/","logo":{"@type":"ImageObject","inLanguage":"fr-FR","@id":"https:\/\/www.massageexperts.ca\/montrealgriffintown\/#\/schema\/logo\/image\/","url":"https:\/\/www.massageexperts.ca\/montrealgriffintown\/wp-content\/uploads\/sites\/8\/2024\/07\/Logo-EN.svg","contentUrl":"https:\/\/www.massageexperts.ca\/montrealgriffintown\/wp-content\/uploads\/sites\/8\/2024\/07\/Logo-EN.svg","caption":"Montr\u00e9al Griffintown"},"image":{"@id":"https:\/\/www.massageexperts.ca\/montrealgriffintown\/#\/schema\/logo\/image\/"}}]}},"featured_image_src":null,"featured_image_src_square":null,"_links":{"self":[{"href":"https:\/\/www.massageexperts.ca\/montrealgriffintown\/fr\/wp-json\/wp\/v2\/pages\/786","targetHints":{"allow":["GET"]}}],"collection":[{"href":"https:\/\/www.massageexperts.ca\/montrealgriffintown\/fr\/wp-json\/wp\/v2\/pages"}],"about":[{"href":"https:\/\/www.massageexperts.ca\/montrealgriffintown\/fr\/wp-json\/wp\/v2\/types\/page"}],"author":[{"embeddable":true,"href":"https:\/\/www.massageexperts.ca\/montrealgriffintown\/fr\/wp-json\/wp\/v2\/users\/1"}],"replies":[{"embeddable":true,"href":"https:\/\/www.massageexperts.ca\/montrealgriffintown\/fr\/wp-json\/wp\/v2\/comments?post=786"}],"version-history":[{"count":0,"href":"https:\/\/www.massageexperts.ca\/montrealgriffintown\/fr\/wp-json\/wp\/v2\/pages\/786\/revisions"}],"wp:attachment":[{"href":"https:\/\/www.massageexperts.ca\/montrealgriffintown\/fr\/wp-json\/wp\/v2\/media?parent=786"}],"curies":[{"name":"wp","href":"https:\/\/api.w.org\/{rel}","templated":true}]}}