{"id":721,"date":"2024-02-14T03:23:54","date_gmt":"2024-02-14T03:23:54","guid":{"rendered":"https:\/\/www.massageexperts.ca\/montrealgriffintown\/meet-our-team\/"},"modified":"2024-08-06T16:26:52","modified_gmt":"2024-08-06T16:26:52","slug":"notre-equipe","status":"publish","type":"page","link":"https:\/\/www.massageexperts.ca\/montrealgriffintown\/fr\/notre-equipe\/","title":{"rendered":"Notre \u00c9quipe"},"content":{"rendered":"\n<p>Nos Massoth\u00e9rapeutes, Ost\u00e9opathe et Naturopathe et notre \u00e9quipe d\u2019administration sont choisis avec soin pour leurs comp\u00e9tences et leur personnalit\u00e9 amicale. Chaque Th\u00e9rapeute est membre d\u2019une association reconnue au Qu\u00e9bec. Nous ajoutons \u00e0 leur statut d\u2019experts en investissant dans la formation continue, ce qui am\u00e9liore encore leurs capacit\u00e9s. Nous croyons en notre \u00e9quipe et \u00e7a se voit. Notre objectif est de vous offrir une exp\u00e9rience de massoth\u00e9rapie d\u2019experts, dans une atmosph\u00e8re accueillante, \u00e0 un prix assurant la tranquillit\u00e9 d\u2019esprit. Nous voulons vous offrir la meilleure exp\u00e9rience de massage possible. Si vous avez des questions, adressez-vous \u00e0 l\u2019un des sympathiques membres de notre personnel \u00e0 la r\u00e9ception ou parlez \u00e0 votre Th\u00e9rapeute.<\/p>\n","protected":false},"excerpt":{"rendered":"<p>Nos Massoth\u00e9rapeutes, Ost\u00e9opathe et Naturopathe et notre \u00e9quipe d\u2019administration sont choisis avec soin pour leurs comp\u00e9tences et leur personnalit\u00e9 amicale. Chaque Th\u00e9rapeute est membre d\u2019une association reconnue au Qu\u00e9bec. Nous ajoutons \u00e0 leur statut d\u2019experts en investissant dans la formation continue, ce qui am\u00e9liore encore leurs capacit\u00e9s. Nous croyons en notre \u00e9quipe et \u00e7a se [&#8230;]<\/p>\n<p><a class=\"btn btn-secondary understrap-read-more-link\" href=\"https:\/\/www.massageexperts.ca\/montrealgriffintown\/fr\/notre-equipe\/\">Lire la suite\u2026<span class=\"screen-reader-text\"> from Notre \u00c9quipe<\/span><\/a><\/p>\n","protected":false},"author":1,"featured_media":0,"parent":0,"menu_order":0,"comment_status":"closed","ping_status":"closed","template":"page-local-team.php","meta":{"footnotes":""},"class_list":["post-721","page","type-page","status-publish","hentry"],"yoast_head":"<!-- This site is optimized with the Yoast SEO plugin v27.5 - https:\/\/yoast.com\/product\/yoast-seo-wordpress\/ -->\n<title>Notre \u00c9quipe | Massage Experts Montr\u00e9al Griffintown<\/title>\n<meta name=\"description\" content=\"Our Massage Therapists are\u00a0carefully chosen\u00a0for their expert skills and friendly personality.\u00a0\" \/>\n<meta name=\"robots\" content=\"index, follow, max-snippet:-1, max-image-preview:large, max-video-preview:-1\" \/>\n<link rel=\"canonical\" href=\"https:\/\/www.massageexperts.ca\/montrealgriffintown\/fr\/notre-equipe\/\" \/>\n<meta property=\"og:locale\" content=\"fr_FR\" \/>\n<meta property=\"og:type\" content=\"article\" \/>\n<meta property=\"og:title\" content=\"Notre \u00c9quipe | Massage Experts Montr\u00e9al Griffintown\" \/>\n<meta property=\"og:description\" content=\"Our Massage Therapists are\u00a0carefully chosen\u00a0for their expert skills and friendly personality.\u00a0\" \/>\n<meta property=\"og:url\" content=\"https:\/\/www.massageexperts.ca\/montrealgriffintown\/fr\/notre-equipe\/\" \/>\n<meta property=\"og:site_name\" content=\"Montr\u00e9al Griffintown\" \/>\n<meta property=\"article:modified_time\" content=\"2024-08-06T16:26:52+00:00\" \/>\n<meta name=\"twitter:card\" content=\"summary_large_image\" \/>\n<meta name=\"twitter:label1\" content=\"Dur\u00e9e de lecture estim\u00e9e\" \/>\n\t<meta name=\"twitter:data1\" content=\"1 minute\" \/>\n<script type=\"application\/ld+json\" class=\"yoast-schema-graph\">{\"@context\":\"https:\\\/\\\/schema.org\",\"@graph\":[{\"@type\":\"WebPage\",\"@id\":\"https:\\\/\\\/www.massageexperts.ca\\\/montrealgriffintown\\\/fr\\\/notre-equipe\\\/\",\"url\":\"https:\\\/\\\/www.massageexperts.ca\\\/montrealgriffintown\\\/fr\\\/notre-equipe\\\/\",\"name\":\"Notre \u00c9quipe | Massage Experts Montr\u00e9al Griffintown\",\"isPartOf\":{\"@id\":\"https:\\\/\\\/www.massageexperts.ca\\\/montrealgriffintown\\\/#website\"},\"datePublished\":\"2024-02-14T03:23:54+00:00\",\"dateModified\":\"2024-08-06T16:26:52+00:00\",\"description\":\"Our Massage Therapists are\u00a0carefully chosen\u00a0for their expert skills and friendly personality.\u00a0\",\"breadcrumb\":{\"@id\":\"https:\\\/\\\/www.massageexperts.ca\\\/montrealgriffintown\\\/fr\\\/notre-equipe\\\/#breadcrumb\"},\"inLanguage\":\"fr-FR\",\"potentialAction\":[{\"@type\":\"ReadAction\",\"target\":[\"https:\\\/\\\/www.massageexperts.ca\\\/montrealgriffintown\\\/fr\\\/notre-equipe\\\/\"]}]},{\"@type\":\"BreadcrumbList\",\"@id\":\"https:\\\/\\\/www.massageexperts.ca\\\/montrealgriffintown\\\/fr\\\/notre-equipe\\\/#breadcrumb\",\"itemListElement\":[{\"@type\":\"ListItem\",\"position\":1,\"name\":\"Home\",\"item\":\"https:\\\/\\\/www.massageexperts.ca\\\/montrealgriffintown\\\/fr\\\/\"},{\"@type\":\"ListItem\",\"position\":2,\"name\":\"Notre \u00c9quipe\"}]},{\"@type\":\"WebSite\",\"@id\":\"https:\\\/\\\/www.massageexperts.ca\\\/montrealgriffintown\\\/#website\",\"url\":\"https:\\\/\\\/www.massageexperts.ca\\\/montrealgriffintown\\\/\",\"name\":\"Montr\u00e9al Griffintown\",\"description\":\"Your SUPER-powered WP Engine Site\",\"publisher\":{\"@id\":\"https:\\\/\\\/www.massageexperts.ca\\\/montrealgriffintown\\\/#organization\"},\"potentialAction\":[{\"@type\":\"SearchAction\",\"target\":{\"@type\":\"EntryPoint\",\"urlTemplate\":\"https:\\\/\\\/www.massageexperts.ca\\\/montrealgriffintown\\\/?s={search_term_string}\"},\"query-input\":{\"@type\":\"PropertyValueSpecification\",\"valueRequired\":true,\"valueName\":\"search_term_string\"}}],\"inLanguage\":\"fr-FR\"},{\"@type\":\"Organization\",\"@id\":\"https:\\\/\\\/www.massageexperts.ca\\\/montrealgriffintown\\\/#organization\",\"name\":\"Montr\u00e9al Griffintown\",\"url\":\"https:\\\/\\\/www.massageexperts.ca\\\/montrealgriffintown\\\/\",\"logo\":{\"@type\":\"ImageObject\",\"inLanguage\":\"fr-FR\",\"@id\":\"https:\\\/\\\/www.massageexperts.ca\\\/montrealgriffintown\\\/#\\\/schema\\\/logo\\\/image\\\/\",\"url\":\"https:\\\/\\\/www.massageexperts.ca\\\/montrealgriffintown\\\/wp-content\\\/uploads\\\/sites\\\/8\\\/2024\\\/07\\\/Logo-EN.svg\",\"contentUrl\":\"https:\\\/\\\/www.massageexperts.ca\\\/montrealgriffintown\\\/wp-content\\\/uploads\\\/sites\\\/8\\\/2024\\\/07\\\/Logo-EN.svg\",\"caption\":\"Montr\u00e9al Griffintown\"},\"image\":{\"@id\":\"https:\\\/\\\/www.massageexperts.ca\\\/montrealgriffintown\\\/#\\\/schema\\\/logo\\\/image\\\/\"}}]}<\/script>\n<!-- \/ Yoast SEO plugin. -->","yoast_head_json":{"title":"Notre \u00c9quipe | Massage Experts Montr\u00e9al Griffintown","description":"Our Massage Therapists are\u00a0carefully chosen\u00a0for their expert skills and friendly personality.\u00a0","robots":{"index":"index","follow":"follow","max-snippet":"max-snippet:-1","max-image-preview":"max-image-preview:large","max-video-preview":"max-video-preview:-1"},"canonical":"https:\/\/www.massageexperts.ca\/montrealgriffintown\/fr\/notre-equipe\/","og_locale":"fr_FR","og_type":"article","og_title":"Notre \u00c9quipe | Massage Experts Montr\u00e9al Griffintown","og_description":"Our Massage Therapists are\u00a0carefully chosen\u00a0for their expert skills and friendly personality.\u00a0","og_url":"https:\/\/www.massageexperts.ca\/montrealgriffintown\/fr\/notre-equipe\/","og_site_name":"Montr\u00e9al Griffintown","article_modified_time":"2024-08-06T16:26:52+00:00","twitter_card":"summary_large_image","twitter_misc":{"Dur\u00e9e de lecture estim\u00e9e":"1 minute"},"schema":{"@context":"https:\/\/schema.org","@graph":[{"@type":"WebPage","@id":"https:\/\/www.massageexperts.ca\/montrealgriffintown\/fr\/notre-equipe\/","url":"https:\/\/www.massageexperts.ca\/montrealgriffintown\/fr\/notre-equipe\/","name":"Notre \u00c9quipe | Massage Experts Montr\u00e9al Griffintown","isPartOf":{"@id":"https:\/\/www.massageexperts.ca\/montrealgriffintown\/#website"},"datePublished":"2024-02-14T03:23:54+00:00","dateModified":"2024-08-06T16:26:52+00:00","description":"Our Massage Therapists are\u00a0carefully chosen\u00a0for their expert skills and friendly personality.\u00a0","breadcrumb":{"@id":"https:\/\/www.massageexperts.ca\/montrealgriffintown\/fr\/notre-equipe\/#breadcrumb"},"inLanguage":"fr-FR","potentialAction":[{"@type":"ReadAction","target":["https:\/\/www.massageexperts.ca\/montrealgriffintown\/fr\/notre-equipe\/"]}]},{"@type":"BreadcrumbList","@id":"https:\/\/www.massageexperts.ca\/montrealgriffintown\/fr\/notre-equipe\/#breadcrumb","itemListElement":[{"@type":"ListItem","position":1,"name":"Home","item":"https:\/\/www.massageexperts.ca\/montrealgriffintown\/fr\/"},{"@type":"ListItem","position":2,"name":"Notre \u00c9quipe"}]},{"@type":"WebSite","@id":"https:\/\/www.massageexperts.ca\/montrealgriffintown\/#website","url":"https:\/\/www.massageexperts.ca\/montrealgriffintown\/","name":"Montr\u00e9al Griffintown","description":"Your SUPER-powered WP Engine Site","publisher":{"@id":"https:\/\/www.massageexperts.ca\/montrealgriffintown\/#organization"},"potentialAction":[{"@type":"SearchAction","target":{"@type":"EntryPoint","urlTemplate":"https:\/\/www.massageexperts.ca\/montrealgriffintown\/?s={search_term_string}"},"query-input":{"@type":"PropertyValueSpecification","valueRequired":true,"valueName":"search_term_string"}}],"inLanguage":"fr-FR"},{"@type":"Organization","@id":"https:\/\/www.massageexperts.ca\/montrealgriffintown\/#organization","name":"Montr\u00e9al Griffintown","url":"https:\/\/www.massageexperts.ca\/montrealgriffintown\/","logo":{"@type":"ImageObject","inLanguage":"fr-FR","@id":"https:\/\/www.massageexperts.ca\/montrealgriffintown\/#\/schema\/logo\/image\/","url":"https:\/\/www.massageexperts.ca\/montrealgriffintown\/wp-content\/uploads\/sites\/8\/2024\/07\/Logo-EN.svg","contentUrl":"https:\/\/www.massageexperts.ca\/montrealgriffintown\/wp-content\/uploads\/sites\/8\/2024\/07\/Logo-EN.svg","caption":"Montr\u00e9al Griffintown"},"image":{"@id":"https:\/\/www.massageexperts.ca\/montrealgriffintown\/#\/schema\/logo\/image\/"}}]}},"featured_image_src":null,"featured_image_src_square":null,"_links":{"self":[{"href":"https:\/\/www.massageexperts.ca\/montrealgriffintown\/fr\/wp-json\/wp\/v2\/pages\/721","targetHints":{"allow":["GET"]}}],"collection":[{"href":"https:\/\/www.massageexperts.ca\/montrealgriffintown\/fr\/wp-json\/wp\/v2\/pages"}],"about":[{"href":"https:\/\/www.massageexperts.ca\/montrealgriffintown\/fr\/wp-json\/wp\/v2\/types\/page"}],"author":[{"embeddable":true,"href":"https:\/\/www.massageexperts.ca\/montrealgriffintown\/fr\/wp-json\/wp\/v2\/users\/1"}],"replies":[{"embeddable":true,"href":"https:\/\/www.massageexperts.ca\/montrealgriffintown\/fr\/wp-json\/wp\/v2\/comments?post=721"}],"version-history":[{"count":0,"href":"https:\/\/www.massageexperts.ca\/montrealgriffintown\/fr\/wp-json\/wp\/v2\/pages\/721\/revisions"}],"wp:attachment":[{"href":"https:\/\/www.massageexperts.ca\/montrealgriffintown\/fr\/wp-json\/wp\/v2\/media?parent=721"}],"curies":[{"name":"wp","href":"https:\/\/api.w.org\/{rel}","templated":true}]}}