{"id":691,"date":"2024-06-30T23:12:16","date_gmt":"2024-06-30T23:12:16","guid":{"rendered":"https:\/\/www.massageexperts.ca\/montrealcartierville\/massage-experts-offers-direct-billing\/"},"modified":"2024-08-06T16:14:39","modified_gmt":"2024-08-06T16:14:39","slug":"assurance","status":"publish","type":"page","link":"https:\/\/www.massageexperts.ca\/montrealcartierville\/fr\/assurance\/","title":{"rendered":"Massage Experts offre des re\u00e7us d\u2019assurance !"},"content":{"rendered":"\n<h3 class=\"wp-block-heading\">Massage Experts aide \u00e0 soulager les tensions musculaires et le stress financier ! Nous offrons des re\u00e7us d\u2019assurance pour votre service de massage th\u00e9rapeutique !<\/h3>\n\n\n\n<p>La massoth\u00e9rapie est couverte par plusieurs r\u00e9gimes d\u2019assurance collective des employ\u00e9s au Qu\u00e9bec. Beaucoup de gens ne le savent pas, donc une grande partie de leurs prestations d\u2019assurance durement gagn\u00e9es reste inutilis\u00e9e. Ces avantages ne peuvent pas \u00eatre report\u00e9s d\u2019une ann\u00e9e sur l\u2019autre, ils sont donc tout simplement perdus. La vie est stressante et notre corps porte tant de stress et de tension en lui ; vous m\u00e9ritez d\u2019utiliser ces bienfaits du massage. Ils vous aident \u00e0 vous sentir mieux, sans d\u00e9pendre uniquement de l\u2019utilisation de m\u00e9dicaments.<\/p>\n\n\n\n<p>Les prestations d\u2019assurance sont disponibles dans le cadre d\u2019un certain nombre de polices collectives. Parce que nous offrons des massoth\u00e9rapeutes autoris\u00e9s qui r\u00e9pondent aux besoins des associations de massage reconnues de leur province, nous pouvons alors vous offrir des re\u00e7us d\u2019assurance pour vos visites. Votre visite de massage, en conjonction avec vos prestations d\u2019assurance, peut \u00eatre inf\u00e9rieure au co\u00fbt de votre Venti latt\u00e9 quotidien ! De nombreuses polices d\u2019assurance couvrent 80 \u00e0 100 % par visite.<\/p>\n\n\n\n<p>La police de chaque compagnie d\u2019assurance est diff\u00e9rente; certains peuvent offrir un remboursement, d\u2019autres non. D\u2019autres n\u00e9cessitent une note du m\u00e9decin, d\u2019autres non. Il vous appartient de v\u00e9rifier ces informations aupr\u00e8s de votre employeur ou de votre assureur avant de supposer que la massoth\u00e9rapie peut \u00eatre couverte par votre r\u00e9gime.<\/p>\n\n\n\n<h3 class=\"wp-block-heading\">Pour vous renseigner sur vos prestations, contactez votre prestataire :<\/h3>\n\n\n\n<ul class=\"wp-block-list\">\n<li>Croix Bleue (www.croixbleue.ca)<\/li>\n\n\n\n<li>Canada-Vie (1-800-957-9777)<\/li>\n\n\n\n<li>R\u00e9gime d\u2019assurance collective des chambres de commerce (1-800-665-3365)<\/li>\n\n\n\n<li>CINUP (1-800-665-1234)<\/li>\n\n\n\n<li>Groupe Co-operators Lt\u00e9e (1-800-265-2662)<\/li>\n\n\n\n<li>Cowan (1-888-509-7797)<\/li>\n\n\n\n<li>Desjardins (1-800-463-7843) **<\/li>\n\n\n\n<li>\u00c9quitable du Canada (1-800-265-4556)<\/li>\n\n\n\n<li>La corporation First Canadian&nbsp; (1-800-561-3242)<\/li>\n\n\n\n<li>Green Shield Canada (1-888-711-1119)<\/li>\n\n\n\n<li>Industrielle Alliance Assurance (1-877-422-6487)<\/li>\n\n\n\n<li>Johnson Inc. (1-866-773-5467)<\/li>\n\n\n\n<li>Groupe Johnston (1-800-893-7587)<\/li>\n\n\n\n<li>Manion (1-800-263-5621)<\/li>\n\n\n\n<li>Manuvie (1-866-407-7878) ***<\/li>\n\n\n\n<li>Avantage maximum (1-800-893-7587)<\/li>\n\n\n\n<li>NexgenRx (1-866-424-0257)<\/li>\n\n\n\n<li>SSQ Assurance (1-888-651-8181)<\/li>\n\n\n\n<li>Financi\u00e8re Sun Life (1 855-301-4786)<\/li>\n<\/ul>\n\n\n\n<p><strong>Vous voudrez demander \u00e0 votre assureur ou \u00e0 votre employeur :<\/strong><\/p>\n\n\n\n<ul class=\"wp-block-list\">\n<li>Combien \u00eates-vous couvert annuellement ?<\/li>\n\n\n\n<li>Y a-t-il une franchise que vous devriez conna\u00eetre ?<\/li>\n\n\n\n<li>Combien \u00eates-vous couvert par traitement ?<\/li>\n\n\n\n<li>Avez-vous besoin d\u2019une note m\u00e9dicale annuelle ?<\/li>\n\n\n\n<li>Votre plan propose-t-il la facturation directe ou devez-vous soumettre les re\u00e7us vous-m\u00eame&nbsp;?<\/li>\n<\/ul>\n\n\n\n<p><strong>Veuillez noter :<\/strong><\/p>\n\n\n\n<ul class=\"wp-block-list\">\n<li>Il est de votre responsabilit\u00e9 de conna\u00eetre le montant disponible de votre couverture et de suivre les soldes de cette couverture. Pour des raisons de confidentialit\u00e9, les compagnies d\u2019assurance ne partagent pas avec nous vos soldes.<\/li>\n\n\n\n<li>Nous ne sommes pas en mesure de v\u00e9rifier les soldes, les relev\u00e9s, les limites et les politiques de votre r\u00e9gime d\u2019assurance.<\/li>\n<\/ul>\n","protected":false},"excerpt":{"rendered":"<p>Massage Experts aide \u00e0 soulager les tensions musculaires et le stress financier ! Nous offrons des re\u00e7us d\u2019assurance pour votre service de massage th\u00e9rapeutique ! La massoth\u00e9rapie est couverte par plusieurs r\u00e9gimes d\u2019assurance collective des employ\u00e9s au Qu\u00e9bec. Beaucoup de gens ne le savent pas, donc une grande partie de leurs prestations d\u2019assurance durement gagn\u00e9es [&#8230;]<\/p>\n<p><a class=\"btn btn-secondary understrap-read-more-link\" href=\"https:\/\/www.massageexperts.ca\/montrealcartierville\/fr\/assurance\/\">Lire la suite\u2026<span class=\"screen-reader-text\"> from Massage Experts offre des re\u00e7us d\u2019assurance !<\/span><\/a><\/p>\n","protected":false},"author":1,"featured_media":0,"parent":0,"menu_order":0,"comment_status":"closed","ping_status":"closed","template":"","meta":{"footnotes":""},"class_list":["post-691","page","type-page","status-publish","hentry"],"yoast_head":"<!-- This site is optimized with the Yoast SEO plugin v27.3 - https:\/\/yoast.com\/product\/yoast-seo-wordpress\/ -->\n<title>Massage Experts offre des re\u00e7us d\u2019assurance ! | Massage Experts Montr\u00e9al Cartierville<\/title>\n<meta name=\"description\" content=\"Massage Experts help ease the muscle tension, and the financial stress!\u00a0We offer insurance direct billing for your therapeutic massage service!\" \/>\n<meta name=\"robots\" content=\"index, follow, max-snippet:-1, max-image-preview:large, max-video-preview:-1\" \/>\n<link rel=\"canonical\" href=\"https:\/\/www.massageexperts.ca\/montrealcartierville\/fr\/assurance\/\" \/>\n<meta property=\"og:locale\" content=\"fr_FR\" \/>\n<meta property=\"og:type\" content=\"article\" \/>\n<meta property=\"og:title\" content=\"Massage Experts offre des re\u00e7us d\u2019assurance ! | Massage Experts Montr\u00e9al Cartierville\" \/>\n<meta property=\"og:description\" content=\"Massage Experts help ease the muscle tension, and the financial stress!\u00a0We offer insurance direct billing for your therapeutic massage service!\" \/>\n<meta property=\"og:url\" content=\"https:\/\/www.massageexperts.ca\/montrealcartierville\/fr\/assurance\/\" \/>\n<meta property=\"og:site_name\" content=\"Montr\u00e9al Cartierville\" \/>\n<meta property=\"article:modified_time\" content=\"2024-08-06T16:14:39+00:00\" \/>\n<meta name=\"twitter:card\" content=\"summary_large_image\" \/>\n<meta name=\"twitter:label1\" content=\"Dur\u00e9e de lecture estim\u00e9e\" \/>\n\t<meta name=\"twitter:data1\" content=\"2 minutes\" \/>\n<script type=\"application\/ld+json\" class=\"yoast-schema-graph\">{\"@context\":\"https:\\\/\\\/schema.org\",\"@graph\":[{\"@type\":\"WebPage\",\"@id\":\"https:\\\/\\\/www.massageexperts.ca\\\/montrealcartierville\\\/fr\\\/assurance\\\/\",\"url\":\"https:\\\/\\\/www.massageexperts.ca\\\/montrealcartierville\\\/fr\\\/assurance\\\/\",\"name\":\"Massage Experts offre des re\u00e7us d\u2019assurance ! | Massage Experts Montr\u00e9al Cartierville\",\"isPartOf\":{\"@id\":\"https:\\\/\\\/www.massageexperts.ca\\\/montrealcartierville\\\/#website\"},\"datePublished\":\"2024-06-30T23:12:16+00:00\",\"dateModified\":\"2024-08-06T16:14:39+00:00\",\"description\":\"Massage Experts help ease the muscle tension, and the financial stress!\u00a0We offer insurance direct billing for your therapeutic massage service!\",\"breadcrumb\":{\"@id\":\"https:\\\/\\\/www.massageexperts.ca\\\/montrealcartierville\\\/fr\\\/assurance\\\/#breadcrumb\"},\"inLanguage\":\"fr-FR\",\"potentialAction\":[{\"@type\":\"ReadAction\",\"target\":[\"https:\\\/\\\/www.massageexperts.ca\\\/montrealcartierville\\\/fr\\\/assurance\\\/\"]}]},{\"@type\":\"BreadcrumbList\",\"@id\":\"https:\\\/\\\/www.massageexperts.ca\\\/montrealcartierville\\\/fr\\\/assurance\\\/#breadcrumb\",\"itemListElement\":[{\"@type\":\"ListItem\",\"position\":1,\"name\":\"Home\",\"item\":\"https:\\\/\\\/www.massageexperts.ca\\\/montrealcartierville\\\/fr\\\/\"},{\"@type\":\"ListItem\",\"position\":2,\"name\":\"Massage Experts offre des re\u00e7us d\u2019assurance !\"}]},{\"@type\":\"WebSite\",\"@id\":\"https:\\\/\\\/www.massageexperts.ca\\\/montrealcartierville\\\/#website\",\"url\":\"https:\\\/\\\/www.massageexperts.ca\\\/montrealcartierville\\\/\",\"name\":\"Montr\u00e9al Cartierville\",\"description\":\"Your SUPER-powered WP Engine Site\",\"publisher\":{\"@id\":\"https:\\\/\\\/www.massageexperts.ca\\\/montrealcartierville\\\/#organization\"},\"potentialAction\":[{\"@type\":\"SearchAction\",\"target\":{\"@type\":\"EntryPoint\",\"urlTemplate\":\"https:\\\/\\\/www.massageexperts.ca\\\/montrealcartierville\\\/?s={search_term_string}\"},\"query-input\":{\"@type\":\"PropertyValueSpecification\",\"valueRequired\":true,\"valueName\":\"search_term_string\"}}],\"inLanguage\":\"fr-FR\"},{\"@type\":\"Organization\",\"@id\":\"https:\\\/\\\/www.massageexperts.ca\\\/montrealcartierville\\\/#organization\",\"name\":\"Montr\u00e9al Cartierville\",\"url\":\"https:\\\/\\\/www.massageexperts.ca\\\/montrealcartierville\\\/\",\"logo\":{\"@type\":\"ImageObject\",\"inLanguage\":\"fr-FR\",\"@id\":\"https:\\\/\\\/www.massageexperts.ca\\\/montrealcartierville\\\/#\\\/schema\\\/logo\\\/image\\\/\",\"url\":\"https:\\\/\\\/www.massageexperts.ca\\\/montrealcartierville\\\/wp-content\\\/uploads\\\/sites\\\/7\\\/2024\\\/07\\\/Logo-EN.svg\",\"contentUrl\":\"https:\\\/\\\/www.massageexperts.ca\\\/montrealcartierville\\\/wp-content\\\/uploads\\\/sites\\\/7\\\/2024\\\/07\\\/Logo-EN.svg\",\"caption\":\"Montr\u00e9al Cartierville\"},\"image\":{\"@id\":\"https:\\\/\\\/www.massageexperts.ca\\\/montrealcartierville\\\/#\\\/schema\\\/logo\\\/image\\\/\"}}]}<\/script>\n<!-- \/ Yoast SEO plugin. -->","yoast_head_json":{"title":"Massage Experts offre des re\u00e7us d\u2019assurance ! | Massage Experts Montr\u00e9al Cartierville","description":"Massage Experts help ease the muscle tension, and the financial stress!\u00a0We offer insurance direct billing for your therapeutic massage service!","robots":{"index":"index","follow":"follow","max-snippet":"max-snippet:-1","max-image-preview":"max-image-preview:large","max-video-preview":"max-video-preview:-1"},"canonical":"https:\/\/www.massageexperts.ca\/montrealcartierville\/fr\/assurance\/","og_locale":"fr_FR","og_type":"article","og_title":"Massage Experts offre des re\u00e7us d\u2019assurance ! | Massage Experts Montr\u00e9al Cartierville","og_description":"Massage Experts help ease the muscle tension, and the financial stress!\u00a0We offer insurance direct billing for your therapeutic massage service!","og_url":"https:\/\/www.massageexperts.ca\/montrealcartierville\/fr\/assurance\/","og_site_name":"Montr\u00e9al Cartierville","article_modified_time":"2024-08-06T16:14:39+00:00","twitter_card":"summary_large_image","twitter_misc":{"Dur\u00e9e de lecture estim\u00e9e":"2 minutes"},"schema":{"@context":"https:\/\/schema.org","@graph":[{"@type":"WebPage","@id":"https:\/\/www.massageexperts.ca\/montrealcartierville\/fr\/assurance\/","url":"https:\/\/www.massageexperts.ca\/montrealcartierville\/fr\/assurance\/","name":"Massage Experts offre des re\u00e7us d\u2019assurance ! | Massage Experts Montr\u00e9al Cartierville","isPartOf":{"@id":"https:\/\/www.massageexperts.ca\/montrealcartierville\/#website"},"datePublished":"2024-06-30T23:12:16+00:00","dateModified":"2024-08-06T16:14:39+00:00","description":"Massage Experts help ease the muscle tension, and the financial stress!\u00a0We offer insurance direct billing for your therapeutic massage service!","breadcrumb":{"@id":"https:\/\/www.massageexperts.ca\/montrealcartierville\/fr\/assurance\/#breadcrumb"},"inLanguage":"fr-FR","potentialAction":[{"@type":"ReadAction","target":["https:\/\/www.massageexperts.ca\/montrealcartierville\/fr\/assurance\/"]}]},{"@type":"BreadcrumbList","@id":"https:\/\/www.massageexperts.ca\/montrealcartierville\/fr\/assurance\/#breadcrumb","itemListElement":[{"@type":"ListItem","position":1,"name":"Home","item":"https:\/\/www.massageexperts.ca\/montrealcartierville\/fr\/"},{"@type":"ListItem","position":2,"name":"Massage Experts offre des re\u00e7us d\u2019assurance !"}]},{"@type":"WebSite","@id":"https:\/\/www.massageexperts.ca\/montrealcartierville\/#website","url":"https:\/\/www.massageexperts.ca\/montrealcartierville\/","name":"Montr\u00e9al Cartierville","description":"Your SUPER-powered WP Engine Site","publisher":{"@id":"https:\/\/www.massageexperts.ca\/montrealcartierville\/#organization"},"potentialAction":[{"@type":"SearchAction","target":{"@type":"EntryPoint","urlTemplate":"https:\/\/www.massageexperts.ca\/montrealcartierville\/?s={search_term_string}"},"query-input":{"@type":"PropertyValueSpecification","valueRequired":true,"valueName":"search_term_string"}}],"inLanguage":"fr-FR"},{"@type":"Organization","@id":"https:\/\/www.massageexperts.ca\/montrealcartierville\/#organization","name":"Montr\u00e9al Cartierville","url":"https:\/\/www.massageexperts.ca\/montrealcartierville\/","logo":{"@type":"ImageObject","inLanguage":"fr-FR","@id":"https:\/\/www.massageexperts.ca\/montrealcartierville\/#\/schema\/logo\/image\/","url":"https:\/\/www.massageexperts.ca\/montrealcartierville\/wp-content\/uploads\/sites\/7\/2024\/07\/Logo-EN.svg","contentUrl":"https:\/\/www.massageexperts.ca\/montrealcartierville\/wp-content\/uploads\/sites\/7\/2024\/07\/Logo-EN.svg","caption":"Montr\u00e9al Cartierville"},"image":{"@id":"https:\/\/www.massageexperts.ca\/montrealcartierville\/#\/schema\/logo\/image\/"}}]}},"featured_image_src":null,"featured_image_src_square":null,"_links":{"self":[{"href":"https:\/\/www.massageexperts.ca\/montrealcartierville\/fr\/wp-json\/wp\/v2\/pages\/691","targetHints":{"allow":["GET"]}}],"collection":[{"href":"https:\/\/www.massageexperts.ca\/montrealcartierville\/fr\/wp-json\/wp\/v2\/pages"}],"about":[{"href":"https:\/\/www.massageexperts.ca\/montrealcartierville\/fr\/wp-json\/wp\/v2\/types\/page"}],"author":[{"embeddable":true,"href":"https:\/\/www.massageexperts.ca\/montrealcartierville\/fr\/wp-json\/wp\/v2\/users\/1"}],"replies":[{"embeddable":true,"href":"https:\/\/www.massageexperts.ca\/montrealcartierville\/fr\/wp-json\/wp\/v2\/comments?post=691"}],"version-history":[{"count":0,"href":"https:\/\/www.massageexperts.ca\/montrealcartierville\/fr\/wp-json\/wp\/v2\/pages\/691\/revisions"}],"wp:attachment":[{"href":"https:\/\/www.massageexperts.ca\/montrealcartierville\/fr\/wp-json\/wp\/v2\/media?parent=691"}],"curies":[{"name":"wp","href":"https:\/\/api.w.org\/{rel}","templated":true}]}}