{"id":681,"date":"2024-02-10T21:43:12","date_gmt":"2024-02-10T21:43:12","guid":{"rendered":"https:\/\/www.massageexperts.ca\/montrealcartierville\/enjoy-the-best-massage-therapy-in\/"},"modified":"2024-08-12T22:52:21","modified_gmt":"2024-08-12T22:52:21","slug":"traitements","status":"publish","type":"page","link":"https:\/\/www.massageexperts.ca\/montrealcartierville\/fr\/traitements\/","title":{"rendered":"Profitez de la meilleure massoth\u00e9rapie \u00e0"},"content":{"rendered":"\n<p>Il existe une vari\u00e9t\u00e9 de techniques de massage dont vous et les v\u00f4tres puissiez profiter pour vous permettre de vous sentir mieux. Le massage peut favoriser la gu\u00e9rison de la douleur et de l\u2019inconfort. Le massage peut aussi favoriser la relaxation et le sentiment de bien-\u00eatre. Chez Massage Experts, nos massoth\u00e9rapeutes certifi\u00e9s sont sp\u00e9cialement form\u00e9s pour r\u00e9pondre aux besoins de votre corps.<\/p>\n","protected":false},"excerpt":{"rendered":"<p>Il existe une vari\u00e9t\u00e9 de techniques de massage dont vous et les v\u00f4tres puissiez profiter pour vous permettre de vous sentir mieux. Le massage peut favoriser la gu\u00e9rison de la douleur et de l\u2019inconfort. Le massage peut aussi favoriser la relaxation et le sentiment de bien-\u00eatre. Chez Massage Experts, nos massoth\u00e9rapeutes certifi\u00e9s sont sp\u00e9cialement form\u00e9s [&#8230;]<\/p>\n<p><a class=\"btn btn-secondary understrap-read-more-link\" href=\"https:\/\/www.massageexperts.ca\/montrealcartierville\/fr\/traitements\/\">Lire la suite\u2026<span class=\"screen-reader-text\"> from Profitez de la meilleure massoth\u00e9rapie \u00e0<\/span><\/a><\/p>\n","protected":false},"author":1,"featured_media":0,"parent":0,"menu_order":0,"comment_status":"closed","ping_status":"closed","template":"page-local-services.php","meta":{"footnotes":""},"class_list":["post-681","page","type-page","status-publish","hentry"],"yoast_head":"<!-- This site is optimized with the Yoast SEO plugin v27.3 - https:\/\/yoast.com\/product\/yoast-seo-wordpress\/ -->\n<title>Profitez de la meilleure massoth\u00e9rapie \u00e0 | Massage Experts Montr\u00e9al Cartierville<\/title>\n<meta name=\"description\" content=\"There are a variety of massage techniques for you and yours to enjoy and feel better by. Massage can promote healing from pain and discomfort, and massage can promote relaxation and wellness within.\u00a0\" \/>\n<meta name=\"robots\" content=\"index, follow, max-snippet:-1, max-image-preview:large, max-video-preview:-1\" \/>\n<link rel=\"canonical\" href=\"https:\/\/www.massageexperts.ca\/montrealcartierville\/fr\/traitements\/\" \/>\n<meta property=\"og:locale\" content=\"fr_FR\" \/>\n<meta property=\"og:type\" content=\"article\" \/>\n<meta property=\"og:title\" content=\"Profitez de la meilleure massoth\u00e9rapie \u00e0 | Massage Experts Montr\u00e9al Cartierville\" \/>\n<meta property=\"og:description\" content=\"There are a variety of massage techniques for you and yours to enjoy and feel better by. Massage can promote healing from pain and discomfort, and massage can promote relaxation and wellness within.\u00a0\" \/>\n<meta property=\"og:url\" content=\"https:\/\/www.massageexperts.ca\/montrealcartierville\/fr\/traitements\/\" \/>\n<meta property=\"og:site_name\" content=\"Montr\u00e9al Cartierville\" \/>\n<meta property=\"article:modified_time\" content=\"2024-08-12T22:52:21+00:00\" \/>\n<meta name=\"twitter:card\" content=\"summary_large_image\" \/>\n<meta name=\"twitter:label1\" content=\"Dur\u00e9e de lecture estim\u00e9e\" \/>\n\t<meta name=\"twitter:data1\" content=\"1 minute\" \/>\n<script type=\"application\/ld+json\" class=\"yoast-schema-graph\">{\"@context\":\"https:\\\/\\\/schema.org\",\"@graph\":[{\"@type\":\"WebPage\",\"@id\":\"https:\\\/\\\/www.massageexperts.ca\\\/montrealcartierville\\\/fr\\\/traitements\\\/\",\"url\":\"https:\\\/\\\/www.massageexperts.ca\\\/montrealcartierville\\\/fr\\\/traitements\\\/\",\"name\":\"Profitez de la meilleure massoth\u00e9rapie \u00e0 | Massage Experts Montr\u00e9al Cartierville\",\"isPartOf\":{\"@id\":\"https:\\\/\\\/www.massageexperts.ca\\\/montrealcartierville\\\/#website\"},\"datePublished\":\"2024-02-10T21:43:12+00:00\",\"dateModified\":\"2024-08-12T22:52:21+00:00\",\"description\":\"There are a variety of massage techniques for you and yours to enjoy and feel better by. Massage can promote healing from pain and discomfort, and massage can promote relaxation and wellness within.\u00a0\",\"breadcrumb\":{\"@id\":\"https:\\\/\\\/www.massageexperts.ca\\\/montrealcartierville\\\/fr\\\/traitements\\\/#breadcrumb\"},\"inLanguage\":\"fr-FR\",\"potentialAction\":[{\"@type\":\"ReadAction\",\"target\":[\"https:\\\/\\\/www.massageexperts.ca\\\/montrealcartierville\\\/fr\\\/traitements\\\/\"]}]},{\"@type\":\"BreadcrumbList\",\"@id\":\"https:\\\/\\\/www.massageexperts.ca\\\/montrealcartierville\\\/fr\\\/traitements\\\/#breadcrumb\",\"itemListElement\":[{\"@type\":\"ListItem\",\"position\":1,\"name\":\"Home\",\"item\":\"https:\\\/\\\/www.massageexperts.ca\\\/montrealcartierville\\\/fr\\\/\"},{\"@type\":\"ListItem\",\"position\":2,\"name\":\"Profitez de la meilleure massoth\u00e9rapie \u00e0\"}]},{\"@type\":\"WebSite\",\"@id\":\"https:\\\/\\\/www.massageexperts.ca\\\/montrealcartierville\\\/#website\",\"url\":\"https:\\\/\\\/www.massageexperts.ca\\\/montrealcartierville\\\/\",\"name\":\"Montr\u00e9al Cartierville\",\"description\":\"Your SUPER-powered WP Engine Site\",\"publisher\":{\"@id\":\"https:\\\/\\\/www.massageexperts.ca\\\/montrealcartierville\\\/#organization\"},\"potentialAction\":[{\"@type\":\"SearchAction\",\"target\":{\"@type\":\"EntryPoint\",\"urlTemplate\":\"https:\\\/\\\/www.massageexperts.ca\\\/montrealcartierville\\\/?s={search_term_string}\"},\"query-input\":{\"@type\":\"PropertyValueSpecification\",\"valueRequired\":true,\"valueName\":\"search_term_string\"}}],\"inLanguage\":\"fr-FR\"},{\"@type\":\"Organization\",\"@id\":\"https:\\\/\\\/www.massageexperts.ca\\\/montrealcartierville\\\/#organization\",\"name\":\"Montr\u00e9al Cartierville\",\"url\":\"https:\\\/\\\/www.massageexperts.ca\\\/montrealcartierville\\\/\",\"logo\":{\"@type\":\"ImageObject\",\"inLanguage\":\"fr-FR\",\"@id\":\"https:\\\/\\\/www.massageexperts.ca\\\/montrealcartierville\\\/#\\\/schema\\\/logo\\\/image\\\/\",\"url\":\"https:\\\/\\\/www.massageexperts.ca\\\/montrealcartierville\\\/wp-content\\\/uploads\\\/sites\\\/7\\\/2024\\\/07\\\/Logo-EN.svg\",\"contentUrl\":\"https:\\\/\\\/www.massageexperts.ca\\\/montrealcartierville\\\/wp-content\\\/uploads\\\/sites\\\/7\\\/2024\\\/07\\\/Logo-EN.svg\",\"caption\":\"Montr\u00e9al Cartierville\"},\"image\":{\"@id\":\"https:\\\/\\\/www.massageexperts.ca\\\/montrealcartierville\\\/#\\\/schema\\\/logo\\\/image\\\/\"}}]}<\/script>\n<!-- \/ Yoast SEO plugin. -->","yoast_head_json":{"title":"Profitez de la meilleure massoth\u00e9rapie \u00e0 | Massage Experts Montr\u00e9al Cartierville","description":"There are a variety of massage techniques for you and yours to enjoy and feel better by. Massage can promote healing from pain and discomfort, and massage can promote relaxation and wellness within.\u00a0","robots":{"index":"index","follow":"follow","max-snippet":"max-snippet:-1","max-image-preview":"max-image-preview:large","max-video-preview":"max-video-preview:-1"},"canonical":"https:\/\/www.massageexperts.ca\/montrealcartierville\/fr\/traitements\/","og_locale":"fr_FR","og_type":"article","og_title":"Profitez de la meilleure massoth\u00e9rapie \u00e0 | Massage Experts Montr\u00e9al Cartierville","og_description":"There are a variety of massage techniques for you and yours to enjoy and feel better by. Massage can promote healing from pain and discomfort, and massage can promote relaxation and wellness within.\u00a0","og_url":"https:\/\/www.massageexperts.ca\/montrealcartierville\/fr\/traitements\/","og_site_name":"Montr\u00e9al Cartierville","article_modified_time":"2024-08-12T22:52:21+00:00","twitter_card":"summary_large_image","twitter_misc":{"Dur\u00e9e de lecture estim\u00e9e":"1 minute"},"schema":{"@context":"https:\/\/schema.org","@graph":[{"@type":"WebPage","@id":"https:\/\/www.massageexperts.ca\/montrealcartierville\/fr\/traitements\/","url":"https:\/\/www.massageexperts.ca\/montrealcartierville\/fr\/traitements\/","name":"Profitez de la meilleure massoth\u00e9rapie \u00e0 | Massage Experts Montr\u00e9al Cartierville","isPartOf":{"@id":"https:\/\/www.massageexperts.ca\/montrealcartierville\/#website"},"datePublished":"2024-02-10T21:43:12+00:00","dateModified":"2024-08-12T22:52:21+00:00","description":"There are a variety of massage techniques for you and yours to enjoy and feel better by. Massage can promote healing from pain and discomfort, and massage can promote relaxation and wellness within.\u00a0","breadcrumb":{"@id":"https:\/\/www.massageexperts.ca\/montrealcartierville\/fr\/traitements\/#breadcrumb"},"inLanguage":"fr-FR","potentialAction":[{"@type":"ReadAction","target":["https:\/\/www.massageexperts.ca\/montrealcartierville\/fr\/traitements\/"]}]},{"@type":"BreadcrumbList","@id":"https:\/\/www.massageexperts.ca\/montrealcartierville\/fr\/traitements\/#breadcrumb","itemListElement":[{"@type":"ListItem","position":1,"name":"Home","item":"https:\/\/www.massageexperts.ca\/montrealcartierville\/fr\/"},{"@type":"ListItem","position":2,"name":"Profitez de la meilleure massoth\u00e9rapie \u00e0"}]},{"@type":"WebSite","@id":"https:\/\/www.massageexperts.ca\/montrealcartierville\/#website","url":"https:\/\/www.massageexperts.ca\/montrealcartierville\/","name":"Montr\u00e9al Cartierville","description":"Your SUPER-powered WP Engine Site","publisher":{"@id":"https:\/\/www.massageexperts.ca\/montrealcartierville\/#organization"},"potentialAction":[{"@type":"SearchAction","target":{"@type":"EntryPoint","urlTemplate":"https:\/\/www.massageexperts.ca\/montrealcartierville\/?s={search_term_string}"},"query-input":{"@type":"PropertyValueSpecification","valueRequired":true,"valueName":"search_term_string"}}],"inLanguage":"fr-FR"},{"@type":"Organization","@id":"https:\/\/www.massageexperts.ca\/montrealcartierville\/#organization","name":"Montr\u00e9al Cartierville","url":"https:\/\/www.massageexperts.ca\/montrealcartierville\/","logo":{"@type":"ImageObject","inLanguage":"fr-FR","@id":"https:\/\/www.massageexperts.ca\/montrealcartierville\/#\/schema\/logo\/image\/","url":"https:\/\/www.massageexperts.ca\/montrealcartierville\/wp-content\/uploads\/sites\/7\/2024\/07\/Logo-EN.svg","contentUrl":"https:\/\/www.massageexperts.ca\/montrealcartierville\/wp-content\/uploads\/sites\/7\/2024\/07\/Logo-EN.svg","caption":"Montr\u00e9al Cartierville"},"image":{"@id":"https:\/\/www.massageexperts.ca\/montrealcartierville\/#\/schema\/logo\/image\/"}}]}},"featured_image_src":null,"featured_image_src_square":null,"_links":{"self":[{"href":"https:\/\/www.massageexperts.ca\/montrealcartierville\/fr\/wp-json\/wp\/v2\/pages\/681","targetHints":{"allow":["GET"]}}],"collection":[{"href":"https:\/\/www.massageexperts.ca\/montrealcartierville\/fr\/wp-json\/wp\/v2\/pages"}],"about":[{"href":"https:\/\/www.massageexperts.ca\/montrealcartierville\/fr\/wp-json\/wp\/v2\/types\/page"}],"author":[{"embeddable":true,"href":"https:\/\/www.massageexperts.ca\/montrealcartierville\/fr\/wp-json\/wp\/v2\/users\/1"}],"replies":[{"embeddable":true,"href":"https:\/\/www.massageexperts.ca\/montrealcartierville\/fr\/wp-json\/wp\/v2\/comments?post=681"}],"version-history":[{"count":0,"href":"https:\/\/www.massageexperts.ca\/montrealcartierville\/fr\/wp-json\/wp\/v2\/pages\/681\/revisions"}],"wp:attachment":[{"href":"https:\/\/www.massageexperts.ca\/montrealcartierville\/fr\/wp-json\/wp\/v2\/media?parent=681"}],"curies":[{"name":"wp","href":"https:\/\/api.w.org\/{rel}","templated":true}]}}