{"id":629,"date":"2024-02-14T03:23:54","date_gmt":"2024-02-14T03:23:54","guid":{"rendered":"https:\/\/www.massageexperts.ca\/montrealcartierville\/meet-our-team\/"},"modified":"2024-08-06T16:14:49","modified_gmt":"2024-08-06T16:14:49","slug":"notre-equipe","status":"publish","type":"page","link":"https:\/\/www.massageexperts.ca\/montrealcartierville\/fr\/notre-equipe\/","title":{"rendered":"Notre \u00c9quipe"},"content":{"rendered":"\n<p>Nos Massoth\u00e9rapeutes Certifi\u00e9s et notre \u00e9quipe d\u2019administration sont choisis avec soin pour leurs comp\u00e9tences et leur personnalit\u00e9 amicale. Chaque Th\u00e9rapeute est membre d\u2019une association reconnue au Qu\u00e9bec. Nous ajoutons \u00e0 leur statut d\u2019experts en investissant dans la formation continue, ce qui am\u00e9liore encore leurs capacit\u00e9s.\u00a0<strong>Nous croyons en notre \u00e9quipe<\/strong>\u00a0et \u00e7a se voit. Notre objectif est de vous offrir une exp\u00e9rience de massoth\u00e9rapie d\u2019experts, dans une atmosph\u00e8re accueillante, \u00e0 un prix assurant la\u00a0<strong>tranquillit\u00e9 d\u2019esprit<\/strong>. Nous voulons vous offrir la meilleure exp\u00e9rience de massage possible. Si vous avez des questions, adressez-vous \u00e0 l\u2019un des sympathiques membres de notre personnel \u00e0 la r\u00e9ception ou parlez \u00e0 votre Th\u00e9rapeute.<\/p>\n","protected":false},"excerpt":{"rendered":"<p>Nos Massoth\u00e9rapeutes Certifi\u00e9s et notre \u00e9quipe d\u2019administration sont choisis avec soin pour leurs comp\u00e9tences et leur personnalit\u00e9 amicale. Chaque Th\u00e9rapeute est membre d\u2019une association reconnue au Qu\u00e9bec. Nous ajoutons \u00e0 leur statut d\u2019experts en investissant dans la formation continue, ce qui am\u00e9liore encore leurs capacit\u00e9s.\u00a0Nous croyons en notre \u00e9quipe\u00a0et \u00e7a se voit. Notre objectif est [&#8230;]<\/p>\n<p><a class=\"btn btn-secondary understrap-read-more-link\" href=\"https:\/\/www.massageexperts.ca\/montrealcartierville\/fr\/notre-equipe\/\">Lire la suite\u2026<span class=\"screen-reader-text\"> from Notre \u00c9quipe<\/span><\/a><\/p>\n","protected":false},"author":1,"featured_media":0,"parent":0,"menu_order":0,"comment_status":"closed","ping_status":"closed","template":"page-local-team.php","meta":{"footnotes":""},"class_list":["post-629","page","type-page","status-publish","hentry"],"yoast_head":"<!-- This site is optimized with the Yoast SEO plugin v27.3 - https:\/\/yoast.com\/product\/yoast-seo-wordpress\/ -->\n<title>Notre \u00c9quipe | Massage Experts Montr\u00e9al Cartierville<\/title>\n<meta name=\"description\" content=\"Nos massoth\u00e9rapeutes sont\u00a0soigneusement choisis\u00a0pour leurs comp\u00e9tences expertes et leur personnalit\u00e9 amicale.\" \/>\n<meta name=\"robots\" content=\"index, follow, max-snippet:-1, max-image-preview:large, max-video-preview:-1\" \/>\n<link rel=\"canonical\" href=\"https:\/\/www.massageexperts.ca\/montrealcartierville\/fr\/notre-equipe\/\" \/>\n<meta property=\"og:locale\" content=\"fr_FR\" \/>\n<meta property=\"og:type\" content=\"article\" \/>\n<meta property=\"og:title\" content=\"Notre \u00c9quipe | Massage Experts Montr\u00e9al Cartierville\" \/>\n<meta property=\"og:description\" content=\"Nos massoth\u00e9rapeutes sont\u00a0soigneusement choisis\u00a0pour leurs comp\u00e9tences expertes et leur personnalit\u00e9 amicale.\" \/>\n<meta property=\"og:url\" content=\"https:\/\/www.massageexperts.ca\/montrealcartierville\/fr\/notre-equipe\/\" \/>\n<meta property=\"og:site_name\" content=\"Montr\u00e9al Cartierville\" \/>\n<meta property=\"article:modified_time\" content=\"2024-08-06T16:14:49+00:00\" \/>\n<meta name=\"twitter:card\" content=\"summary_large_image\" \/>\n<meta name=\"twitter:label1\" content=\"Dur\u00e9e de lecture estim\u00e9e\" \/>\n\t<meta name=\"twitter:data1\" content=\"1 minute\" \/>\n<script type=\"application\/ld+json\" class=\"yoast-schema-graph\">{\"@context\":\"https:\\\/\\\/schema.org\",\"@graph\":[{\"@type\":\"WebPage\",\"@id\":\"https:\\\/\\\/www.massageexperts.ca\\\/montrealcartierville\\\/fr\\\/notre-equipe\\\/\",\"url\":\"https:\\\/\\\/www.massageexperts.ca\\\/montrealcartierville\\\/fr\\\/notre-equipe\\\/\",\"name\":\"Notre \u00c9quipe | Massage Experts Montr\u00e9al Cartierville\",\"isPartOf\":{\"@id\":\"https:\\\/\\\/www.massageexperts.ca\\\/montrealcartierville\\\/#website\"},\"datePublished\":\"2024-02-14T03:23:54+00:00\",\"dateModified\":\"2024-08-06T16:14:49+00:00\",\"description\":\"Nos massoth\u00e9rapeutes sont\u00a0soigneusement choisis\u00a0pour leurs comp\u00e9tences expertes et leur personnalit\u00e9 amicale.\",\"breadcrumb\":{\"@id\":\"https:\\\/\\\/www.massageexperts.ca\\\/montrealcartierville\\\/fr\\\/notre-equipe\\\/#breadcrumb\"},\"inLanguage\":\"fr-FR\",\"potentialAction\":[{\"@type\":\"ReadAction\",\"target\":[\"https:\\\/\\\/www.massageexperts.ca\\\/montrealcartierville\\\/fr\\\/notre-equipe\\\/\"]}]},{\"@type\":\"BreadcrumbList\",\"@id\":\"https:\\\/\\\/www.massageexperts.ca\\\/montrealcartierville\\\/fr\\\/notre-equipe\\\/#breadcrumb\",\"itemListElement\":[{\"@type\":\"ListItem\",\"position\":1,\"name\":\"Home\",\"item\":\"https:\\\/\\\/www.massageexperts.ca\\\/montrealcartierville\\\/fr\\\/\"},{\"@type\":\"ListItem\",\"position\":2,\"name\":\"Notre \u00c9quipe\"}]},{\"@type\":\"WebSite\",\"@id\":\"https:\\\/\\\/www.massageexperts.ca\\\/montrealcartierville\\\/#website\",\"url\":\"https:\\\/\\\/www.massageexperts.ca\\\/montrealcartierville\\\/\",\"name\":\"Montr\u00e9al Cartierville\",\"description\":\"Your SUPER-powered WP Engine Site\",\"publisher\":{\"@id\":\"https:\\\/\\\/www.massageexperts.ca\\\/montrealcartierville\\\/#organization\"},\"potentialAction\":[{\"@type\":\"SearchAction\",\"target\":{\"@type\":\"EntryPoint\",\"urlTemplate\":\"https:\\\/\\\/www.massageexperts.ca\\\/montrealcartierville\\\/?s={search_term_string}\"},\"query-input\":{\"@type\":\"PropertyValueSpecification\",\"valueRequired\":true,\"valueName\":\"search_term_string\"}}],\"inLanguage\":\"fr-FR\"},{\"@type\":\"Organization\",\"@id\":\"https:\\\/\\\/www.massageexperts.ca\\\/montrealcartierville\\\/#organization\",\"name\":\"Montr\u00e9al Cartierville\",\"url\":\"https:\\\/\\\/www.massageexperts.ca\\\/montrealcartierville\\\/\",\"logo\":{\"@type\":\"ImageObject\",\"inLanguage\":\"fr-FR\",\"@id\":\"https:\\\/\\\/www.massageexperts.ca\\\/montrealcartierville\\\/#\\\/schema\\\/logo\\\/image\\\/\",\"url\":\"https:\\\/\\\/www.massageexperts.ca\\\/montrealcartierville\\\/wp-content\\\/uploads\\\/sites\\\/7\\\/2024\\\/07\\\/Logo-EN.svg\",\"contentUrl\":\"https:\\\/\\\/www.massageexperts.ca\\\/montrealcartierville\\\/wp-content\\\/uploads\\\/sites\\\/7\\\/2024\\\/07\\\/Logo-EN.svg\",\"caption\":\"Montr\u00e9al Cartierville\"},\"image\":{\"@id\":\"https:\\\/\\\/www.massageexperts.ca\\\/montrealcartierville\\\/#\\\/schema\\\/logo\\\/image\\\/\"}}]}<\/script>\n<!-- \/ Yoast SEO plugin. -->","yoast_head_json":{"title":"Notre \u00c9quipe | Massage Experts Montr\u00e9al Cartierville","description":"Nos massoth\u00e9rapeutes sont\u00a0soigneusement choisis\u00a0pour leurs comp\u00e9tences expertes et leur personnalit\u00e9 amicale.","robots":{"index":"index","follow":"follow","max-snippet":"max-snippet:-1","max-image-preview":"max-image-preview:large","max-video-preview":"max-video-preview:-1"},"canonical":"https:\/\/www.massageexperts.ca\/montrealcartierville\/fr\/notre-equipe\/","og_locale":"fr_FR","og_type":"article","og_title":"Notre \u00c9quipe | Massage Experts Montr\u00e9al Cartierville","og_description":"Nos massoth\u00e9rapeutes sont\u00a0soigneusement choisis\u00a0pour leurs comp\u00e9tences expertes et leur personnalit\u00e9 amicale.","og_url":"https:\/\/www.massageexperts.ca\/montrealcartierville\/fr\/notre-equipe\/","og_site_name":"Montr\u00e9al Cartierville","article_modified_time":"2024-08-06T16:14:49+00:00","twitter_card":"summary_large_image","twitter_misc":{"Dur\u00e9e de lecture estim\u00e9e":"1 minute"},"schema":{"@context":"https:\/\/schema.org","@graph":[{"@type":"WebPage","@id":"https:\/\/www.massageexperts.ca\/montrealcartierville\/fr\/notre-equipe\/","url":"https:\/\/www.massageexperts.ca\/montrealcartierville\/fr\/notre-equipe\/","name":"Notre \u00c9quipe | Massage Experts Montr\u00e9al Cartierville","isPartOf":{"@id":"https:\/\/www.massageexperts.ca\/montrealcartierville\/#website"},"datePublished":"2024-02-14T03:23:54+00:00","dateModified":"2024-08-06T16:14:49+00:00","description":"Nos massoth\u00e9rapeutes sont\u00a0soigneusement choisis\u00a0pour leurs comp\u00e9tences expertes et leur personnalit\u00e9 amicale.","breadcrumb":{"@id":"https:\/\/www.massageexperts.ca\/montrealcartierville\/fr\/notre-equipe\/#breadcrumb"},"inLanguage":"fr-FR","potentialAction":[{"@type":"ReadAction","target":["https:\/\/www.massageexperts.ca\/montrealcartierville\/fr\/notre-equipe\/"]}]},{"@type":"BreadcrumbList","@id":"https:\/\/www.massageexperts.ca\/montrealcartierville\/fr\/notre-equipe\/#breadcrumb","itemListElement":[{"@type":"ListItem","position":1,"name":"Home","item":"https:\/\/www.massageexperts.ca\/montrealcartierville\/fr\/"},{"@type":"ListItem","position":2,"name":"Notre \u00c9quipe"}]},{"@type":"WebSite","@id":"https:\/\/www.massageexperts.ca\/montrealcartierville\/#website","url":"https:\/\/www.massageexperts.ca\/montrealcartierville\/","name":"Montr\u00e9al Cartierville","description":"Your SUPER-powered WP Engine Site","publisher":{"@id":"https:\/\/www.massageexperts.ca\/montrealcartierville\/#organization"},"potentialAction":[{"@type":"SearchAction","target":{"@type":"EntryPoint","urlTemplate":"https:\/\/www.massageexperts.ca\/montrealcartierville\/?s={search_term_string}"},"query-input":{"@type":"PropertyValueSpecification","valueRequired":true,"valueName":"search_term_string"}}],"inLanguage":"fr-FR"},{"@type":"Organization","@id":"https:\/\/www.massageexperts.ca\/montrealcartierville\/#organization","name":"Montr\u00e9al Cartierville","url":"https:\/\/www.massageexperts.ca\/montrealcartierville\/","logo":{"@type":"ImageObject","inLanguage":"fr-FR","@id":"https:\/\/www.massageexperts.ca\/montrealcartierville\/#\/schema\/logo\/image\/","url":"https:\/\/www.massageexperts.ca\/montrealcartierville\/wp-content\/uploads\/sites\/7\/2024\/07\/Logo-EN.svg","contentUrl":"https:\/\/www.massageexperts.ca\/montrealcartierville\/wp-content\/uploads\/sites\/7\/2024\/07\/Logo-EN.svg","caption":"Montr\u00e9al Cartierville"},"image":{"@id":"https:\/\/www.massageexperts.ca\/montrealcartierville\/#\/schema\/logo\/image\/"}}]}},"featured_image_src":null,"featured_image_src_square":null,"_links":{"self":[{"href":"https:\/\/www.massageexperts.ca\/montrealcartierville\/fr\/wp-json\/wp\/v2\/pages\/629","targetHints":{"allow":["GET"]}}],"collection":[{"href":"https:\/\/www.massageexperts.ca\/montrealcartierville\/fr\/wp-json\/wp\/v2\/pages"}],"about":[{"href":"https:\/\/www.massageexperts.ca\/montrealcartierville\/fr\/wp-json\/wp\/v2\/types\/page"}],"author":[{"embeddable":true,"href":"https:\/\/www.massageexperts.ca\/montrealcartierville\/fr\/wp-json\/wp\/v2\/users\/1"}],"replies":[{"embeddable":true,"href":"https:\/\/www.massageexperts.ca\/montrealcartierville\/fr\/wp-json\/wp\/v2\/comments?post=629"}],"version-history":[{"count":0,"href":"https:\/\/www.massageexperts.ca\/montrealcartierville\/fr\/wp-json\/wp\/v2\/pages\/629\/revisions"}],"wp:attachment":[{"href":"https:\/\/www.massageexperts.ca\/montrealcartierville\/fr\/wp-json\/wp\/v2\/media?parent=629"}],"curies":[{"name":"wp","href":"https:\/\/api.w.org\/{rel}","templated":true}]}}