{"id":623,"date":"2024-02-10T21:30:06","date_gmt":"2024-02-10T21:30:06","guid":{"rendered":"https:\/\/www.massageexperts.ca\/montrealcartierville\/become-a-member\/"},"modified":"2025-02-14T20:28:06","modified_gmt":"2025-02-14T20:28:06","slug":"club-mex","status":"publish","type":"page","link":"https:\/\/www.massageexperts.ca\/montrealcartierville\/fr\/club-mex\/","title":{"rendered":"Club MEx"},"content":{"rendered":"\n<h1 class=\"wp-block-heading has-large-font-size\"><strong>Devenez membre du&nbsp;Club MEx<\/strong><\/h1>\n\n\n\n<p>Enfin, une adh\u00e9sion comportant des avantages que vous utiliserez R\u00c9ELLEMENT!<\/p>\n\n\n\n<p>Avec le programme GRATUIT Club MEx, Massage Experts vous permet de b\u00e9n\u00e9ficier facilement des avantages de l\u2019adh\u00e9sion<\/p>\n\n\n\n<p>Vous profiterez d\u2019importantes \u00e9conomies:<\/p>\n\n\n\n<ul class=\"wp-block-list\">\n<li>\u00c9conomisez 20,00 $ sur un traitement de 60 minutes)<\/li>\n\n\n\n<li>\u00c9conomisez 30$ sur un traitement de 90 minutes<\/li>\n\n\n\n<li>\u00c9conomisez 40$ sur un traitement de 120 minutes<\/li>\n\n\n\n<li>15% de r\u00e9duction sur les produits au d\u00e9tail<\/li>\n\n\n\n<li>Remise sp\u00e9ciale de 10$ le jour de votre anniversaire<\/li>\n\n\n\n<li>Prix pour les membres associ\u00e9s \u00e9gal aux v\u00f4tre<\/li>\n<\/ul>\n\n\n\n<p>Augmentez votre budget personnel et d\u2019assurance. Visite mensuelle ou plus. Pas de contrat \u00e0 long terme.<\/p>\n\n\n\n<p>Si vous voulez un massage mensuel, il n\u2019y a pas de meilleure fa\u00e7on de profiter de services d\u2019experts, avec les prix que vous m\u00e9ritez.&nbsp;<strong>Le Club MEx<\/strong>&nbsp;vous donne la tranquillit\u00e9 d\u2019esprit financi\u00e8re pour g\u00e9rer votre budget de massage et utiliser vos avantages en assurance de massoth\u00e9rapie.<\/p>\n\n\n\n<p class=\"has-large-font-size\"><strong>La famille et les amis sont importants !<\/strong><\/p>\n\n\n\n<p>L\u2019un des SUPER avantages de devenir membre du&nbsp;<strong>Club MEx<\/strong>&nbsp;est la possibilit\u00e9 pour votre famille et vos amis de profiter des m\u00eames services que vous. Lorsque vos adh\u00e9rez, vous pouvez ajouter 3 Membres Associ\u00e9s \u00e0 votre compte, qui b\u00e9n\u00e9ficieront des m\u00eames r\u00e9ductions que vous. Aucun engagement ou contrat suppl\u00e9mentaire n\u2019est requis pour eux. Ils profitent du Club MEx \u00e0 leurs loisir et \u00e0 leurs convenance, sans obligation mensuelle. Cela signifie que tout le monde peut se d\u00e9tendre et profiter des services de nos Experts!<\/p>\n\n\n\n<p class=\"has-large-font-size\"><strong>Comment fonctionne l\u2019adh\u00e9sion:<\/strong><\/p>\n\n\n\n<ul class=\"wp-block-list\">\n<li>&nbsp;Visitez nous une fois par mois, ou plus, et b\u00e9n\u00e9ficiez de tarifs pr\u00e9f\u00e9rentiels sur tous les services que nous offrons. Il n\u2019y a pas de limite au nombre de traitements que vous pouvez obtenir au tarif pr\u00e9f\u00e9rentiel.<\/li>\n\n\n\n<li>&nbsp;Le 1<sup>er<\/sup>&nbsp;jour du mois, un cr\u00e9dit de traitement pr\u00e9pay\u00e9 sera pr\u00e9levv\u00e9 sur votre carte de cr\u00e9dit. Le cr\u00e9dit est l\u2019\u00e9quivalent d\u2019un traitement de 60minutes au tarif membre actuel, plus les taxes applicables.<\/li>\n\n\n\n<li>&nbsp;Au cours du mois, venez recevoir un Traitement et payer par ce cr\u00e9dit<\/li>\n\n\n\n<li>Vous recevrez un re\u00e7u d\u2019assurance pour ce traitement<\/li>\n\n\n\n<li>&nbsp;Avec Club MEx, rien n\u2019est perdu, votre compte demeure accessible.<\/li>\n\n\n\n<li>&nbsp;L\u2019annulation se fait simplement avec un pr\u00e9avis de 30 jours et un cr\u00e9dit de traitement suppl\u00e9mentaire pr\u00e9pay\u00e9.<\/li>\n<\/ul>\n\n\n\n<p class=\"has-large-font-size\"><strong>R\u00e9servation avec le tarif Club MEx<\/strong><\/p>\n\n\n\n<ul class=\"wp-block-list\">\n<li>Le Club MEx propose des tarifs mensuels pr\u00e9f\u00e9rentiels qui ne doivent \u00eatre r\u00e9serv\u00e9s que par les membres. La r\u00e9servation en ligne du tarif membre n\u2019entra\u00eene pas l\u2019adh\u00e9sion au Club MEx. Pour devenir membre, vous devez signer le formulaire d\u2019adh\u00e9sion et ajouter une carte de cr\u00e9dit \u00e0 votre profil client. Inscrivez-vous dans votre clinique locale \u00e0 notre programme d\u2019adh\u00e9sion mensuelle GRATUIT et recevez des prix exclusifs sur les massages, les articles de vente au d\u00e9tail et plus encore !<\/li>\n<\/ul>\n","protected":false},"excerpt":{"rendered":"<p>Devenez membre du&nbsp;Club MEx Enfin, une adh\u00e9sion comportant des avantages que vous utiliserez R\u00c9ELLEMENT! Avec le programme GRATUIT Club MEx, Massage Experts vous permet de b\u00e9n\u00e9ficier facilement des avantages de l\u2019adh\u00e9sion Vous profiterez d\u2019importantes \u00e9conomies: Augmentez votre budget personnel et d\u2019assurance. Visite mensuelle ou plus. Pas de contrat \u00e0 long terme. Si vous voulez un [&#8230;]<\/p>\n<p><a class=\"btn btn-secondary understrap-read-more-link\" href=\"https:\/\/www.massageexperts.ca\/montrealcartierville\/fr\/club-mex\/\">Lire la suite\u2026<span class=\"screen-reader-text\"> from Club MEx<\/span><\/a><\/p>\n","protected":false},"author":1,"featured_media":0,"parent":0,"menu_order":0,"comment_status":"closed","ping_status":"closed","template":"page-local-titleless.php","meta":{"footnotes":""},"class_list":["post-623","page","type-page","status-publish","hentry"],"yoast_head":"<!-- This site is optimized with the Yoast SEO plugin v27.3 - https:\/\/yoast.com\/product\/yoast-seo-wordpress\/ -->\n<title>Club MEx | Massage Experts Montr\u00e9al Cartierville<\/title>\n<meta name=\"robots\" content=\"index, follow, max-snippet:-1, max-image-preview:large, max-video-preview:-1\" \/>\n<link rel=\"canonical\" href=\"https:\/\/www.massageexperts.ca\/montrealcartierville\/fr\/club-mex\/\" \/>\n<meta property=\"og:locale\" content=\"fr_FR\" \/>\n<meta property=\"og:type\" content=\"article\" \/>\n<meta property=\"og:title\" content=\"Club MEx | Massage Experts Montr\u00e9al Cartierville\" \/>\n<meta property=\"og:description\" content=\"Devenez membre du&nbsp;Club MEx Enfin, une adh\u00e9sion comportant des avantages que vous utiliserez R\u00c9ELLEMENT! Avec le programme GRATUIT Club MEx, Massage Experts vous permet de b\u00e9n\u00e9ficier facilement des avantages de l\u2019adh\u00e9sion Vous profiterez d\u2019importantes \u00e9conomies: Augmentez votre budget personnel et d\u2019assurance. Visite mensuelle ou plus. Pas de contrat \u00e0 long terme. Si vous voulez un [...]Lire la suite\u2026 from Club MEx\" \/>\n<meta property=\"og:url\" content=\"https:\/\/www.massageexperts.ca\/montrealcartierville\/fr\/club-mex\/\" \/>\n<meta property=\"og:site_name\" content=\"Montr\u00e9al Cartierville\" \/>\n<meta property=\"article:modified_time\" content=\"2025-02-14T20:28:06+00:00\" \/>\n<meta name=\"twitter:card\" content=\"summary_large_image\" \/>\n<meta name=\"twitter:label1\" content=\"Dur\u00e9e de lecture estim\u00e9e\" \/>\n\t<meta name=\"twitter:data1\" content=\"2 minutes\" \/>\n<script type=\"application\/ld+json\" class=\"yoast-schema-graph\">{\"@context\":\"https:\\\/\\\/schema.org\",\"@graph\":[{\"@type\":\"WebPage\",\"@id\":\"https:\\\/\\\/www.massageexperts.ca\\\/montrealcartierville\\\/fr\\\/club-mex\\\/\",\"url\":\"https:\\\/\\\/www.massageexperts.ca\\\/montrealcartierville\\\/fr\\\/club-mex\\\/\",\"name\":\"Club MEx | Massage Experts Montr\u00e9al Cartierville\",\"isPartOf\":{\"@id\":\"https:\\\/\\\/www.massageexperts.ca\\\/montrealcartierville\\\/#website\"},\"datePublished\":\"2024-02-10T21:30:06+00:00\",\"dateModified\":\"2025-02-14T20:28:06+00:00\",\"breadcrumb\":{\"@id\":\"https:\\\/\\\/www.massageexperts.ca\\\/montrealcartierville\\\/fr\\\/club-mex\\\/#breadcrumb\"},\"inLanguage\":\"fr-FR\",\"potentialAction\":[{\"@type\":\"ReadAction\",\"target\":[\"https:\\\/\\\/www.massageexperts.ca\\\/montrealcartierville\\\/fr\\\/club-mex\\\/\"]}]},{\"@type\":\"BreadcrumbList\",\"@id\":\"https:\\\/\\\/www.massageexperts.ca\\\/montrealcartierville\\\/fr\\\/club-mex\\\/#breadcrumb\",\"itemListElement\":[{\"@type\":\"ListItem\",\"position\":1,\"name\":\"Home\",\"item\":\"https:\\\/\\\/www.massageexperts.ca\\\/montrealcartierville\\\/fr\\\/\"},{\"@type\":\"ListItem\",\"position\":2,\"name\":\"Club MEx\"}]},{\"@type\":\"WebSite\",\"@id\":\"https:\\\/\\\/www.massageexperts.ca\\\/montrealcartierville\\\/#website\",\"url\":\"https:\\\/\\\/www.massageexperts.ca\\\/montrealcartierville\\\/\",\"name\":\"Montr\u00e9al Cartierville\",\"description\":\"Your SUPER-powered WP Engine Site\",\"publisher\":{\"@id\":\"https:\\\/\\\/www.massageexperts.ca\\\/montrealcartierville\\\/#organization\"},\"potentialAction\":[{\"@type\":\"SearchAction\",\"target\":{\"@type\":\"EntryPoint\",\"urlTemplate\":\"https:\\\/\\\/www.massageexperts.ca\\\/montrealcartierville\\\/?s={search_term_string}\"},\"query-input\":{\"@type\":\"PropertyValueSpecification\",\"valueRequired\":true,\"valueName\":\"search_term_string\"}}],\"inLanguage\":\"fr-FR\"},{\"@type\":\"Organization\",\"@id\":\"https:\\\/\\\/www.massageexperts.ca\\\/montrealcartierville\\\/#organization\",\"name\":\"Montr\u00e9al Cartierville\",\"url\":\"https:\\\/\\\/www.massageexperts.ca\\\/montrealcartierville\\\/\",\"logo\":{\"@type\":\"ImageObject\",\"inLanguage\":\"fr-FR\",\"@id\":\"https:\\\/\\\/www.massageexperts.ca\\\/montrealcartierville\\\/#\\\/schema\\\/logo\\\/image\\\/\",\"url\":\"https:\\\/\\\/www.massageexperts.ca\\\/montrealcartierville\\\/wp-content\\\/uploads\\\/sites\\\/7\\\/2024\\\/07\\\/Logo-EN.svg\",\"contentUrl\":\"https:\\\/\\\/www.massageexperts.ca\\\/montrealcartierville\\\/wp-content\\\/uploads\\\/sites\\\/7\\\/2024\\\/07\\\/Logo-EN.svg\",\"caption\":\"Montr\u00e9al Cartierville\"},\"image\":{\"@id\":\"https:\\\/\\\/www.massageexperts.ca\\\/montrealcartierville\\\/#\\\/schema\\\/logo\\\/image\\\/\"}}]}<\/script>\n<!-- \/ Yoast SEO plugin. -->","yoast_head_json":{"title":"Club MEx | Massage Experts Montr\u00e9al Cartierville","robots":{"index":"index","follow":"follow","max-snippet":"max-snippet:-1","max-image-preview":"max-image-preview:large","max-video-preview":"max-video-preview:-1"},"canonical":"https:\/\/www.massageexperts.ca\/montrealcartierville\/fr\/club-mex\/","og_locale":"fr_FR","og_type":"article","og_title":"Club MEx | Massage Experts Montr\u00e9al Cartierville","og_description":"Devenez membre du&nbsp;Club MEx Enfin, une adh\u00e9sion comportant des avantages que vous utiliserez R\u00c9ELLEMENT! Avec le programme GRATUIT Club MEx, Massage Experts vous permet de b\u00e9n\u00e9ficier facilement des avantages de l\u2019adh\u00e9sion Vous profiterez d\u2019importantes \u00e9conomies: Augmentez votre budget personnel et d\u2019assurance. Visite mensuelle ou plus. Pas de contrat \u00e0 long terme. Si vous voulez un [...]Lire la suite\u2026 from Club MEx","og_url":"https:\/\/www.massageexperts.ca\/montrealcartierville\/fr\/club-mex\/","og_site_name":"Montr\u00e9al Cartierville","article_modified_time":"2025-02-14T20:28:06+00:00","twitter_card":"summary_large_image","twitter_misc":{"Dur\u00e9e de lecture estim\u00e9e":"2 minutes"},"schema":{"@context":"https:\/\/schema.org","@graph":[{"@type":"WebPage","@id":"https:\/\/www.massageexperts.ca\/montrealcartierville\/fr\/club-mex\/","url":"https:\/\/www.massageexperts.ca\/montrealcartierville\/fr\/club-mex\/","name":"Club MEx | Massage Experts Montr\u00e9al Cartierville","isPartOf":{"@id":"https:\/\/www.massageexperts.ca\/montrealcartierville\/#website"},"datePublished":"2024-02-10T21:30:06+00:00","dateModified":"2025-02-14T20:28:06+00:00","breadcrumb":{"@id":"https:\/\/www.massageexperts.ca\/montrealcartierville\/fr\/club-mex\/#breadcrumb"},"inLanguage":"fr-FR","potentialAction":[{"@type":"ReadAction","target":["https:\/\/www.massageexperts.ca\/montrealcartierville\/fr\/club-mex\/"]}]},{"@type":"BreadcrumbList","@id":"https:\/\/www.massageexperts.ca\/montrealcartierville\/fr\/club-mex\/#breadcrumb","itemListElement":[{"@type":"ListItem","position":1,"name":"Home","item":"https:\/\/www.massageexperts.ca\/montrealcartierville\/fr\/"},{"@type":"ListItem","position":2,"name":"Club MEx"}]},{"@type":"WebSite","@id":"https:\/\/www.massageexperts.ca\/montrealcartierville\/#website","url":"https:\/\/www.massageexperts.ca\/montrealcartierville\/","name":"Montr\u00e9al Cartierville","description":"Your SUPER-powered WP Engine Site","publisher":{"@id":"https:\/\/www.massageexperts.ca\/montrealcartierville\/#organization"},"potentialAction":[{"@type":"SearchAction","target":{"@type":"EntryPoint","urlTemplate":"https:\/\/www.massageexperts.ca\/montrealcartierville\/?s={search_term_string}"},"query-input":{"@type":"PropertyValueSpecification","valueRequired":true,"valueName":"search_term_string"}}],"inLanguage":"fr-FR"},{"@type":"Organization","@id":"https:\/\/www.massageexperts.ca\/montrealcartierville\/#organization","name":"Montr\u00e9al Cartierville","url":"https:\/\/www.massageexperts.ca\/montrealcartierville\/","logo":{"@type":"ImageObject","inLanguage":"fr-FR","@id":"https:\/\/www.massageexperts.ca\/montrealcartierville\/#\/schema\/logo\/image\/","url":"https:\/\/www.massageexperts.ca\/montrealcartierville\/wp-content\/uploads\/sites\/7\/2024\/07\/Logo-EN.svg","contentUrl":"https:\/\/www.massageexperts.ca\/montrealcartierville\/wp-content\/uploads\/sites\/7\/2024\/07\/Logo-EN.svg","caption":"Montr\u00e9al Cartierville"},"image":{"@id":"https:\/\/www.massageexperts.ca\/montrealcartierville\/#\/schema\/logo\/image\/"}}]}},"featured_image_src":null,"featured_image_src_square":null,"_links":{"self":[{"href":"https:\/\/www.massageexperts.ca\/montrealcartierville\/fr\/wp-json\/wp\/v2\/pages\/623","targetHints":{"allow":["GET"]}}],"collection":[{"href":"https:\/\/www.massageexperts.ca\/montrealcartierville\/fr\/wp-json\/wp\/v2\/pages"}],"about":[{"href":"https:\/\/www.massageexperts.ca\/montrealcartierville\/fr\/wp-json\/wp\/v2\/types\/page"}],"author":[{"embeddable":true,"href":"https:\/\/www.massageexperts.ca\/montrealcartierville\/fr\/wp-json\/wp\/v2\/users\/1"}],"replies":[{"embeddable":true,"href":"https:\/\/www.massageexperts.ca\/montrealcartierville\/fr\/wp-json\/wp\/v2\/comments?post=623"}],"version-history":[{"count":0,"href":"https:\/\/www.massageexperts.ca\/montrealcartierville\/fr\/wp-json\/wp\/v2\/pages\/623\/revisions"}],"wp:attachment":[{"href":"https:\/\/www.massageexperts.ca\/montrealcartierville\/fr\/wp-json\/wp\/v2\/media?parent=623"}],"curies":[{"name":"wp","href":"https:\/\/api.w.org\/{rel}","templated":true}]}}