{"id":677,"date":"2024-06-25T18:08:42","date_gmt":"2024-06-25T18:08:42","guid":{"rendered":"https:\/\/www.massageexperts.ca\/lavalchomedey\/careers\/"},"modified":"2024-08-06T16:05:03","modified_gmt":"2024-08-06T16:05:03","slug":"carrieres","status":"publish","type":"page","link":"https:\/\/www.massageexperts.ca\/lavalchomedey\/fr\/carrieres\/","title":{"rendered":"Carri\u00e8res"},"content":{"rendered":"\n<h2 class=\"wp-block-heading\">Une occasion de carri\u00e8re gratifiante vous attend<\/h2>\n\n\n\n<p>Massage Experts offre des options de traitement th\u00e9rapeutique \u00e0 travers le Canada depuis plus d&rsquo;une d\u00e9cennie. Puisque la massoth\u00e9rapie peut soulager un large \u00e9ventail de conditions, nous sommes \u00e0 la recherche de professionnels passionn\u00e9s par l&rsquo;id\u00e9e de faire une diff\u00e9rence significative dans la vie de nos clients.<\/p>\n\n\n\n<p>Notre mission est simple : Offrir des traitements de massoth\u00e9rapie professionnels dans une atmosph\u00e8re accueillante et \u00e0 un prix permettant de garder l&rsquo;esprit tranquille. Nous y parvenons en embauchant le bon personnel pour les bons postes. Nos cliniques sont chaleureuses, invitantes et relaxantes pour nos clients, et nous nous effor\u00e7ons \u00e9galement de cr\u00e9er un environnement amical et accueillant pour notre \u00e9quipe.<\/p>\n\n\n\n<figure class=\"wp-block-image size-full\"><img loading=\"lazy\" decoding=\"async\" width=\"569\" height=\"412\" src=\"https:\/\/www.massageexperts.ca\/lavalchomedey\/wp-content\/uploads\/sites\/6\/2024\/06\/hands.png\" alt=\"\" class=\"wp-image-191\" srcset=\"https:\/\/www.massageexperts.ca\/lavalchomedey\/wp-content\/uploads\/sites\/6\/2024\/06\/hands.png 569w, https:\/\/www.massageexperts.ca\/lavalchomedey\/wp-content\/uploads\/sites\/6\/2024\/06\/hands-300x217.png 300w\" sizes=\"auto, (max-width: 569px) 100vw, 569px\" \/><\/figure>\n","protected":false},"excerpt":{"rendered":"<p>Une occasion de carri\u00e8re gratifiante vous attend Massage Experts offre des options de traitement th\u00e9rapeutique \u00e0 travers le Canada depuis plus d&rsquo;une d\u00e9cennie. Puisque la massoth\u00e9rapie peut soulager un large \u00e9ventail de conditions, nous sommes \u00e0 la recherche de professionnels passionn\u00e9s par l&rsquo;id\u00e9e de faire une diff\u00e9rence significative dans la vie de nos clients. Notre [&#8230;]<\/p>\n<p><a class=\"btn btn-secondary understrap-read-more-link\" href=\"https:\/\/www.massageexperts.ca\/lavalchomedey\/fr\/carrieres\/\">Lire la suite\u2026<span class=\"screen-reader-text\"> from Carri\u00e8res<\/span><\/a><\/p>\n","protected":false},"author":1,"featured_media":0,"parent":0,"menu_order":0,"comment_status":"closed","ping_status":"closed","template":"page-local-recruitment.php","meta":{"footnotes":""},"class_list":["post-677","page","type-page","status-publish","hentry"],"yoast_head":"<!-- This site is optimized with the Yoast SEO plugin v27.3 - https:\/\/yoast.com\/product\/yoast-seo-wordpress\/ -->\n<title>Carri\u00e8res | Massage Experts Laval Chomedey<\/title>\n<meta name=\"robots\" content=\"index, follow, max-snippet:-1, max-image-preview:large, max-video-preview:-1\" \/>\n<link rel=\"canonical\" href=\"https:\/\/www.massageexperts.ca\/lavalchomedey\/fr\/carrieres\/\" \/>\n<meta property=\"og:locale\" content=\"fr_FR\" \/>\n<meta property=\"og:type\" content=\"article\" \/>\n<meta property=\"og:title\" content=\"Carri\u00e8res | Massage Experts Laval Chomedey\" \/>\n<meta property=\"og:description\" content=\"Une occasion de carri\u00e8re gratifiante vous attend Massage Experts offre des options de traitement th\u00e9rapeutique \u00e0 travers le Canada depuis plus d&rsquo;une d\u00e9cennie. Puisque la massoth\u00e9rapie peut soulager un large \u00e9ventail de conditions, nous sommes \u00e0 la recherche de professionnels passionn\u00e9s par l&rsquo;id\u00e9e de faire une diff\u00e9rence significative dans la vie de nos clients. Notre [...]Lire la suite\u2026 from Carri\u00e8res\" \/>\n<meta property=\"og:url\" content=\"https:\/\/www.massageexperts.ca\/lavalchomedey\/fr\/carrieres\/\" \/>\n<meta property=\"og:site_name\" content=\"Laval Chomedey\" \/>\n<meta property=\"article:modified_time\" content=\"2024-08-06T16:05:03+00:00\" \/>\n<meta property=\"og:image\" content=\"https:\/\/www.massageexperts.ca\/lavalchomedey\/wp-content\/uploads\/sites\/6\/2024\/06\/hands.png\" \/>\n<meta name=\"twitter:card\" content=\"summary_large_image\" \/>\n<script type=\"application\/ld+json\" class=\"yoast-schema-graph\">{\"@context\":\"https:\\\/\\\/schema.org\",\"@graph\":[{\"@type\":\"WebPage\",\"@id\":\"https:\\\/\\\/www.massageexperts.ca\\\/lavalchomedey\\\/fr\\\/carrieres\\\/\",\"url\":\"https:\\\/\\\/www.massageexperts.ca\\\/lavalchomedey\\\/fr\\\/carrieres\\\/\",\"name\":\"Carri\u00e8res | Massage Experts Laval Chomedey\",\"isPartOf\":{\"@id\":\"https:\\\/\\\/www.massageexperts.ca\\\/lavalchomedey\\\/#website\"},\"primaryImageOfPage\":{\"@id\":\"https:\\\/\\\/www.massageexperts.ca\\\/lavalchomedey\\\/fr\\\/carrieres\\\/#primaryimage\"},\"image\":{\"@id\":\"https:\\\/\\\/www.massageexperts.ca\\\/lavalchomedey\\\/fr\\\/carrieres\\\/#primaryimage\"},\"thumbnailUrl\":\"https:\\\/\\\/www.massageexperts.ca\\\/lavalchomedey\\\/wp-content\\\/uploads\\\/sites\\\/6\\\/2024\\\/06\\\/hands.png\",\"datePublished\":\"2024-06-25T18:08:42+00:00\",\"dateModified\":\"2024-08-06T16:05:03+00:00\",\"breadcrumb\":{\"@id\":\"https:\\\/\\\/www.massageexperts.ca\\\/lavalchomedey\\\/fr\\\/carrieres\\\/#breadcrumb\"},\"inLanguage\":\"fr-FR\",\"potentialAction\":[{\"@type\":\"ReadAction\",\"target\":[\"https:\\\/\\\/www.massageexperts.ca\\\/lavalchomedey\\\/fr\\\/carrieres\\\/\"]}]},{\"@type\":\"ImageObject\",\"inLanguage\":\"fr-FR\",\"@id\":\"https:\\\/\\\/www.massageexperts.ca\\\/lavalchomedey\\\/fr\\\/carrieres\\\/#primaryimage\",\"url\":\"https:\\\/\\\/www.massageexperts.ca\\\/lavalchomedey\\\/wp-content\\\/uploads\\\/sites\\\/6\\\/2024\\\/06\\\/hands.png\",\"contentUrl\":\"https:\\\/\\\/www.massageexperts.ca\\\/lavalchomedey\\\/wp-content\\\/uploads\\\/sites\\\/6\\\/2024\\\/06\\\/hands.png\"},{\"@type\":\"BreadcrumbList\",\"@id\":\"https:\\\/\\\/www.massageexperts.ca\\\/lavalchomedey\\\/fr\\\/carrieres\\\/#breadcrumb\",\"itemListElement\":[{\"@type\":\"ListItem\",\"position\":1,\"name\":\"Home\",\"item\":\"https:\\\/\\\/www.massageexperts.ca\\\/lavalchomedey\\\/fr\\\/\"},{\"@type\":\"ListItem\",\"position\":2,\"name\":\"Carri\u00e8res\"}]},{\"@type\":\"WebSite\",\"@id\":\"https:\\\/\\\/www.massageexperts.ca\\\/lavalchomedey\\\/#website\",\"url\":\"https:\\\/\\\/www.massageexperts.ca\\\/lavalchomedey\\\/\",\"name\":\"Laval Chomedey\",\"description\":\"Massage Experts Laval Chomedey\",\"publisher\":{\"@id\":\"https:\\\/\\\/www.massageexperts.ca\\\/lavalchomedey\\\/#organization\"},\"potentialAction\":[{\"@type\":\"SearchAction\",\"target\":{\"@type\":\"EntryPoint\",\"urlTemplate\":\"https:\\\/\\\/www.massageexperts.ca\\\/lavalchomedey\\\/?s={search_term_string}\"},\"query-input\":{\"@type\":\"PropertyValueSpecification\",\"valueRequired\":true,\"valueName\":\"search_term_string\"}}],\"inLanguage\":\"fr-FR\"},{\"@type\":\"Organization\",\"@id\":\"https:\\\/\\\/www.massageexperts.ca\\\/lavalchomedey\\\/#organization\",\"name\":\"Laval Chomedey\",\"url\":\"https:\\\/\\\/www.massageexperts.ca\\\/lavalchomedey\\\/\",\"logo\":{\"@type\":\"ImageObject\",\"inLanguage\":\"fr-FR\",\"@id\":\"https:\\\/\\\/www.massageexperts.ca\\\/lavalchomedey\\\/#\\\/schema\\\/logo\\\/image\\\/\",\"url\":\"https:\\\/\\\/www.massageexperts.ca\\\/lavalchomedey\\\/wp-content\\\/uploads\\\/sites\\\/6\\\/2024\\\/07\\\/Logo-EN.svg\",\"contentUrl\":\"https:\\\/\\\/www.massageexperts.ca\\\/lavalchomedey\\\/wp-content\\\/uploads\\\/sites\\\/6\\\/2024\\\/07\\\/Logo-EN.svg\",\"caption\":\"Laval Chomedey\"},\"image\":{\"@id\":\"https:\\\/\\\/www.massageexperts.ca\\\/lavalchomedey\\\/#\\\/schema\\\/logo\\\/image\\\/\"}}]}<\/script>\n<!-- \/ Yoast SEO plugin. -->","yoast_head_json":{"title":"Carri\u00e8res | Massage Experts Laval Chomedey","robots":{"index":"index","follow":"follow","max-snippet":"max-snippet:-1","max-image-preview":"max-image-preview:large","max-video-preview":"max-video-preview:-1"},"canonical":"https:\/\/www.massageexperts.ca\/lavalchomedey\/fr\/carrieres\/","og_locale":"fr_FR","og_type":"article","og_title":"Carri\u00e8res | Massage Experts Laval Chomedey","og_description":"Une occasion de carri\u00e8re gratifiante vous attend Massage Experts offre des options de traitement th\u00e9rapeutique \u00e0 travers le Canada depuis plus d&rsquo;une d\u00e9cennie. Puisque la massoth\u00e9rapie peut soulager un large \u00e9ventail de conditions, nous sommes \u00e0 la recherche de professionnels passionn\u00e9s par l&rsquo;id\u00e9e de faire une diff\u00e9rence significative dans la vie de nos clients. Notre [...]Lire la suite\u2026 from Carri\u00e8res","og_url":"https:\/\/www.massageexperts.ca\/lavalchomedey\/fr\/carrieres\/","og_site_name":"Laval Chomedey","article_modified_time":"2024-08-06T16:05:03+00:00","og_image":[{"url":"https:\/\/www.massageexperts.ca\/lavalchomedey\/wp-content\/uploads\/sites\/6\/2024\/06\/hands.png","type":"","width":"","height":""}],"twitter_card":"summary_large_image","schema":{"@context":"https:\/\/schema.org","@graph":[{"@type":"WebPage","@id":"https:\/\/www.massageexperts.ca\/lavalchomedey\/fr\/carrieres\/","url":"https:\/\/www.massageexperts.ca\/lavalchomedey\/fr\/carrieres\/","name":"Carri\u00e8res | Massage Experts Laval Chomedey","isPartOf":{"@id":"https:\/\/www.massageexperts.ca\/lavalchomedey\/#website"},"primaryImageOfPage":{"@id":"https:\/\/www.massageexperts.ca\/lavalchomedey\/fr\/carrieres\/#primaryimage"},"image":{"@id":"https:\/\/www.massageexperts.ca\/lavalchomedey\/fr\/carrieres\/#primaryimage"},"thumbnailUrl":"https:\/\/www.massageexperts.ca\/lavalchomedey\/wp-content\/uploads\/sites\/6\/2024\/06\/hands.png","datePublished":"2024-06-25T18:08:42+00:00","dateModified":"2024-08-06T16:05:03+00:00","breadcrumb":{"@id":"https:\/\/www.massageexperts.ca\/lavalchomedey\/fr\/carrieres\/#breadcrumb"},"inLanguage":"fr-FR","potentialAction":[{"@type":"ReadAction","target":["https:\/\/www.massageexperts.ca\/lavalchomedey\/fr\/carrieres\/"]}]},{"@type":"ImageObject","inLanguage":"fr-FR","@id":"https:\/\/www.massageexperts.ca\/lavalchomedey\/fr\/carrieres\/#primaryimage","url":"https:\/\/www.massageexperts.ca\/lavalchomedey\/wp-content\/uploads\/sites\/6\/2024\/06\/hands.png","contentUrl":"https:\/\/www.massageexperts.ca\/lavalchomedey\/wp-content\/uploads\/sites\/6\/2024\/06\/hands.png"},{"@type":"BreadcrumbList","@id":"https:\/\/www.massageexperts.ca\/lavalchomedey\/fr\/carrieres\/#breadcrumb","itemListElement":[{"@type":"ListItem","position":1,"name":"Home","item":"https:\/\/www.massageexperts.ca\/lavalchomedey\/fr\/"},{"@type":"ListItem","position":2,"name":"Carri\u00e8res"}]},{"@type":"WebSite","@id":"https:\/\/www.massageexperts.ca\/lavalchomedey\/#website","url":"https:\/\/www.massageexperts.ca\/lavalchomedey\/","name":"Laval Chomedey","description":"Massage Experts Laval Chomedey","publisher":{"@id":"https:\/\/www.massageexperts.ca\/lavalchomedey\/#organization"},"potentialAction":[{"@type":"SearchAction","target":{"@type":"EntryPoint","urlTemplate":"https:\/\/www.massageexperts.ca\/lavalchomedey\/?s={search_term_string}"},"query-input":{"@type":"PropertyValueSpecification","valueRequired":true,"valueName":"search_term_string"}}],"inLanguage":"fr-FR"},{"@type":"Organization","@id":"https:\/\/www.massageexperts.ca\/lavalchomedey\/#organization","name":"Laval Chomedey","url":"https:\/\/www.massageexperts.ca\/lavalchomedey\/","logo":{"@type":"ImageObject","inLanguage":"fr-FR","@id":"https:\/\/www.massageexperts.ca\/lavalchomedey\/#\/schema\/logo\/image\/","url":"https:\/\/www.massageexperts.ca\/lavalchomedey\/wp-content\/uploads\/sites\/6\/2024\/07\/Logo-EN.svg","contentUrl":"https:\/\/www.massageexperts.ca\/lavalchomedey\/wp-content\/uploads\/sites\/6\/2024\/07\/Logo-EN.svg","caption":"Laval Chomedey"},"image":{"@id":"https:\/\/www.massageexperts.ca\/lavalchomedey\/#\/schema\/logo\/image\/"}}]}},"featured_image_src":null,"featured_image_src_square":null,"_links":{"self":[{"href":"https:\/\/www.massageexperts.ca\/lavalchomedey\/fr\/wp-json\/wp\/v2\/pages\/677","targetHints":{"allow":["GET"]}}],"collection":[{"href":"https:\/\/www.massageexperts.ca\/lavalchomedey\/fr\/wp-json\/wp\/v2\/pages"}],"about":[{"href":"https:\/\/www.massageexperts.ca\/lavalchomedey\/fr\/wp-json\/wp\/v2\/types\/page"}],"author":[{"embeddable":true,"href":"https:\/\/www.massageexperts.ca\/lavalchomedey\/fr\/wp-json\/wp\/v2\/users\/1"}],"replies":[{"embeddable":true,"href":"https:\/\/www.massageexperts.ca\/lavalchomedey\/fr\/wp-json\/wp\/v2\/comments?post=677"}],"version-history":[{"count":0,"href":"https:\/\/www.massageexperts.ca\/lavalchomedey\/fr\/wp-json\/wp\/v2\/pages\/677\/revisions"}],"wp:attachment":[{"href":"https:\/\/www.massageexperts.ca\/lavalchomedey\/fr\/wp-json\/wp\/v2\/media?parent=677"}],"curies":[{"name":"wp","href":"https:\/\/api.w.org\/{rel}","templated":true}]}}