{"id":989,"date":"2024-06-14T22:30:19","date_gmt":"2024-06-14T22:30:19","guid":{"rendered":"https:\/\/www.massageexperts.ca\/about-us\/"},"modified":"2024-08-06T16:06:07","modified_gmt":"2024-08-06T16:06:07","slug":"a-propos","status":"publish","type":"page","link":"https:\/\/www.massageexperts.ca\/fr\/a-propos\/","title":{"rendered":"\u00c0 Propos"},"content":{"rendered":"\n<p>Massage Experts s\u2019engage \u00e0 faire partie de la communaut\u00e9 locale.<\/p>\n\n\n\n<p>Contactez&nbsp;<a href=\"mailto:community@massageexperts.ca\">community@massageexperts.ca<\/a>&nbsp;pour toute demande de bienfaisance.<\/p>\n\n\n\n<h2 class=\"wp-block-heading\">Relations partenaires<\/h2>\n\n\n\n<h3 class=\"wp-block-heading\">Programme d\u2019appr\u00e9ciation 1FC<\/h3>\n\n\n\n<p>Massage Experts Canada est heureuse de s\u2019associer au programme de reconnaissance des Forces Canadiennes (FC). En pr\u00e9sentant votre carte 1FC, vous recevrez un rabais sur les services fournis dans chacun de nos \u00e9tablissements Massage Experts. Ce rabais est l\u2019\u00e9quivalent au rabais offert \u00e0 nos membres, et ce, sans engagement contractuel. Les s\u00e9ances de massage de 60 minutes peuvent \u00eatre r\u00e9serv\u00e9es en ligne; pour les s\u00e9ances plus longues, telles que 90 et 120 minutes, vous devrez contacter votre clinique locale. La carte 1FC et le Programme d\u2019Appr\u00e9ciation des FC offrent des rabais et des incitatifs exclusifs aux membres des Forces Canadiennes. Pour plus d\u2019informations, visitez le site Web du Programme d\u2019Appr\u00e9ciation des FC.<\/p>\n\n\n\n<p><strong>\u00c0 nos militaires et \u00e0 leurs familles, MERCI!<\/strong><\/p>\n\n\n\n<p>Nous esp\u00e9rons que vous appr\u00e9cierez nos cliniques et pourrez prendre le temps d\u2019aider votre corps et votre esprit \u00e0 Se Sentir Mieux, Plus Souvent.<\/p>\n\n\n\n<h3 class=\"wp-block-heading\">Programme de rabais pan-canadien pour l\u2019industrie des Massoth\u00e9r.\u00a0 (Programme de Rabais)<\/h3>\n\n\n\n<p>Nous connaissons l\u2019industrie. Nous savons \u00e0 quel point votre travail peut \u00eatre drainant, \u00a0sur votre corps et votre esprit. Vous donnez tellement de vous-m\u00eame! Vous \u00eates les premiers \u00e0 promouvoir la massoth\u00e9rapie sur une base r\u00e9guli\u00e8re. Mais parce que vous \u00eates tellement occup\u00e9s \u00e0 aider les autres, vous avez tendance \u00e0 n\u00e9gliger votre propre physiologie. Prendre soin de sa sant\u00e9 est si important pour les membres de l\u2019industrie. Vous m\u00e9ritez de vous faire masser sans vous faire poser de questions ni subir de pression de recrutement. Cette offre de rabais est une fa\u00e7on de vous dire merci pour tout ce que vous faites. Laissez Massage Experts prendre soin de VOUS, afin que vous puissiez continuer \u00e0 aider efficacement les autres! Vous vous d\u00e9dier corps et \u00e2mes pour aider vos patients \u00e0 se Sentir Mieux. Nous esp\u00e9rons que vous appr\u00e9cierez nos belles cliniques et pourrez y trouver gu\u00e9rison et s\u00e9r\u00e9nit\u00e9. En vous identifiant comme membre de l\u2019industrie, recevez les rabais offerts \u00e0 nos membres sur tous nos services, dans toutes les cliniques Massage Experts du Canada. Les s\u00e9ances de 60 minutes peuvent \u00eatre r\u00e9serv\u00e9es en ligne. Les s\u00e9ances plus longues, telles que 90 et 120 minutes, peuvent \u00eatre r\u00e9serv\u00e9es en contactant directement votre clinique locale.<\/p>\n","protected":false},"excerpt":{"rendered":"<p>Massage Experts s\u2019engage \u00e0 faire partie de la communaut\u00e9 locale. Contactez&nbsp;community@massageexperts.ca&nbsp;pour toute demande de bienfaisance. Relations partenaires Programme d\u2019appr\u00e9ciation 1FC Massage Experts Canada est heureuse de s\u2019associer au programme de reconnaissance des Forces Canadiennes (FC). En pr\u00e9sentant votre carte 1FC, vous recevrez un rabais sur les services fournis dans chacun de nos \u00e9tablissements Massage Experts. [&#8230;]<\/p>\n<p><a class=\"btn btn-secondary understrap-read-more-link\" href=\"https:\/\/www.massageexperts.ca\/fr\/a-propos\/\">Lire la suite\u2026<span class=\"screen-reader-text\"> from \u00c0 Propos<\/span><\/a><\/p>\n","protected":false},"author":1,"featured_media":0,"parent":0,"menu_order":0,"comment_status":"closed","ping_status":"closed","template":"","meta":{"footnotes":""},"class_list":["post-989","page","type-page","status-publish","hentry"],"yoast_head":"<!-- This site is optimized with the Yoast SEO plugin v27.5 - https:\/\/yoast.com\/product\/yoast-seo-wordpress\/ -->\n<title>\u00c0 Propos - Massage Experts<\/title>\n<meta name=\"robots\" content=\"index, follow, max-snippet:-1, max-image-preview:large, max-video-preview:-1\" \/>\n<link rel=\"canonical\" href=\"https:\/\/www.massageexperts.ca\/fr\/a-propos\/\" \/>\n<meta property=\"og:locale\" content=\"fr_FR\" \/>\n<meta property=\"og:type\" content=\"article\" \/>\n<meta property=\"og:title\" content=\"\u00c0 Propos - Massage Experts\" \/>\n<meta property=\"og:description\" content=\"Massage Experts s\u2019engage \u00e0 faire partie de la communaut\u00e9 locale. Contactez&nbsp;community@massageexperts.ca&nbsp;pour toute demande de bienfaisance. Relations partenaires Programme d\u2019appr\u00e9ciation 1FC Massage Experts Canada est heureuse de s\u2019associer au programme de reconnaissance des Forces Canadiennes (FC). En pr\u00e9sentant votre carte 1FC, vous recevrez un rabais sur les services fournis dans chacun de nos \u00e9tablissements Massage Experts. [...]Lire la suite\u2026 from \u00c0 Propos\" \/>\n<meta property=\"og:url\" content=\"https:\/\/www.massageexperts.ca\/fr\/a-propos\/\" \/>\n<meta property=\"og:site_name\" content=\"Massage Experts\" \/>\n<meta property=\"article:modified_time\" content=\"2024-08-06T16:06:07+00:00\" \/>\n<meta name=\"twitter:card\" content=\"summary_large_image\" \/>\n<meta name=\"twitter:label1\" content=\"Dur\u00e9e de lecture estim\u00e9e\" \/>\n\t<meta name=\"twitter:data1\" content=\"2 minutes\" \/>\n<script type=\"application\/ld+json\" class=\"yoast-schema-graph\">{\"@context\":\"https:\\\/\\\/schema.org\",\"@graph\":[{\"@type\":\"WebPage\",\"@id\":\"https:\\\/\\\/www.massageexperts.ca\\\/fr\\\/a-propos\\\/\",\"url\":\"https:\\\/\\\/www.massageexperts.ca\\\/fr\\\/a-propos\\\/\",\"name\":\"\u00c0 Propos - Massage Experts\",\"isPartOf\":{\"@id\":\"https:\\\/\\\/www.massageexperts.ca\\\/#website\"},\"datePublished\":\"2024-06-14T22:30:19+00:00\",\"dateModified\":\"2024-08-06T16:06:07+00:00\",\"breadcrumb\":{\"@id\":\"https:\\\/\\\/www.massageexperts.ca\\\/fr\\\/a-propos\\\/#breadcrumb\"},\"inLanguage\":\"fr-FR\",\"potentialAction\":[{\"@type\":\"ReadAction\",\"target\":[\"https:\\\/\\\/www.massageexperts.ca\\\/fr\\\/a-propos\\\/\"]}]},{\"@type\":\"BreadcrumbList\",\"@id\":\"https:\\\/\\\/www.massageexperts.ca\\\/fr\\\/a-propos\\\/#breadcrumb\",\"itemListElement\":[{\"@type\":\"ListItem\",\"position\":1,\"name\":\"Home\",\"item\":\"https:\\\/\\\/www.massageexperts.ca\\\/fr\\\/\"},{\"@type\":\"ListItem\",\"position\":2,\"name\":\"\u00c0 Propos\"}]},{\"@type\":\"WebSite\",\"@id\":\"https:\\\/\\\/www.massageexperts.ca\\\/#website\",\"url\":\"https:\\\/\\\/www.massageexperts.ca\\\/\",\"name\":\"Massage Experts\",\"description\":\"Feel Better. More Often.\",\"publisher\":{\"@id\":\"https:\\\/\\\/www.massageexperts.ca\\\/#organization\"},\"potentialAction\":[{\"@type\":\"SearchAction\",\"target\":{\"@type\":\"EntryPoint\",\"urlTemplate\":\"https:\\\/\\\/www.massageexperts.ca\\\/?s={search_term_string}\"},\"query-input\":{\"@type\":\"PropertyValueSpecification\",\"valueRequired\":true,\"valueName\":\"search_term_string\"}}],\"inLanguage\":\"fr-FR\"},{\"@type\":\"Organization\",\"@id\":\"https:\\\/\\\/www.massageexperts.ca\\\/#organization\",\"name\":\"Massage Experts\",\"url\":\"https:\\\/\\\/www.massageexperts.ca\\\/\",\"logo\":{\"@type\":\"ImageObject\",\"inLanguage\":\"fr-FR\",\"@id\":\"https:\\\/\\\/www.massageexperts.ca\\\/#\\\/schema\\\/logo\\\/image\\\/\",\"url\":\"https:\\\/\\\/www.massageexperts.ca\\\/wp-content\\\/uploads\\\/2024\\\/07\\\/Logo-EN.svg\",\"contentUrl\":\"https:\\\/\\\/www.massageexperts.ca\\\/wp-content\\\/uploads\\\/2024\\\/07\\\/Logo-EN.svg\",\"caption\":\"Massage Experts\"},\"image\":{\"@id\":\"https:\\\/\\\/www.massageexperts.ca\\\/#\\\/schema\\\/logo\\\/image\\\/\"}}]}<\/script>\n<!-- \/ Yoast SEO plugin. -->","yoast_head_json":{"title":"\u00c0 Propos - Massage Experts","robots":{"index":"index","follow":"follow","max-snippet":"max-snippet:-1","max-image-preview":"max-image-preview:large","max-video-preview":"max-video-preview:-1"},"canonical":"https:\/\/www.massageexperts.ca\/fr\/a-propos\/","og_locale":"fr_FR","og_type":"article","og_title":"\u00c0 Propos - Massage Experts","og_description":"Massage Experts s\u2019engage \u00e0 faire partie de la communaut\u00e9 locale. Contactez&nbsp;community@massageexperts.ca&nbsp;pour toute demande de bienfaisance. Relations partenaires Programme d\u2019appr\u00e9ciation 1FC Massage Experts Canada est heureuse de s\u2019associer au programme de reconnaissance des Forces Canadiennes (FC). En pr\u00e9sentant votre carte 1FC, vous recevrez un rabais sur les services fournis dans chacun de nos \u00e9tablissements Massage Experts. [...]Lire la suite\u2026 from \u00c0 Propos","og_url":"https:\/\/www.massageexperts.ca\/fr\/a-propos\/","og_site_name":"Massage Experts","article_modified_time":"2024-08-06T16:06:07+00:00","twitter_card":"summary_large_image","twitter_misc":{"Dur\u00e9e de lecture estim\u00e9e":"2 minutes"},"schema":{"@context":"https:\/\/schema.org","@graph":[{"@type":"WebPage","@id":"https:\/\/www.massageexperts.ca\/fr\/a-propos\/","url":"https:\/\/www.massageexperts.ca\/fr\/a-propos\/","name":"\u00c0 Propos - Massage Experts","isPartOf":{"@id":"https:\/\/www.massageexperts.ca\/#website"},"datePublished":"2024-06-14T22:30:19+00:00","dateModified":"2024-08-06T16:06:07+00:00","breadcrumb":{"@id":"https:\/\/www.massageexperts.ca\/fr\/a-propos\/#breadcrumb"},"inLanguage":"fr-FR","potentialAction":[{"@type":"ReadAction","target":["https:\/\/www.massageexperts.ca\/fr\/a-propos\/"]}]},{"@type":"BreadcrumbList","@id":"https:\/\/www.massageexperts.ca\/fr\/a-propos\/#breadcrumb","itemListElement":[{"@type":"ListItem","position":1,"name":"Home","item":"https:\/\/www.massageexperts.ca\/fr\/"},{"@type":"ListItem","position":2,"name":"\u00c0 Propos"}]},{"@type":"WebSite","@id":"https:\/\/www.massageexperts.ca\/#website","url":"https:\/\/www.massageexperts.ca\/","name":"Massage Experts","description":"Feel Better. More Often.","publisher":{"@id":"https:\/\/www.massageexperts.ca\/#organization"},"potentialAction":[{"@type":"SearchAction","target":{"@type":"EntryPoint","urlTemplate":"https:\/\/www.massageexperts.ca\/?s={search_term_string}"},"query-input":{"@type":"PropertyValueSpecification","valueRequired":true,"valueName":"search_term_string"}}],"inLanguage":"fr-FR"},{"@type":"Organization","@id":"https:\/\/www.massageexperts.ca\/#organization","name":"Massage Experts","url":"https:\/\/www.massageexperts.ca\/","logo":{"@type":"ImageObject","inLanguage":"fr-FR","@id":"https:\/\/www.massageexperts.ca\/#\/schema\/logo\/image\/","url":"https:\/\/www.massageexperts.ca\/wp-content\/uploads\/2024\/07\/Logo-EN.svg","contentUrl":"https:\/\/www.massageexperts.ca\/wp-content\/uploads\/2024\/07\/Logo-EN.svg","caption":"Massage Experts"},"image":{"@id":"https:\/\/www.massageexperts.ca\/#\/schema\/logo\/image\/"}}]}},"featured_image_src":null,"featured_image_src_square":null,"_links":{"self":[{"href":"https:\/\/www.massageexperts.ca\/fr\/wp-json\/wp\/v2\/pages\/989","targetHints":{"allow":["GET"]}}],"collection":[{"href":"https:\/\/www.massageexperts.ca\/fr\/wp-json\/wp\/v2\/pages"}],"about":[{"href":"https:\/\/www.massageexperts.ca\/fr\/wp-json\/wp\/v2\/types\/page"}],"author":[{"embeddable":true,"href":"https:\/\/www.massageexperts.ca\/fr\/wp-json\/wp\/v2\/users\/1"}],"replies":[{"embeddable":true,"href":"https:\/\/www.massageexperts.ca\/fr\/wp-json\/wp\/v2\/comments?post=989"}],"version-history":[{"count":0,"href":"https:\/\/www.massageexperts.ca\/fr\/wp-json\/wp\/v2\/pages\/989\/revisions"}],"wp:attachment":[{"href":"https:\/\/www.massageexperts.ca\/fr\/wp-json\/wp\/v2\/media?parent=989"}],"curies":[{"name":"wp","href":"https:\/\/api.w.org\/{rel}","templated":true}]}}