{"id":1140,"date":"2024-06-14T23:24:59","date_gmt":"2024-06-14T23:24:59","guid":{"rendered":"https:\/\/www.massageexperts.ca\/safe-professional-service\/"},"modified":"2024-08-06T16:08:09","modified_gmt":"2024-08-06T16:08:09","slug":"notre-code-de-conduite","status":"publish","type":"page","link":"https:\/\/www.massageexperts.ca\/fr\/notre-code-de-conduite\/","title":{"rendered":"Notre code de conduite"},"content":{"rendered":"\n<h4 class=\"wp-block-heading\">Merci de faire confiance \u00e0 Massage Experts pour votre service. Nous sommes l\u00e0 pour vous garantir une exp\u00e9rience s\u00fbre, professionnelle et sans stress.<\/h4>\n\n\n\n<h4 class=\"wp-block-heading\">Notre code de conduite<\/h4>\n\n\n\n<p>Massage Experts est le leader de l\u2019industrie en s\u2019assurant que nos clients profitent de leurs services dans un environnement s\u00fbr et professionnel. Tous nos fournisseurs de services sont tenus de suivre une formation sur le code de conduite de Massage Experts, de maintenir une inscription active aupr\u00e8s de leur organisme de r\u00e9glementation\/licence et de se soumettre \u00e0 une v\u00e9rification du casier judiciaire et des r\u00e9f\u00e9rences d\u2019emploi.<\/p>\n\n\n\n<p>Notre code de conduite fournit une attente \u00e9lev\u00e9e pour nos fournisseurs de services et est con\u00e7u pour vous prot\u00e9ger. Si vous n\u2019\u00eates pas satisfait ou si vous vous sentez mal \u00e0 l\u2019aise avec votre prestataire ou tout aspect du service, veuillez en parler directement \u00e0 votre prestataire. Si vous n\u2019\u00eates pas \u00e0 l\u2019aise pour parler directement \u00e0 votre prestataire de services, demandez \u00e0 voir le responsable de la clinique \u00e0 la fin du service. Vous pouvez \u00e9galement contacter directement notre si\u00e8ge social \u00e0 l\u2019adresse&nbsp;<a href=\"mailto:info@massageexperts.ca\">info@massageexperts.ca<\/a>. Nous r\u00e9pondrons imm\u00e9diatement et contacterons la clinique et le prestataire de services en votre nom.<\/p>\n\n\n\n<h4 class=\"wp-block-heading\">Vos responsabilit\u00e9s<\/h4>\n\n\n\n<p>Avant le d\u00e9but de votre service, faites part \u00e0 votre prestataire de services de tout besoin particulier que vous pourriez avoir. Faites-nous savoir si votre chambre n\u00e9cessite un r\u00e9glage de l\u2019\u00e9clairage, du volume de la musique, de la temp\u00e9rature de la table ou de l\u2019appui-t\u00eate.<\/p>\n\n\n\n<p>Communiquez \u00e0 votre prestataire de services si vous pr\u00e9f\u00e9rez qu\u2019il n\u2019y ait pas de conversation pendant votre service, si vous voulez plus ou moins de pression ou si vous avez une pr\u00e9f\u00e9rence de produit pour votre peau.<\/p>\n\n\n\n<p>Communiquez avec votre prestataire de services si, \u00e0 tout moment, vous vous sentez mal \u00e0 l\u2019aise pendant le traitement.<\/p>\n\n\n\n<p>Si vous \u00eates en retard pour votre service, la clinique fera de son mieux pour vous accommoder, mais si aucun horaire ou prestataire n\u2019est disponible, votre temps de service devra peut-\u00eatre \u00eatre ajust\u00e9.<\/p>\n\n\n\n<p>Vous devez faire preuve d\u2019un comportement \u00e9thique. Votre prestataire de services mettra imm\u00e9diatement fin au service si vous faites preuve de commentaires ou de comportements inappropri\u00e9s.<\/p>\n\n\n\n<h4 class=\"wp-block-heading\">Notre engagement<\/h4>\n\n\n\n<p>Si un comportement inappropri\u00e9, abusif ou dangereux a eu lieu, nous vous aiderons imm\u00e9diatement \u00e0 contacter les autorit\u00e9s comp\u00e9tentes ou les contacterons en votre nom, si vous l\u2019avez autoris\u00e9. Nous coop\u00e9rerons \u00e0 toutes les enqu\u00eates relatives aux plaintes d\u00e9pos\u00e9es aux autorit\u00e9s. Notre politique est que si une all\u00e9gation de conduite inappropri\u00e9e est faite contre un prestataire de services, l\u2019employ\u00e9 sera imm\u00e9diatement suspendu en attendant l\u2019enqu\u00eate.<\/p>\n\n\n\n<h4 class=\"wp-block-heading\">Notre engagement envers vous<\/h4>\n\n\n\n<p>Chez Massage Experts, notre priorit\u00e9 absolue est de vous offrir une exp\u00e9rience s\u00fbre, professionnelle et sans stress.\u00a0<strong>Vous pouvez vous attendre \u00e0 ce qui suit de la part de votre service et de votre fournisseur de services.<\/strong><\/p>\n\n\n\n<h4 class=\"wp-block-heading\">Vous avez le droit de contr\u00f4ler votre exp\u00e9rience<\/h4>\n\n\n\t<div class=\"mex-check-list-block-container\">\n\t\t<ul>\n\t\t\t\t\t\t\t\n\t\t\t\t<li class=\"list-item \">\n\t\t\t\t\t\t\t\t\t\tNous prenons notre queue de vous. Dites \u00e0 votre prestataire de services ce que vous voulez et ne voulez pas dans votre service.\t\t\t\t\t\t\t\t\t<\/li>\n\t\t\t\t\t\t\t\n\t\t\t\t<li class=\"list-item \">\n\t\t\t\t\t\t\t\t\t\tD\u00e9shabillez-vous selon votre niveau de confort. Vous d\u00e9cidez des v\u00eatements \u00e0 enlever ou \u00e0 garder. Nous effectuerons un massage ou un soin du visage efficace, quel que soit votre niveau de d\u00e9shabillage. Votre prestataire de services quittera la pi\u00e8ce pour vous permettre de vous d\u00e9shabiller et de vous habiller.\t\t\t\t\t\t\t\t\t<\/li>\n\t\t\t\t\t\t\t\n\t\t\t\t<li class=\"list-item \">\n\t\t\t\t\t\t\t\t\t\t\u00cates-vous \u00e0 l\u2019aise avec la quantit\u00e9 de pression exerc\u00e9e ? Dites au prestataire de services si vous voulez plus ou moins de pression.\t\t\t\t\t\t\t\t\t<\/li>\n\t\t\t\t\t\t\t\n\t\t\t\t<li class=\"list-item \">\n\t\t\t\t\t\t\t\t\t\tLa temp\u00e9rature de la pi\u00e8ce, le niveau d\u2019\u00e9clairage et le volume de la musique sont tous r\u00e9glables pour votre confort.\t\t\t\t\t\t\t\t\t<\/li>\n\t\t\t\t\t\t\t\n\t\t\t\t<li class=\"list-item \">\n\t\t\t\t\t\t\t\t\t\tAccompagnateur.  Si vous vous sentez plus \u00e0 l\u2019aise en amenant un compagnon pour vous accompagner dans la pi\u00e8ce pendant votre service, informez-en la clinique et elle r\u00e9pondra \u00e0 votre demande, sous r\u00e9serve des exigences locales (un formulaire\/une d\u00e9charge peut \u00eatre exig\u00e9(e) par la clinique locale).\t\t\t\t\t\t\t\t\t<\/li>\n\t\t\t\t\t<\/ul>\n\t<\/div>\n\n\n\n<h4 class=\"wp-block-heading\">Vous recevrez un service s\u00fbr et professionnel<\/h4>\n\n\n\t<div class=\"mex-check-list-block-container\">\n\t\t<ul>\n\t\t\t\t\t\t\t\n\t\t\t\t<li class=\"list-item \">\n\t\t\t\t\t\t\t\t\t\tNos prestataires de services sont tenus par l\u2019\u00e9thique de maintenir des limites et d\u2019\u00e9tablir une relation professionnelle avec vous. Ils sont form\u00e9s pour ne pas devenir trop personnels ou empi\u00e9ter sur votre vie priv\u00e9e.\t\t\t\t\t\t\t\t\t<\/li>\n\t\t\t\t\t\t\t\n\t\t\t\t<li class=\"list-item \">\n\t\t\t\t\t\t\t\t\t\tNos prestataires de services ont besoin de votre consentement pour lancer tout protocole de service. Ils ont besoin d\u2019un consentement \u00e9crit et d\u2019une justification clinique pour travailler sur des \u00ab zones sensibles \u00bb, telles que les fesses, les muscles de la partie sup\u00e9rieure interne des cuisses, la paroi thoracique et les tissus mammaires.  Votre prestataire de services promet de se draper de mani\u00e8re modeste et professionnelle et n\u2019exposera ni ne touchera jamais les zones priv\u00e9es (organes g\u00e9nitaux\/plancher pelvien, ar\u00e9oles).\t\t\t\t\t\t\t\t\t<\/li>\n\t\t\t\t\t<\/ul>\n\t<\/div>\n\n\n\n<h4 class=\"wp-block-heading\">Votre prestataire de services adh\u00e9rera aux normes \u00e9thiques les plus \u00e9lev\u00e9es.<\/h4>\n\n\n\n<p><\/p>\n\n\n\n<h4 class=\"wp-block-heading\">Tous les fournisseurs de services de Massage Experts seront form\u00e9s et adh\u00e9reront aux normes \u00e9thiques les plus \u00e9lev\u00e9es et devront se conformer au code de conduite suivant :<\/h4>\n\n\n\t<div class=\"mex-check-list-block-container\">\n\t\t<ul>\n\t\t\t\t\t\t\t\n\t\t\t\t<li class=\"list-item \">\n\t\t\t\t\t\t\t\t\t\tD\u00e9montrer leur engagement \u00e0 fournir la plus haute qualit\u00e9 \u00e0 ceux qui recherchent nos services professionnels.\t\t\t\t\t\t\t\t\t<\/li>\n\t\t\t\t\t\t\t\n\t\t\t\t<li class=\"list-item \">\n\t\t\t\t\t\t\t\t\t\tSe conformer \u00e0 toutes les normes, politiques et directives professionnelles et, le cas \u00e9ch\u00e9ant, aux exigences r\u00e9glementaires.\t\t\t\t\t\t\t\t\t<\/li>\n\t\t\t\t\t\t\t\n\t\t\t\t<li class=\"list-item \">\n\t\t\t\t\t\t\t\t\t\tRechercher l\u2019excellence professionnelle par le biais de l\u2019\u00e9ducation permanente, de la formation et de l\u2019auto-\u00e9valuation r\u00e9guli\u00e8re.\t\t\t\t\t\t\t\t\t<\/li>\n\t\t\t\t\t\t\t\n\t\t\t\t<li class=\"list-item \">\n\t\t\t\t\t\t\t\t\t\tProjeter une image professionnelle et respecter les normes les plus \u00e9lev\u00e9es de professionnalisme.\t\t\t\t\t\t\t\t\t<\/li>\n\t\t\t\t\t\t\t\n\t\t\t\t<li class=\"list-item \">\n\t\t\t\t\t\t\t\t\t\tNettoyer et assainir correctement notre espace de travail, car nous savons que notre attention aux d\u00e9tails assure \u00e0 nos clients\t\t\t\t\t\t\t\t\t<\/li>\n\t\t\t\t\t\t\t\n\t\t\t\t<li class=\"list-item \">\n\t\t\t\t\t\t\t\t\t\tUn sentiment de confort, de s\u00e9curit\u00e9 et de bien-\u00eatre.\t\t\t\t\t\t\t\t\t<\/li>\n\t\t\t\t\t\t\t\n\t\t\t\t<li class=\"list-item \">\n\t\t\t\t\t\t\t\t\t\tProt\u00e9ger la nature confidentielle des informations personnelles et de sant\u00e9 et maintenir une relation professionnelle avec nos clients.\t\t\t\t\t\t\t\t\t<\/li>\n\t\t\t\t\t\t\t\n\t\t\t\t<li class=\"list-item \">\n\t\t\t\t\t\t\t\t\t\tReconna\u00eetre la valeur inh\u00e9rente, la diversit\u00e9 et l\u2019individualit\u00e9 de nos clients.\t\t\t\t\t\t\t\t\t<\/li>\n\t\t\t\t\t<\/ul>\n\t<\/div>\n","protected":false},"excerpt":{"rendered":"<p>Merci de faire confiance \u00e0 Massage Experts pour votre service. Nous sommes l\u00e0 pour vous garantir une exp\u00e9rience s\u00fbre, professionnelle et sans stress. Notre code de conduite Massage Experts est le leader de l\u2019industrie en s\u2019assurant que nos clients profitent de leurs services dans un environnement s\u00fbr et professionnel. Tous nos fournisseurs de services sont [&#8230;]<\/p>\n<p><a class=\"btn btn-secondary understrap-read-more-link\" href=\"https:\/\/www.massageexperts.ca\/fr\/notre-code-de-conduite\/\">Lire la suite\u2026<span class=\"screen-reader-text\"> from Notre code de conduite<\/span><\/a><\/p>\n","protected":false},"author":1,"featured_media":0,"parent":0,"menu_order":0,"comment_status":"closed","ping_status":"closed","template":"","meta":{"footnotes":""},"class_list":["post-1140","page","type-page","status-publish","hentry"],"yoast_head":"<!-- This site is optimized with the Yoast SEO plugin v27.3 - https:\/\/yoast.com\/product\/yoast-seo-wordpress\/ -->\n<title>Notre code de conduite - Massage Experts<\/title>\n<meta name=\"robots\" content=\"index, follow, max-snippet:-1, max-image-preview:large, max-video-preview:-1\" \/>\n<link rel=\"canonical\" href=\"https:\/\/www.massageexperts.ca\/fr\/notre-code-de-conduite\/\" \/>\n<meta property=\"og:locale\" content=\"fr_FR\" \/>\n<meta property=\"og:type\" content=\"article\" \/>\n<meta property=\"og:title\" content=\"Notre code de conduite - Massage Experts\" \/>\n<meta property=\"og:description\" content=\"Merci de faire confiance \u00e0 Massage Experts pour votre service. Nous sommes l\u00e0 pour vous garantir une exp\u00e9rience s\u00fbre, professionnelle et sans stress. Notre code de conduite Massage Experts est le leader de l\u2019industrie en s\u2019assurant que nos clients profitent de leurs services dans un environnement s\u00fbr et professionnel. Tous nos fournisseurs de services sont [...]Lire la suite\u2026 from Notre code de conduite\" \/>\n<meta property=\"og:url\" content=\"https:\/\/www.massageexperts.ca\/fr\/notre-code-de-conduite\/\" \/>\n<meta property=\"og:site_name\" content=\"Massage Experts\" \/>\n<meta property=\"article:modified_time\" content=\"2024-08-06T16:08:09+00:00\" \/>\n<meta name=\"twitter:card\" content=\"summary_large_image\" \/>\n<meta name=\"twitter:label1\" content=\"Dur\u00e9e de lecture estim\u00e9e\" \/>\n\t<meta name=\"twitter:data1\" content=\"3 minutes\" \/>\n<script type=\"application\/ld+json\" class=\"yoast-schema-graph\">{\"@context\":\"https:\\\/\\\/schema.org\",\"@graph\":[{\"@type\":\"WebPage\",\"@id\":\"https:\\\/\\\/www.massageexperts.ca\\\/fr\\\/notre-code-de-conduite\\\/\",\"url\":\"https:\\\/\\\/www.massageexperts.ca\\\/fr\\\/notre-code-de-conduite\\\/\",\"name\":\"Notre code de conduite - Massage Experts\",\"isPartOf\":{\"@id\":\"https:\\\/\\\/www.massageexperts.ca\\\/#website\"},\"datePublished\":\"2024-06-14T23:24:59+00:00\",\"dateModified\":\"2024-08-06T16:08:09+00:00\",\"breadcrumb\":{\"@id\":\"https:\\\/\\\/www.massageexperts.ca\\\/fr\\\/notre-code-de-conduite\\\/#breadcrumb\"},\"inLanguage\":\"fr-FR\",\"potentialAction\":[{\"@type\":\"ReadAction\",\"target\":[\"https:\\\/\\\/www.massageexperts.ca\\\/fr\\\/notre-code-de-conduite\\\/\"]}]},{\"@type\":\"BreadcrumbList\",\"@id\":\"https:\\\/\\\/www.massageexperts.ca\\\/fr\\\/notre-code-de-conduite\\\/#breadcrumb\",\"itemListElement\":[{\"@type\":\"ListItem\",\"position\":1,\"name\":\"Home\",\"item\":\"https:\\\/\\\/www.massageexperts.ca\\\/fr\\\/\"},{\"@type\":\"ListItem\",\"position\":2,\"name\":\"Notre code de conduite\"}]},{\"@type\":\"WebSite\",\"@id\":\"https:\\\/\\\/www.massageexperts.ca\\\/#website\",\"url\":\"https:\\\/\\\/www.massageexperts.ca\\\/\",\"name\":\"Massage Experts\",\"description\":\"Feel Better. More Often.\",\"publisher\":{\"@id\":\"https:\\\/\\\/www.massageexperts.ca\\\/#organization\"},\"potentialAction\":[{\"@type\":\"SearchAction\",\"target\":{\"@type\":\"EntryPoint\",\"urlTemplate\":\"https:\\\/\\\/www.massageexperts.ca\\\/?s={search_term_string}\"},\"query-input\":{\"@type\":\"PropertyValueSpecification\",\"valueRequired\":true,\"valueName\":\"search_term_string\"}}],\"inLanguage\":\"fr-FR\"},{\"@type\":\"Organization\",\"@id\":\"https:\\\/\\\/www.massageexperts.ca\\\/#organization\",\"name\":\"Massage Experts\",\"url\":\"https:\\\/\\\/www.massageexperts.ca\\\/\",\"logo\":{\"@type\":\"ImageObject\",\"inLanguage\":\"fr-FR\",\"@id\":\"https:\\\/\\\/www.massageexperts.ca\\\/#\\\/schema\\\/logo\\\/image\\\/\",\"url\":\"https:\\\/\\\/www.massageexperts.ca\\\/wp-content\\\/uploads\\\/2024\\\/07\\\/Logo-EN.svg\",\"contentUrl\":\"https:\\\/\\\/www.massageexperts.ca\\\/wp-content\\\/uploads\\\/2024\\\/07\\\/Logo-EN.svg\",\"caption\":\"Massage Experts\"},\"image\":{\"@id\":\"https:\\\/\\\/www.massageexperts.ca\\\/#\\\/schema\\\/logo\\\/image\\\/\"}}]}<\/script>\n<!-- \/ Yoast SEO plugin. -->","yoast_head_json":{"title":"Notre code de conduite - Massage Experts","robots":{"index":"index","follow":"follow","max-snippet":"max-snippet:-1","max-image-preview":"max-image-preview:large","max-video-preview":"max-video-preview:-1"},"canonical":"https:\/\/www.massageexperts.ca\/fr\/notre-code-de-conduite\/","og_locale":"fr_FR","og_type":"article","og_title":"Notre code de conduite - Massage Experts","og_description":"Merci de faire confiance \u00e0 Massage Experts pour votre service. Nous sommes l\u00e0 pour vous garantir une exp\u00e9rience s\u00fbre, professionnelle et sans stress. Notre code de conduite Massage Experts est le leader de l\u2019industrie en s\u2019assurant que nos clients profitent de leurs services dans un environnement s\u00fbr et professionnel. Tous nos fournisseurs de services sont [...]Lire la suite\u2026 from Notre code de conduite","og_url":"https:\/\/www.massageexperts.ca\/fr\/notre-code-de-conduite\/","og_site_name":"Massage Experts","article_modified_time":"2024-08-06T16:08:09+00:00","twitter_card":"summary_large_image","twitter_misc":{"Dur\u00e9e de lecture estim\u00e9e":"3 minutes"},"schema":{"@context":"https:\/\/schema.org","@graph":[{"@type":"WebPage","@id":"https:\/\/www.massageexperts.ca\/fr\/notre-code-de-conduite\/","url":"https:\/\/www.massageexperts.ca\/fr\/notre-code-de-conduite\/","name":"Notre code de conduite - Massage Experts","isPartOf":{"@id":"https:\/\/www.massageexperts.ca\/#website"},"datePublished":"2024-06-14T23:24:59+00:00","dateModified":"2024-08-06T16:08:09+00:00","breadcrumb":{"@id":"https:\/\/www.massageexperts.ca\/fr\/notre-code-de-conduite\/#breadcrumb"},"inLanguage":"fr-FR","potentialAction":[{"@type":"ReadAction","target":["https:\/\/www.massageexperts.ca\/fr\/notre-code-de-conduite\/"]}]},{"@type":"BreadcrumbList","@id":"https:\/\/www.massageexperts.ca\/fr\/notre-code-de-conduite\/#breadcrumb","itemListElement":[{"@type":"ListItem","position":1,"name":"Home","item":"https:\/\/www.massageexperts.ca\/fr\/"},{"@type":"ListItem","position":2,"name":"Notre code de conduite"}]},{"@type":"WebSite","@id":"https:\/\/www.massageexperts.ca\/#website","url":"https:\/\/www.massageexperts.ca\/","name":"Massage Experts","description":"Feel Better. More Often.","publisher":{"@id":"https:\/\/www.massageexperts.ca\/#organization"},"potentialAction":[{"@type":"SearchAction","target":{"@type":"EntryPoint","urlTemplate":"https:\/\/www.massageexperts.ca\/?s={search_term_string}"},"query-input":{"@type":"PropertyValueSpecification","valueRequired":true,"valueName":"search_term_string"}}],"inLanguage":"fr-FR"},{"@type":"Organization","@id":"https:\/\/www.massageexperts.ca\/#organization","name":"Massage Experts","url":"https:\/\/www.massageexperts.ca\/","logo":{"@type":"ImageObject","inLanguage":"fr-FR","@id":"https:\/\/www.massageexperts.ca\/#\/schema\/logo\/image\/","url":"https:\/\/www.massageexperts.ca\/wp-content\/uploads\/2024\/07\/Logo-EN.svg","contentUrl":"https:\/\/www.massageexperts.ca\/wp-content\/uploads\/2024\/07\/Logo-EN.svg","caption":"Massage Experts"},"image":{"@id":"https:\/\/www.massageexperts.ca\/#\/schema\/logo\/image\/"}}]}},"featured_image_src":null,"featured_image_src_square":null,"_links":{"self":[{"href":"https:\/\/www.massageexperts.ca\/fr\/wp-json\/wp\/v2\/pages\/1140","targetHints":{"allow":["GET"]}}],"collection":[{"href":"https:\/\/www.massageexperts.ca\/fr\/wp-json\/wp\/v2\/pages"}],"about":[{"href":"https:\/\/www.massageexperts.ca\/fr\/wp-json\/wp\/v2\/types\/page"}],"author":[{"embeddable":true,"href":"https:\/\/www.massageexperts.ca\/fr\/wp-json\/wp\/v2\/users\/1"}],"replies":[{"embeddable":true,"href":"https:\/\/www.massageexperts.ca\/fr\/wp-json\/wp\/v2\/comments?post=1140"}],"version-history":[{"count":0,"href":"https:\/\/www.massageexperts.ca\/fr\/wp-json\/wp\/v2\/pages\/1140\/revisions"}],"wp:attachment":[{"href":"https:\/\/www.massageexperts.ca\/fr\/wp-json\/wp\/v2\/media?parent=1140"}],"curies":[{"name":"wp","href":"https:\/\/api.w.org\/{rel}","templated":true}]}}