{"id":1059,"date":"2024-06-14T22:53:02","date_gmt":"2024-06-15T02:53:02","guid":{"rendered":"https:\/\/www.massageexperts.ca\/corporate-wellness\/"},"modified":"2024-08-06T16:06:11","modified_gmt":"2024-08-06T16:06:11","slug":"bien-etre-en-entreprise","status":"publish","type":"page","link":"https:\/\/www.massageexperts.ca\/fr\/bien-etre-en-entreprise\/","title":{"rendered":"Bien-\u00catre en Entreprise"},"content":{"rendered":"\n<p>De nombreux employ\u00e9s passent jusqu\u2019\u00e0 60% ou plus de leur vie \u00e9veill\u00e9e sur leur lieu de travail. Cette vie tr\u00e9pidante et rapide exerce une forte demande sur vos employ\u00e9s durant leur temps \u00e9veill\u00e9, les laissant n\u00e9gliger leur sant\u00e9, leur bien-\u00eatre et leurs soins personnels. Demandez \u00e0 Massage Experts de visiter votre lieu de travail ou votre \u00e9v\u00e9nement avec nos massoth\u00e9rapeutes certifi\u00e9s. Planifiez vos sessions en fonction d\u2019un nombre de rendez-vous fixes et organis\u00e9s, ou laissez vos employ\u00e9s librement se pr\u00e9senter et profiter d\u2019un traitement. Ceux-ci peuvent aller de 5 minutes, 15 minutes jusqu\u2019\u00e0 une heure compl\u00e8te de traitement par personne.<\/p>\n\n\n\n<p>Parce que nous avons des chaises de massage et des tables de massage portatives, nous sommes mobiles. Les traitements peuvent \u00eatre effectu\u00e9s dans une aire ouverte ou dans une pi\u00e8ce priv\u00e9e, si disponible \u00e0 dans vos locaux. Vos employ\u00e9s conna\u00eetront une \u00e9nergie renouvel\u00e9e qui entra\u00eenera une productivit\u00e9 accrue.<\/p>\n\n\n\n<p>Aide \u00e0 diminuer la douleur dans les \u00e9paules, le cou et le dos, ou aide \u00e0 lutter contre les maux de t\u00eate chroniques, la fatigue et m\u00eame att\u00e9nuer certains des sympt\u00f4mes du syndrome du canal carpien et plus encore. Profitez de nos services de fa\u00e7on sporadique, selon vos besoins ou vos \u00e9v\u00e9nements, ou contactez-nous pour organiser des visites plus r\u00e9guli\u00e8rement, par exemple une fois par semaine, une fois par mois ou \u00e0 tout autre moment et dur\u00e9e en fonction de vos besoins.R\u00e9duit le stress et les effets viraux qu\u2019il peut causer sur le lieu de travail. <\/p>\n\n\n\n<ul class=\"wp-block-list\">\n<li>Augmente le niveau d\u2019appr\u00e9ciation de l\u2019entreprise et le niveau de r\u00e9tention, et remonte le moral<\/li>\n\n\n\n<li>R\u00e9duit le nombre de jours de maladie due au rhume et autres affections m\u00e9dicales communes<\/li>\n\n\n\n<li>Diminue le taux de roulement de vos employ\u00e9s<\/li>\n\n\n\n<li>R\u00e9duit le niveau de stress et d\u2019absent\u00e9isme li\u00e9 \u00e0 la sant\u00e9<\/li>\n\n\n\n<li>Aide vos employ\u00e9s \u00e0 renforcer leur syst\u00e8me immunitaire pour lutter contre les virus communs<\/li>\n\n\n\n<li>Augmente l\u2019aptitude de votre direction et de votre personnel \u00e0 la r\u00e9solution de probl\u00e8mes<\/li>\n\n\n\n<li>\u2026 et plus!<\/li>\n<\/ul>\n\n\n\n<p>Quel que soit le niveau de talent dans votre lieu de travail, personne ne peut fonctionner \u00e0 plein r\u00e9gime et produire \u00e0 haut niveau de qualit\u00e9 lorsque confront\u00e9 \u00e0 la douleur et \u00e0 l\u2019inconfort. La douleur, le stress et la n\u00e9gligence de soi p\u00e8sent lourdement sur le corps et peuvent co\u00fbter des millions de dollars annuellement aux grandes entreprises en perte de productivit\u00e9. Certaines solutions sont juste devant nous et naturelles, notamment un programme de massage mensuel.<\/p>\n\n\n\n<p>Vous voulez HAUSSER le moral de vos employ\u00e9s? Discutez avec votre clinique locale de l\u2019achat de certificats-cadeaux en vrac pour votre bureau et donnez-les, en fonction des occasions, \u00e0 votre personnel m\u00e9ritant.<\/p>\n\n\n\n<p>Augmentez le niveau de r\u00e9tention et d\u2019engagement des employ\u00e9s, remontez le moral du bureau, et amener les Experts!<\/p>\n\n\n\n<p>Apaisez la douleur\u2026 et Augmentez la Productivit\u00e9 de votre milieu de travail!<\/p>\n\n\n\n<p>Contactez votre <a href=\"\/fr\/trouver-une-clinique\/\">Massage Experts<\/a> local pour plus de d\u00e9tails et pour conna\u00eetre les prix.<\/p>\n\n\n\n<p><\/p>\n\n\n\n<p>La clinique de Massage Experts peut \u00e9galement \u00eatre disponible pour des conventions et des conf\u00e9rences, des tournois, des salons de la sant\u00e9, des salons professionnels, des \u00e9v\u00e9nements priv\u00e9s, etc.<\/p>\n\n\n\n<p class=\"has-small-font-size\">* Un minimum de 4 heures par Massoth\u00e9rapeute Certifi\u00e9 est requis<\/p>\n\n\n\n<p><strong>Tandis que nous nous effor\u00e7ons d&rsquo;offrir ces services, leur disponibilit\u00e9 peut \u00eatre limit\u00e9e en raison de divers facteurs. Veuillez appeler le site pour plus de d\u00e9tails.<\/strong><\/p>\n","protected":false},"excerpt":{"rendered":"<p>De nombreux employ\u00e9s passent jusqu\u2019\u00e0 60% ou plus de leur vie \u00e9veill\u00e9e sur leur lieu de travail. Cette vie tr\u00e9pidante et rapide exerce une forte demande sur vos employ\u00e9s durant leur temps \u00e9veill\u00e9, les laissant n\u00e9gliger leur sant\u00e9, leur bien-\u00eatre et leurs soins personnels. Demandez \u00e0 Massage Experts de visiter votre lieu de travail ou [&#8230;]<\/p>\n<p><a class=\"btn btn-secondary understrap-read-more-link\" href=\"https:\/\/www.massageexperts.ca\/fr\/bien-etre-en-entreprise\/\">Lire la suite\u2026<span class=\"screen-reader-text\"> from Bien-\u00catre en Entreprise<\/span><\/a><\/p>\n","protected":false},"author":1,"featured_media":0,"parent":0,"menu_order":0,"comment_status":"closed","ping_status":"closed","template":"","meta":{"footnotes":""},"class_list":["post-1059","page","type-page","status-publish","hentry"],"yoast_head":"<!-- This site is optimized with the Yoast SEO plugin v27.5 - https:\/\/yoast.com\/product\/yoast-seo-wordpress\/ -->\n<title>Bien-\u00catre en Entreprise - Massage Experts<\/title>\n<meta name=\"robots\" content=\"index, follow, max-snippet:-1, max-image-preview:large, max-video-preview:-1\" \/>\n<link rel=\"canonical\" href=\"https:\/\/www.massageexperts.ca\/fr\/bien-etre-en-entreprise\/\" \/>\n<meta property=\"og:locale\" content=\"fr_FR\" \/>\n<meta property=\"og:type\" content=\"article\" \/>\n<meta property=\"og:title\" content=\"Bien-\u00catre en Entreprise - Massage Experts\" \/>\n<meta property=\"og:description\" content=\"De nombreux employ\u00e9s passent jusqu\u2019\u00e0 60% ou plus de leur vie \u00e9veill\u00e9e sur leur lieu de travail. Cette vie tr\u00e9pidante et rapide exerce une forte demande sur vos employ\u00e9s durant leur temps \u00e9veill\u00e9, les laissant n\u00e9gliger leur sant\u00e9, leur bien-\u00eatre et leurs soins personnels. Demandez \u00e0 Massage Experts de visiter votre lieu de travail ou [...]Lire la suite\u2026 from Bien-\u00catre en Entreprise\" \/>\n<meta property=\"og:url\" content=\"https:\/\/www.massageexperts.ca\/fr\/bien-etre-en-entreprise\/\" \/>\n<meta property=\"og:site_name\" content=\"Massage Experts\" \/>\n<meta property=\"article:modified_time\" content=\"2024-08-06T16:06:11+00:00\" \/>\n<meta name=\"twitter:card\" content=\"summary_large_image\" \/>\n<meta name=\"twitter:label1\" content=\"Dur\u00e9e de lecture estim\u00e9e\" \/>\n\t<meta name=\"twitter:data1\" content=\"3 minutes\" \/>\n<script type=\"application\/ld+json\" class=\"yoast-schema-graph\">{\"@context\":\"https:\\\/\\\/schema.org\",\"@graph\":[{\"@type\":\"WebPage\",\"@id\":\"https:\\\/\\\/www.massageexperts.ca\\\/fr\\\/bien-etre-en-entreprise\\\/\",\"url\":\"https:\\\/\\\/www.massageexperts.ca\\\/fr\\\/bien-etre-en-entreprise\\\/\",\"name\":\"Bien-\u00catre en Entreprise - Massage Experts\",\"isPartOf\":{\"@id\":\"https:\\\/\\\/www.massageexperts.ca\\\/#website\"},\"datePublished\":\"2024-06-15T02:53:02+00:00\",\"dateModified\":\"2024-08-06T16:06:11+00:00\",\"breadcrumb\":{\"@id\":\"https:\\\/\\\/www.massageexperts.ca\\\/fr\\\/bien-etre-en-entreprise\\\/#breadcrumb\"},\"inLanguage\":\"fr-FR\",\"potentialAction\":[{\"@type\":\"ReadAction\",\"target\":[\"https:\\\/\\\/www.massageexperts.ca\\\/fr\\\/bien-etre-en-entreprise\\\/\"]}]},{\"@type\":\"BreadcrumbList\",\"@id\":\"https:\\\/\\\/www.massageexperts.ca\\\/fr\\\/bien-etre-en-entreprise\\\/#breadcrumb\",\"itemListElement\":[{\"@type\":\"ListItem\",\"position\":1,\"name\":\"Home\",\"item\":\"https:\\\/\\\/www.massageexperts.ca\\\/fr\\\/\"},{\"@type\":\"ListItem\",\"position\":2,\"name\":\"Bien-\u00catre en Entreprise\"}]},{\"@type\":\"WebSite\",\"@id\":\"https:\\\/\\\/www.massageexperts.ca\\\/#website\",\"url\":\"https:\\\/\\\/www.massageexperts.ca\\\/\",\"name\":\"Massage Experts\",\"description\":\"Feel Better. More Often.\",\"publisher\":{\"@id\":\"https:\\\/\\\/www.massageexperts.ca\\\/#organization\"},\"potentialAction\":[{\"@type\":\"SearchAction\",\"target\":{\"@type\":\"EntryPoint\",\"urlTemplate\":\"https:\\\/\\\/www.massageexperts.ca\\\/?s={search_term_string}\"},\"query-input\":{\"@type\":\"PropertyValueSpecification\",\"valueRequired\":true,\"valueName\":\"search_term_string\"}}],\"inLanguage\":\"fr-FR\"},{\"@type\":\"Organization\",\"@id\":\"https:\\\/\\\/www.massageexperts.ca\\\/#organization\",\"name\":\"Massage Experts\",\"url\":\"https:\\\/\\\/www.massageexperts.ca\\\/\",\"logo\":{\"@type\":\"ImageObject\",\"inLanguage\":\"fr-FR\",\"@id\":\"https:\\\/\\\/www.massageexperts.ca\\\/#\\\/schema\\\/logo\\\/image\\\/\",\"url\":\"https:\\\/\\\/www.massageexperts.ca\\\/wp-content\\\/uploads\\\/2024\\\/07\\\/Logo-EN.svg\",\"contentUrl\":\"https:\\\/\\\/www.massageexperts.ca\\\/wp-content\\\/uploads\\\/2024\\\/07\\\/Logo-EN.svg\",\"caption\":\"Massage Experts\"},\"image\":{\"@id\":\"https:\\\/\\\/www.massageexperts.ca\\\/#\\\/schema\\\/logo\\\/image\\\/\"}}]}<\/script>\n<!-- \/ Yoast SEO plugin. -->","yoast_head_json":{"title":"Bien-\u00catre en Entreprise - Massage Experts","robots":{"index":"index","follow":"follow","max-snippet":"max-snippet:-1","max-image-preview":"max-image-preview:large","max-video-preview":"max-video-preview:-1"},"canonical":"https:\/\/www.massageexperts.ca\/fr\/bien-etre-en-entreprise\/","og_locale":"fr_FR","og_type":"article","og_title":"Bien-\u00catre en Entreprise - Massage Experts","og_description":"De nombreux employ\u00e9s passent jusqu\u2019\u00e0 60% ou plus de leur vie \u00e9veill\u00e9e sur leur lieu de travail. Cette vie tr\u00e9pidante et rapide exerce une forte demande sur vos employ\u00e9s durant leur temps \u00e9veill\u00e9, les laissant n\u00e9gliger leur sant\u00e9, leur bien-\u00eatre et leurs soins personnels. Demandez \u00e0 Massage Experts de visiter votre lieu de travail ou [...]Lire la suite\u2026 from Bien-\u00catre en Entreprise","og_url":"https:\/\/www.massageexperts.ca\/fr\/bien-etre-en-entreprise\/","og_site_name":"Massage Experts","article_modified_time":"2024-08-06T16:06:11+00:00","twitter_card":"summary_large_image","twitter_misc":{"Dur\u00e9e de lecture estim\u00e9e":"3 minutes"},"schema":{"@context":"https:\/\/schema.org","@graph":[{"@type":"WebPage","@id":"https:\/\/www.massageexperts.ca\/fr\/bien-etre-en-entreprise\/","url":"https:\/\/www.massageexperts.ca\/fr\/bien-etre-en-entreprise\/","name":"Bien-\u00catre en Entreprise - Massage Experts","isPartOf":{"@id":"https:\/\/www.massageexperts.ca\/#website"},"datePublished":"2024-06-15T02:53:02+00:00","dateModified":"2024-08-06T16:06:11+00:00","breadcrumb":{"@id":"https:\/\/www.massageexperts.ca\/fr\/bien-etre-en-entreprise\/#breadcrumb"},"inLanguage":"fr-FR","potentialAction":[{"@type":"ReadAction","target":["https:\/\/www.massageexperts.ca\/fr\/bien-etre-en-entreprise\/"]}]},{"@type":"BreadcrumbList","@id":"https:\/\/www.massageexperts.ca\/fr\/bien-etre-en-entreprise\/#breadcrumb","itemListElement":[{"@type":"ListItem","position":1,"name":"Home","item":"https:\/\/www.massageexperts.ca\/fr\/"},{"@type":"ListItem","position":2,"name":"Bien-\u00catre en Entreprise"}]},{"@type":"WebSite","@id":"https:\/\/www.massageexperts.ca\/#website","url":"https:\/\/www.massageexperts.ca\/","name":"Massage Experts","description":"Feel Better. More Often.","publisher":{"@id":"https:\/\/www.massageexperts.ca\/#organization"},"potentialAction":[{"@type":"SearchAction","target":{"@type":"EntryPoint","urlTemplate":"https:\/\/www.massageexperts.ca\/?s={search_term_string}"},"query-input":{"@type":"PropertyValueSpecification","valueRequired":true,"valueName":"search_term_string"}}],"inLanguage":"fr-FR"},{"@type":"Organization","@id":"https:\/\/www.massageexperts.ca\/#organization","name":"Massage Experts","url":"https:\/\/www.massageexperts.ca\/","logo":{"@type":"ImageObject","inLanguage":"fr-FR","@id":"https:\/\/www.massageexperts.ca\/#\/schema\/logo\/image\/","url":"https:\/\/www.massageexperts.ca\/wp-content\/uploads\/2024\/07\/Logo-EN.svg","contentUrl":"https:\/\/www.massageexperts.ca\/wp-content\/uploads\/2024\/07\/Logo-EN.svg","caption":"Massage Experts"},"image":{"@id":"https:\/\/www.massageexperts.ca\/#\/schema\/logo\/image\/"}}]}},"featured_image_src":null,"featured_image_src_square":null,"_links":{"self":[{"href":"https:\/\/www.massageexperts.ca\/fr\/wp-json\/wp\/v2\/pages\/1059","targetHints":{"allow":["GET"]}}],"collection":[{"href":"https:\/\/www.massageexperts.ca\/fr\/wp-json\/wp\/v2\/pages"}],"about":[{"href":"https:\/\/www.massageexperts.ca\/fr\/wp-json\/wp\/v2\/types\/page"}],"author":[{"embeddable":true,"href":"https:\/\/www.massageexperts.ca\/fr\/wp-json\/wp\/v2\/users\/1"}],"replies":[{"embeddable":true,"href":"https:\/\/www.massageexperts.ca\/fr\/wp-json\/wp\/v2\/comments?post=1059"}],"version-history":[{"count":0,"href":"https:\/\/www.massageexperts.ca\/fr\/wp-json\/wp\/v2\/pages\/1059\/revisions"}],"wp:attachment":[{"href":"https:\/\/www.massageexperts.ca\/fr\/wp-json\/wp\/v2\/media?parent=1059"}],"curies":[{"name":"wp","href":"https:\/\/api.w.org\/{rel}","templated":true}]}}