{"id":1057,"date":"2024-06-14T23:01:03","date_gmt":"2024-06-14T23:01:03","guid":{"rendered":"https:\/\/www.massageexperts.ca\/family-appointments\/"},"modified":"2024-08-06T16:08:18","modified_gmt":"2024-08-06T16:08:18","slug":"rendez-vous-familial","status":"publish","type":"page","link":"https:\/\/www.massageexperts.ca\/fr\/rendez-vous-familial\/","title":{"rendered":"Rendez-Vous Familial"},"content":{"rendered":"\n<h3 class=\"wp-block-heading\">Vos Enfants ont Besoin d\u2019\u00catre Mass\u00e9s<\/h3>\n\n\n\n<p>Leur sac \u00e0 dos est lourd, leur bureau est id\u00e9al pour s&rsquo;avachir et leur comp\u00e9titivit\u00e9 peut \u00eatre forte sur les terrains de sport. Leur cou est toujours accroch\u00e9, positionn\u00e9 pour lire un livre ou fixer leur appareil. Nos enfants ont \u00e9galement leur propre exp\u00e9rience du stress, qu&rsquo;il s&rsquo;agisse d&rsquo;\u00e9v\u00e9nements scolaires, de tensions ou de querelles familiales, ou m\u00eame de jeux avec leurs camarades. Leur corps ne peut pas tout supporter ; ils ont besoin de l&rsquo;aide et de la gu\u00e9rison qu&rsquo;un massage peut leur apporter.<\/p>\n\n\n\n<p>Il est temps d&rsquo;entamer un programme de bien-\u00eatre pour toute la famille. Vos enfants ont besoin d&rsquo;un massage !<\/p>\n\n\n\n<h4 class=\"wp-block-heading\"><strong>La massoth\u00e9rapie a \u00e9t\u00e9 reconnue efficace pour traiter les enfants souffrant de:<\/strong><\/h4>\n\n\n\n<ol class=\"wp-block-list\">\n<li>D\u00e9pression ou Anxi\u00e9t\u00e9<\/li>\n\n\n\n<li>Diab\u00e8te<\/li>\n\n\n\n<li>Asthme<\/li>\n\n\n\n<li>Probl\u00e8mes reli\u00e9s \u00e0 l\u2019Arthrite Juv\u00e9nile<\/li>\n\n\n\n<li>Troubles d\u2019Hyperactivit\u00e9<\/li>\n\n\n\n<li>Probl\u00e8mes Psychiatriques<\/li>\n<\/ol>\n\n\n\n<p>Des \u00e9tudes ont d\u00e9montr\u00e9es que les enfants autistes peuvent \u00e9galement b\u00e9n\u00e9ficier de la massoth\u00e9rapie.<\/p>\n\n\n\n<p>Le stress et la douleur peuvent provoquer des d\u00e9s\u00e9quilibres dans les syst\u00e8mes immunitaire et hormonal. Des rendez-vous r\u00e9guliers en massoth\u00e9rapie peuvent aider un enfant \u00e0 r\u00e9duire son niveau de stress, ce qui peut l&rsquo;aider \u00e0 mieux dormir.<\/p>\n\n\n\n<p>La massoth\u00e9rapie s&rsquo;av\u00e8re s\u00e9curitaire et utile pour tous les membres de la famille, quel que soit leur \u00e2ge. Les enfants, qu&rsquo;il s&rsquo;agisse de nourrissons, d&rsquo;enfants d&rsquo;\u00e2ge pr\u00e9scolaire, d&rsquo;adolescents ou m\u00eame de jeunes adultes, peuvent en b\u00e9n\u00e9ficier. C&rsquo;est un moment qui leur est r\u00e9serv\u00e9 pour soulager leur corps et leur esprit. Quoi de mieux pour votre enfant que de d\u00e9couvrir les nombreux bienfaits de la massoth\u00e9rapie d\u00e8s son plus jeune \u00e2ge, et de continuer \u00e0 l&rsquo;appr\u00e9cier au fur et \u00e0 mesure qu&rsquo;il grandit ? Il s&rsquo;agit d&rsquo;une heure d&rsquo;\u00e9vasion de leur quotidien, sans technologie, o\u00f9 ils n&rsquo;ont d&rsquo;autre choix que de se laisser aller \u00e0 la relaxation pour aider leur esprit et leurs muscles \u00e0 se d\u00e9velopper.<\/p>\n\n\n\n<h4 class=\"wp-block-heading\">Bienfaits de la Massoth\u00e9rapie pour les enfants;<\/h4>\n\n\n\n<ol class=\"wp-block-list\">\n<li>Sommeil plus profond et de meilleure qualit\u00e9<\/li>\n\n\n\n<li>Augmente la conscience corporelle et le d\u00e9veloppement neurologique<\/li>\n\n\n\n<li>Stimule les syst\u00e8mes physiologiques<\/li>\n\n\n\n<li>Diminue la douleur musculo-squelettique et augmente la capacit\u00e9 de gu\u00e9rison<\/li>\n\n\n\n<li>Diminue les niveaux de cortisol (l\u2019hormone du stress)<\/li>\n<\/ol>\n\n\n\n<p>Chez Massage Experts, nous facilitons les rendez-vous familiaux en offrant plusieurs salles de traitement avec plusieurs massoth\u00e9rapeutes certifi\u00e9s (MT). Souvent, toute la famille peut venir au cours de la m\u00eame heure. Nos massoth\u00e9rapeutes adapteront leur traitement aux besoins individuels de votre enfant et se concentreront sur la cr\u00e9ation d&rsquo;un plan d&rsquo;entretien personnalis\u00e9 en gardant \u00e0 l&rsquo;esprit ses objectifs en mati\u00e8re de sant\u00e9. De plus, nos cliniques ont des heures d&rsquo;ouverture prolong\u00e9es et sont ouvertes le week-end. Nous pouvons donc vous aider d&rsquo;une mani\u00e8re qui correspond \u00e0 votre emploi du temps.<\/p>\n\n\n\n<p>Contactez votre <a href=\"\/fr\/trouver-une-clinique\/\">clinique locale<\/a> d\u00e8s aujourd&rsquo;hui pour prendre un rendez-vous familial, ou r\u00e9servez facilement en ligne. N&rsquo;oubliez pas que Massage Experts offre la commodit\u00e9 de la facturation directe \u00e0 l&rsquo;assurance.<\/p>\n\n\n\n<p><strong>Tandis que nous nous effor\u00e7ons d&rsquo;offrir ces services, leur disponibilit\u00e9 peut \u00eatre limit\u00e9e en raison de divers facteurs. Veuillez appeler le site pour plus de d\u00e9tails.<\/strong><\/p>\n","protected":false},"excerpt":{"rendered":"<p>Vos Enfants ont Besoin d\u2019\u00catre Mass\u00e9s Leur sac \u00e0 dos est lourd, leur bureau est id\u00e9al pour s&rsquo;avachir et leur comp\u00e9titivit\u00e9 peut \u00eatre forte sur les terrains de sport. Leur cou est toujours accroch\u00e9, positionn\u00e9 pour lire un livre ou fixer leur appareil. Nos enfants ont \u00e9galement leur propre exp\u00e9rience du stress, qu&rsquo;il s&rsquo;agisse d&rsquo;\u00e9v\u00e9nements [&#8230;]<\/p>\n<p><a class=\"btn btn-secondary understrap-read-more-link\" href=\"https:\/\/www.massageexperts.ca\/fr\/rendez-vous-familial\/\">Lire la suite\u2026<span class=\"screen-reader-text\"> from Rendez-Vous Familial<\/span><\/a><\/p>\n","protected":false},"author":1,"featured_media":0,"parent":0,"menu_order":0,"comment_status":"closed","ping_status":"closed","template":"","meta":{"footnotes":""},"class_list":["post-1057","page","type-page","status-publish","hentry"],"yoast_head":"<!-- This site is optimized with the Yoast SEO plugin v27.3 - https:\/\/yoast.com\/product\/yoast-seo-wordpress\/ -->\n<title>Rendez-Vous Familial - Massage Experts<\/title>\n<meta name=\"robots\" content=\"index, follow, max-snippet:-1, max-image-preview:large, max-video-preview:-1\" \/>\n<link rel=\"canonical\" href=\"https:\/\/www.massageexperts.ca\/fr\/rendez-vous-familial\/\" \/>\n<meta property=\"og:locale\" content=\"fr_FR\" \/>\n<meta property=\"og:type\" content=\"article\" \/>\n<meta property=\"og:title\" content=\"Rendez-Vous Familial - Massage Experts\" \/>\n<meta property=\"og:description\" content=\"Vos Enfants ont Besoin d\u2019\u00catre Mass\u00e9s Leur sac \u00e0 dos est lourd, leur bureau est id\u00e9al pour s&rsquo;avachir et leur comp\u00e9titivit\u00e9 peut \u00eatre forte sur les terrains de sport. Leur cou est toujours accroch\u00e9, positionn\u00e9 pour lire un livre ou fixer leur appareil. Nos enfants ont \u00e9galement leur propre exp\u00e9rience du stress, qu&rsquo;il s&rsquo;agisse d&rsquo;\u00e9v\u00e9nements [...]Lire la suite\u2026 from Rendez-Vous Familial\" \/>\n<meta property=\"og:url\" content=\"https:\/\/www.massageexperts.ca\/fr\/rendez-vous-familial\/\" \/>\n<meta property=\"og:site_name\" content=\"Massage Experts\" \/>\n<meta property=\"article:modified_time\" content=\"2024-08-06T16:08:18+00:00\" \/>\n<meta name=\"twitter:card\" content=\"summary_large_image\" \/>\n<meta name=\"twitter:label1\" content=\"Dur\u00e9e de lecture estim\u00e9e\" \/>\n\t<meta name=\"twitter:data1\" content=\"3 minutes\" \/>\n<script type=\"application\/ld+json\" class=\"yoast-schema-graph\">{\"@context\":\"https:\\\/\\\/schema.org\",\"@graph\":[{\"@type\":\"WebPage\",\"@id\":\"https:\\\/\\\/www.massageexperts.ca\\\/fr\\\/rendez-vous-familial\\\/\",\"url\":\"https:\\\/\\\/www.massageexperts.ca\\\/fr\\\/rendez-vous-familial\\\/\",\"name\":\"Rendez-Vous Familial - Massage Experts\",\"isPartOf\":{\"@id\":\"https:\\\/\\\/www.massageexperts.ca\\\/#website\"},\"datePublished\":\"2024-06-14T23:01:03+00:00\",\"dateModified\":\"2024-08-06T16:08:18+00:00\",\"breadcrumb\":{\"@id\":\"https:\\\/\\\/www.massageexperts.ca\\\/fr\\\/rendez-vous-familial\\\/#breadcrumb\"},\"inLanguage\":\"fr-FR\",\"potentialAction\":[{\"@type\":\"ReadAction\",\"target\":[\"https:\\\/\\\/www.massageexperts.ca\\\/fr\\\/rendez-vous-familial\\\/\"]}]},{\"@type\":\"BreadcrumbList\",\"@id\":\"https:\\\/\\\/www.massageexperts.ca\\\/fr\\\/rendez-vous-familial\\\/#breadcrumb\",\"itemListElement\":[{\"@type\":\"ListItem\",\"position\":1,\"name\":\"Home\",\"item\":\"https:\\\/\\\/www.massageexperts.ca\\\/fr\\\/\"},{\"@type\":\"ListItem\",\"position\":2,\"name\":\"Rendez-Vous Familial\"}]},{\"@type\":\"WebSite\",\"@id\":\"https:\\\/\\\/www.massageexperts.ca\\\/#website\",\"url\":\"https:\\\/\\\/www.massageexperts.ca\\\/\",\"name\":\"Massage Experts\",\"description\":\"Feel Better. More Often.\",\"publisher\":{\"@id\":\"https:\\\/\\\/www.massageexperts.ca\\\/#organization\"},\"potentialAction\":[{\"@type\":\"SearchAction\",\"target\":{\"@type\":\"EntryPoint\",\"urlTemplate\":\"https:\\\/\\\/www.massageexperts.ca\\\/?s={search_term_string}\"},\"query-input\":{\"@type\":\"PropertyValueSpecification\",\"valueRequired\":true,\"valueName\":\"search_term_string\"}}],\"inLanguage\":\"fr-FR\"},{\"@type\":\"Organization\",\"@id\":\"https:\\\/\\\/www.massageexperts.ca\\\/#organization\",\"name\":\"Massage Experts\",\"url\":\"https:\\\/\\\/www.massageexperts.ca\\\/\",\"logo\":{\"@type\":\"ImageObject\",\"inLanguage\":\"fr-FR\",\"@id\":\"https:\\\/\\\/www.massageexperts.ca\\\/#\\\/schema\\\/logo\\\/image\\\/\",\"url\":\"https:\\\/\\\/www.massageexperts.ca\\\/wp-content\\\/uploads\\\/2024\\\/07\\\/Logo-EN.svg\",\"contentUrl\":\"https:\\\/\\\/www.massageexperts.ca\\\/wp-content\\\/uploads\\\/2024\\\/07\\\/Logo-EN.svg\",\"caption\":\"Massage Experts\"},\"image\":{\"@id\":\"https:\\\/\\\/www.massageexperts.ca\\\/#\\\/schema\\\/logo\\\/image\\\/\"}}]}<\/script>\n<!-- \/ Yoast SEO plugin. -->","yoast_head_json":{"title":"Rendez-Vous Familial - Massage Experts","robots":{"index":"index","follow":"follow","max-snippet":"max-snippet:-1","max-image-preview":"max-image-preview:large","max-video-preview":"max-video-preview:-1"},"canonical":"https:\/\/www.massageexperts.ca\/fr\/rendez-vous-familial\/","og_locale":"fr_FR","og_type":"article","og_title":"Rendez-Vous Familial - Massage Experts","og_description":"Vos Enfants ont Besoin d\u2019\u00catre Mass\u00e9s Leur sac \u00e0 dos est lourd, leur bureau est id\u00e9al pour s&rsquo;avachir et leur comp\u00e9titivit\u00e9 peut \u00eatre forte sur les terrains de sport. Leur cou est toujours accroch\u00e9, positionn\u00e9 pour lire un livre ou fixer leur appareil. Nos enfants ont \u00e9galement leur propre exp\u00e9rience du stress, qu&rsquo;il s&rsquo;agisse d&rsquo;\u00e9v\u00e9nements [...]Lire la suite\u2026 from Rendez-Vous Familial","og_url":"https:\/\/www.massageexperts.ca\/fr\/rendez-vous-familial\/","og_site_name":"Massage Experts","article_modified_time":"2024-08-06T16:08:18+00:00","twitter_card":"summary_large_image","twitter_misc":{"Dur\u00e9e de lecture estim\u00e9e":"3 minutes"},"schema":{"@context":"https:\/\/schema.org","@graph":[{"@type":"WebPage","@id":"https:\/\/www.massageexperts.ca\/fr\/rendez-vous-familial\/","url":"https:\/\/www.massageexperts.ca\/fr\/rendez-vous-familial\/","name":"Rendez-Vous Familial - Massage Experts","isPartOf":{"@id":"https:\/\/www.massageexperts.ca\/#website"},"datePublished":"2024-06-14T23:01:03+00:00","dateModified":"2024-08-06T16:08:18+00:00","breadcrumb":{"@id":"https:\/\/www.massageexperts.ca\/fr\/rendez-vous-familial\/#breadcrumb"},"inLanguage":"fr-FR","potentialAction":[{"@type":"ReadAction","target":["https:\/\/www.massageexperts.ca\/fr\/rendez-vous-familial\/"]}]},{"@type":"BreadcrumbList","@id":"https:\/\/www.massageexperts.ca\/fr\/rendez-vous-familial\/#breadcrumb","itemListElement":[{"@type":"ListItem","position":1,"name":"Home","item":"https:\/\/www.massageexperts.ca\/fr\/"},{"@type":"ListItem","position":2,"name":"Rendez-Vous Familial"}]},{"@type":"WebSite","@id":"https:\/\/www.massageexperts.ca\/#website","url":"https:\/\/www.massageexperts.ca\/","name":"Massage Experts","description":"Feel Better. More Often.","publisher":{"@id":"https:\/\/www.massageexperts.ca\/#organization"},"potentialAction":[{"@type":"SearchAction","target":{"@type":"EntryPoint","urlTemplate":"https:\/\/www.massageexperts.ca\/?s={search_term_string}"},"query-input":{"@type":"PropertyValueSpecification","valueRequired":true,"valueName":"search_term_string"}}],"inLanguage":"fr-FR"},{"@type":"Organization","@id":"https:\/\/www.massageexperts.ca\/#organization","name":"Massage Experts","url":"https:\/\/www.massageexperts.ca\/","logo":{"@type":"ImageObject","inLanguage":"fr-FR","@id":"https:\/\/www.massageexperts.ca\/#\/schema\/logo\/image\/","url":"https:\/\/www.massageexperts.ca\/wp-content\/uploads\/2024\/07\/Logo-EN.svg","contentUrl":"https:\/\/www.massageexperts.ca\/wp-content\/uploads\/2024\/07\/Logo-EN.svg","caption":"Massage Experts"},"image":{"@id":"https:\/\/www.massageexperts.ca\/#\/schema\/logo\/image\/"}}]}},"featured_image_src":null,"featured_image_src_square":null,"_links":{"self":[{"href":"https:\/\/www.massageexperts.ca\/fr\/wp-json\/wp\/v2\/pages\/1057","targetHints":{"allow":["GET"]}}],"collection":[{"href":"https:\/\/www.massageexperts.ca\/fr\/wp-json\/wp\/v2\/pages"}],"about":[{"href":"https:\/\/www.massageexperts.ca\/fr\/wp-json\/wp\/v2\/types\/page"}],"author":[{"embeddable":true,"href":"https:\/\/www.massageexperts.ca\/fr\/wp-json\/wp\/v2\/users\/1"}],"replies":[{"embeddable":true,"href":"https:\/\/www.massageexperts.ca\/fr\/wp-json\/wp\/v2\/comments?post=1057"}],"version-history":[{"count":0,"href":"https:\/\/www.massageexperts.ca\/fr\/wp-json\/wp\/v2\/pages\/1057\/revisions"}],"wp:attachment":[{"href":"https:\/\/www.massageexperts.ca\/fr\/wp-json\/wp\/v2\/media?parent=1057"}],"curies":[{"name":"wp","href":"https:\/\/api.w.org\/{rel}","templated":true}]}}