{"id":1055,"date":"2024-06-14T22:57:00","date_gmt":"2024-06-14T22:57:00","guid":{"rendered":"https:\/\/www.massageexperts.ca\/group-reservations\/"},"modified":"2024-08-06T16:08:24","modified_gmt":"2024-08-06T16:08:24","slug":"reservations-de-groupe","status":"publish","type":"page","link":"https:\/\/www.massageexperts.ca\/fr\/reservations-de-groupe\/","title":{"rendered":"R\u00e9servations de Groupe"},"content":{"rendered":"\n<h3 class=\"wp-block-heading\">Bienvenue au nouveau concept d\u2019activit\u00e9 de groupe, Rendez-vous de d\u00e9tente!<\/h3>\n\n\n\n<p>Puisque nos cliniques offrent plusieurs salles de traitement et plusieurs th\u00e9rapeutes, rassemblez votre groupe et appelez-nous au sujet de nos Rendez-vous de Relaxation. Profitez d&rsquo;un moment de divertissement ensemble, suivi d&rsquo;une visite de d\u00e9compression \u00e0 votre Massage Experts local pour une heure ou plus de calme et de relaxation. C&rsquo;est le rendez-vous id\u00e9al dans le monde tr\u00e9pidant d&rsquo;aujourd&rsquo;hui. Ces rendez-vous peuvent aller de deux personnes \u00e0 n&rsquo;importe quel nombre de personnes que notre clinique peut accueillir en m\u00eame temps (selon le nombre de salles de traitement et la disponibilit\u00e9 des massoth\u00e9rapeutes). Chaque traitement est effectu\u00e9 dans l&rsquo;intimit\u00e9 de votre propre salle de traitement. La facturation directe peut \u00eatre offerte aux personnes admissibles.<\/p>\n\n\n\n<p>Ce concept est parfait pour<\/p>\n\n\n\n<ul class=\"wp-block-list\">\n<li>Une Rencontre Familiale<\/li>\n\n\n\n<li>Une F\u00eate de Bachelorette<\/li>\n\n\n\n<li>Un Enterrement de Vie de Gar\u00e7on<\/li>\n\n\n\n<li>Un \u00c9v\u00e9nement d\u2019Appr\u00e9ciation du Personel<\/li>\n\n\n\n<li>Une R\u00e9union de Famille ou d\u2019Amis<\/li>\n<\/ul>\n\n\n\n<p>Contactez votre clinique <a href=\"\/fr\/trouver-une-clinique\/\">Massage Experts<\/a> d\u00e8s aujourd\u2019hui pour en savoir plus!<\/p>\n\n\n\n<p><strong>Tandis que nous nous effor\u00e7ons d&rsquo;offrir ces services, leur disponibilit\u00e9 peut \u00eatre limit\u00e9e en raison de divers facteurs. Veuillez appeler le site pour plus de d\u00e9tails.<\/strong><\/p>\n","protected":false},"excerpt":{"rendered":"<p>Bienvenue au nouveau concept d\u2019activit\u00e9 de groupe, Rendez-vous de d\u00e9tente! Puisque nos cliniques offrent plusieurs salles de traitement et plusieurs th\u00e9rapeutes, rassemblez votre groupe et appelez-nous au sujet de nos Rendez-vous de Relaxation. Profitez d&rsquo;un moment de divertissement ensemble, suivi d&rsquo;une visite de d\u00e9compression \u00e0 votre Massage Experts local pour une heure ou plus de [&#8230;]<\/p>\n<p><a class=\"btn btn-secondary understrap-read-more-link\" href=\"https:\/\/www.massageexperts.ca\/fr\/reservations-de-groupe\/\">Lire la suite\u2026<span class=\"screen-reader-text\"> from R\u00e9servations de Groupe<\/span><\/a><\/p>\n","protected":false},"author":1,"featured_media":0,"parent":0,"menu_order":0,"comment_status":"closed","ping_status":"closed","template":"","meta":{"footnotes":""},"class_list":["post-1055","page","type-page","status-publish","hentry"],"yoast_head":"<!-- This site is optimized with the Yoast SEO plugin v27.3 - https:\/\/yoast.com\/product\/yoast-seo-wordpress\/ -->\n<title>R\u00e9servations de Groupe - Massage Experts<\/title>\n<meta name=\"robots\" content=\"index, follow, max-snippet:-1, max-image-preview:large, max-video-preview:-1\" \/>\n<link rel=\"canonical\" href=\"https:\/\/www.massageexperts.ca\/fr\/reservations-de-groupe\/\" \/>\n<meta property=\"og:locale\" content=\"fr_FR\" \/>\n<meta property=\"og:type\" content=\"article\" \/>\n<meta property=\"og:title\" content=\"R\u00e9servations de Groupe - Massage Experts\" \/>\n<meta property=\"og:description\" content=\"Bienvenue au nouveau concept d\u2019activit\u00e9 de groupe, Rendez-vous de d\u00e9tente! Puisque nos cliniques offrent plusieurs salles de traitement et plusieurs th\u00e9rapeutes, rassemblez votre groupe et appelez-nous au sujet de nos Rendez-vous de Relaxation. Profitez d&rsquo;un moment de divertissement ensemble, suivi d&rsquo;une visite de d\u00e9compression \u00e0 votre Massage Experts local pour une heure ou plus de [...]Lire la suite\u2026 from R\u00e9servations de Groupe\" \/>\n<meta property=\"og:url\" content=\"https:\/\/www.massageexperts.ca\/fr\/reservations-de-groupe\/\" \/>\n<meta property=\"og:site_name\" content=\"Massage Experts\" \/>\n<meta property=\"article:modified_time\" content=\"2024-08-06T16:08:24+00:00\" \/>\n<meta name=\"twitter:card\" content=\"summary_large_image\" \/>\n<meta name=\"twitter:label1\" content=\"Dur\u00e9e de lecture estim\u00e9e\" \/>\n\t<meta name=\"twitter:data1\" content=\"1 minute\" \/>\n<script type=\"application\/ld+json\" class=\"yoast-schema-graph\">{\"@context\":\"https:\\\/\\\/schema.org\",\"@graph\":[{\"@type\":\"WebPage\",\"@id\":\"https:\\\/\\\/www.massageexperts.ca\\\/fr\\\/reservations-de-groupe\\\/\",\"url\":\"https:\\\/\\\/www.massageexperts.ca\\\/fr\\\/reservations-de-groupe\\\/\",\"name\":\"R\u00e9servations de Groupe - Massage Experts\",\"isPartOf\":{\"@id\":\"https:\\\/\\\/www.massageexperts.ca\\\/#website\"},\"datePublished\":\"2024-06-14T22:57:00+00:00\",\"dateModified\":\"2024-08-06T16:08:24+00:00\",\"breadcrumb\":{\"@id\":\"https:\\\/\\\/www.massageexperts.ca\\\/fr\\\/reservations-de-groupe\\\/#breadcrumb\"},\"inLanguage\":\"fr-FR\",\"potentialAction\":[{\"@type\":\"ReadAction\",\"target\":[\"https:\\\/\\\/www.massageexperts.ca\\\/fr\\\/reservations-de-groupe\\\/\"]}]},{\"@type\":\"BreadcrumbList\",\"@id\":\"https:\\\/\\\/www.massageexperts.ca\\\/fr\\\/reservations-de-groupe\\\/#breadcrumb\",\"itemListElement\":[{\"@type\":\"ListItem\",\"position\":1,\"name\":\"Home\",\"item\":\"https:\\\/\\\/www.massageexperts.ca\\\/fr\\\/\"},{\"@type\":\"ListItem\",\"position\":2,\"name\":\"R\u00e9servations de Groupe\"}]},{\"@type\":\"WebSite\",\"@id\":\"https:\\\/\\\/www.massageexperts.ca\\\/#website\",\"url\":\"https:\\\/\\\/www.massageexperts.ca\\\/\",\"name\":\"Massage Experts\",\"description\":\"Feel Better. More Often.\",\"publisher\":{\"@id\":\"https:\\\/\\\/www.massageexperts.ca\\\/#organization\"},\"potentialAction\":[{\"@type\":\"SearchAction\",\"target\":{\"@type\":\"EntryPoint\",\"urlTemplate\":\"https:\\\/\\\/www.massageexperts.ca\\\/?s={search_term_string}\"},\"query-input\":{\"@type\":\"PropertyValueSpecification\",\"valueRequired\":true,\"valueName\":\"search_term_string\"}}],\"inLanguage\":\"fr-FR\"},{\"@type\":\"Organization\",\"@id\":\"https:\\\/\\\/www.massageexperts.ca\\\/#organization\",\"name\":\"Massage Experts\",\"url\":\"https:\\\/\\\/www.massageexperts.ca\\\/\",\"logo\":{\"@type\":\"ImageObject\",\"inLanguage\":\"fr-FR\",\"@id\":\"https:\\\/\\\/www.massageexperts.ca\\\/#\\\/schema\\\/logo\\\/image\\\/\",\"url\":\"https:\\\/\\\/www.massageexperts.ca\\\/wp-content\\\/uploads\\\/2024\\\/07\\\/Logo-EN.svg\",\"contentUrl\":\"https:\\\/\\\/www.massageexperts.ca\\\/wp-content\\\/uploads\\\/2024\\\/07\\\/Logo-EN.svg\",\"caption\":\"Massage Experts\"},\"image\":{\"@id\":\"https:\\\/\\\/www.massageexperts.ca\\\/#\\\/schema\\\/logo\\\/image\\\/\"}}]}<\/script>\n<!-- \/ Yoast SEO plugin. -->","yoast_head_json":{"title":"R\u00e9servations de Groupe - Massage Experts","robots":{"index":"index","follow":"follow","max-snippet":"max-snippet:-1","max-image-preview":"max-image-preview:large","max-video-preview":"max-video-preview:-1"},"canonical":"https:\/\/www.massageexperts.ca\/fr\/reservations-de-groupe\/","og_locale":"fr_FR","og_type":"article","og_title":"R\u00e9servations de Groupe - Massage Experts","og_description":"Bienvenue au nouveau concept d\u2019activit\u00e9 de groupe, Rendez-vous de d\u00e9tente! Puisque nos cliniques offrent plusieurs salles de traitement et plusieurs th\u00e9rapeutes, rassemblez votre groupe et appelez-nous au sujet de nos Rendez-vous de Relaxation. Profitez d&rsquo;un moment de divertissement ensemble, suivi d&rsquo;une visite de d\u00e9compression \u00e0 votre Massage Experts local pour une heure ou plus de [...]Lire la suite\u2026 from R\u00e9servations de Groupe","og_url":"https:\/\/www.massageexperts.ca\/fr\/reservations-de-groupe\/","og_site_name":"Massage Experts","article_modified_time":"2024-08-06T16:08:24+00:00","twitter_card":"summary_large_image","twitter_misc":{"Dur\u00e9e de lecture estim\u00e9e":"1 minute"},"schema":{"@context":"https:\/\/schema.org","@graph":[{"@type":"WebPage","@id":"https:\/\/www.massageexperts.ca\/fr\/reservations-de-groupe\/","url":"https:\/\/www.massageexperts.ca\/fr\/reservations-de-groupe\/","name":"R\u00e9servations de Groupe - Massage Experts","isPartOf":{"@id":"https:\/\/www.massageexperts.ca\/#website"},"datePublished":"2024-06-14T22:57:00+00:00","dateModified":"2024-08-06T16:08:24+00:00","breadcrumb":{"@id":"https:\/\/www.massageexperts.ca\/fr\/reservations-de-groupe\/#breadcrumb"},"inLanguage":"fr-FR","potentialAction":[{"@type":"ReadAction","target":["https:\/\/www.massageexperts.ca\/fr\/reservations-de-groupe\/"]}]},{"@type":"BreadcrumbList","@id":"https:\/\/www.massageexperts.ca\/fr\/reservations-de-groupe\/#breadcrumb","itemListElement":[{"@type":"ListItem","position":1,"name":"Home","item":"https:\/\/www.massageexperts.ca\/fr\/"},{"@type":"ListItem","position":2,"name":"R\u00e9servations de Groupe"}]},{"@type":"WebSite","@id":"https:\/\/www.massageexperts.ca\/#website","url":"https:\/\/www.massageexperts.ca\/","name":"Massage Experts","description":"Feel Better. More Often.","publisher":{"@id":"https:\/\/www.massageexperts.ca\/#organization"},"potentialAction":[{"@type":"SearchAction","target":{"@type":"EntryPoint","urlTemplate":"https:\/\/www.massageexperts.ca\/?s={search_term_string}"},"query-input":{"@type":"PropertyValueSpecification","valueRequired":true,"valueName":"search_term_string"}}],"inLanguage":"fr-FR"},{"@type":"Organization","@id":"https:\/\/www.massageexperts.ca\/#organization","name":"Massage Experts","url":"https:\/\/www.massageexperts.ca\/","logo":{"@type":"ImageObject","inLanguage":"fr-FR","@id":"https:\/\/www.massageexperts.ca\/#\/schema\/logo\/image\/","url":"https:\/\/www.massageexperts.ca\/wp-content\/uploads\/2024\/07\/Logo-EN.svg","contentUrl":"https:\/\/www.massageexperts.ca\/wp-content\/uploads\/2024\/07\/Logo-EN.svg","caption":"Massage Experts"},"image":{"@id":"https:\/\/www.massageexperts.ca\/#\/schema\/logo\/image\/"}}]}},"featured_image_src":null,"featured_image_src_square":null,"_links":{"self":[{"href":"https:\/\/www.massageexperts.ca\/fr\/wp-json\/wp\/v2\/pages\/1055","targetHints":{"allow":["GET"]}}],"collection":[{"href":"https:\/\/www.massageexperts.ca\/fr\/wp-json\/wp\/v2\/pages"}],"about":[{"href":"https:\/\/www.massageexperts.ca\/fr\/wp-json\/wp\/v2\/types\/page"}],"author":[{"embeddable":true,"href":"https:\/\/www.massageexperts.ca\/fr\/wp-json\/wp\/v2\/users\/1"}],"replies":[{"embeddable":true,"href":"https:\/\/www.massageexperts.ca\/fr\/wp-json\/wp\/v2\/comments?post=1055"}],"version-history":[{"count":0,"href":"https:\/\/www.massageexperts.ca\/fr\/wp-json\/wp\/v2\/pages\/1055\/revisions"}],"wp:attachment":[{"href":"https:\/\/www.massageexperts.ca\/fr\/wp-json\/wp\/v2\/media?parent=1055"}],"curies":[{"name":"wp","href":"https:\/\/api.w.org\/{rel}","templated":true}]}}