{"id":1042,"date":"2024-06-19T23:44:29","date_gmt":"2024-06-20T03:44:29","guid":{"rendered":"https:\/\/www.massageexperts.ca\/franchising\/walkthrough\/"},"modified":"2024-08-06T16:07:04","modified_gmt":"2024-08-06T16:07:04","slug":"les-etapes","status":"publish","type":"page","link":"https:\/\/www.massageexperts.ca\/fr\/franchises\/les-etapes\/","title":{"rendered":"Les \u00c9tapes"},"content":{"rendered":"\n<h4 class=\"wp-block-heading\">Notre \u00e9quipe d\u2019experts en franchise vous accompagnera \u00e0 chaque \u00e9tape!<br>Notre processus de d\u00e9veloppement est transparent et con\u00e7u pour vous fournir une op\u00e9ration cl\u00e9 en main.<\/h4>\n\n\n\n<p><strong>S\u00c9LECTION DU SITE ET N\u00c9GOCIATIONS DE BAIL:<\/strong><br>Nous travaillons avec vous et notre r\u00e9seau de courtiers pour s\u00e9lectionner le meilleur site possible. Nous faisons toutes les n\u00e9gociations pour vous obtenir les meilleures conditions de location possibles.<\/p>\n\n\n\n<p><strong>CONSTRUCTION ET DESIGN:<\/strong><br>Notre \u00e9quipe de conception d\u00e9di\u00e9e veillera \u00e0 ce que votre clinique soit conforme aux normes et aux r\u00e9glementations de notre mod\u00e8le de conception sup\u00e9rieure. Nous vous fournissons le concept cl\u00e9 en main, vous offrant une tranquillit\u00e9 d\u2019esprit lorsque vous vous pr\u00e9parez \u00e0 entreprendre ce parcours passionnant.<\/p>\n\n\n\n<p><strong>SOUTIEN CONTINUE:<\/strong><br>Nos directeurs des op\u00e9rations travailleront en \u00e9troite collaboration avec vous et vous fourniront, \u00e0 vous et \u00e0 votre personnel, un suppport op\u00e9rationnel continue.<\/p>\n\n\n\n<p><strong>SYSTEME OPERATIONNEL:<\/strong><br>Nous vous fournirons les outils et les ressources n\u00e9cessaires au bon fonctionnement de votre clinique.<\/p>\n\n\n\n<p><strong>LA RECHERCHE ET LE D\u00c9VELOPPEMENT :<\/strong><br>Nous nous engageons \u00e0 poursuivre nos activit\u00e9s de recherche et de d\u00e9veloppement afin de rester \u00e0 la page, de suivre les tendances, de d\u00e9velopper notre marque et d&rsquo;\u00eatre \u00e0 la pointe du progr\u00e8s sur notre march\u00e9. Notre d\u00e9veloppement constant vous aidera \u00e0 vous d\u00e9marquer de vos concurrents.<\/p>\n\n\n\n<p><strong>PROGRAMME DE SOUTIEN AU MARKETING:<\/strong><br>Nous vous fournirons un programme de marketing local et vous assisterons dans l\u2019ex\u00e9cution de diverses initiatives de marketing.<\/p>\n","protected":false},"excerpt":{"rendered":"<p>Notre \u00e9quipe d\u2019experts en franchise vous accompagnera \u00e0 chaque \u00e9tape!Notre processus de d\u00e9veloppement est transparent et con\u00e7u pour vous fournir une op\u00e9ration cl\u00e9 en main. S\u00c9LECTION DU SITE ET N\u00c9GOCIATIONS DE BAIL:Nous travaillons avec vous et notre r\u00e9seau de courtiers pour s\u00e9lectionner le meilleur site possible. Nous faisons toutes les n\u00e9gociations pour vous obtenir les [&#8230;]<\/p>\n<p><a class=\"btn btn-secondary understrap-read-more-link\" href=\"https:\/\/www.massageexperts.ca\/fr\/franchises\/les-etapes\/\">Lire la suite\u2026<span class=\"screen-reader-text\"> from Les \u00c9tapes<\/span><\/a><\/p>\n","protected":false},"author":1,"featured_media":0,"parent":1029,"menu_order":0,"comment_status":"closed","ping_status":"closed","template":"","meta":{"footnotes":""},"class_list":["post-1042","page","type-page","status-publish","hentry"],"yoast_head":"<!-- This site is optimized with the Yoast SEO plugin v27.3 - https:\/\/yoast.com\/product\/yoast-seo-wordpress\/ -->\n<title>Les \u00c9tapes - Massage Experts<\/title>\n<meta name=\"robots\" content=\"index, follow, max-snippet:-1, max-image-preview:large, max-video-preview:-1\" \/>\n<link rel=\"canonical\" href=\"https:\/\/www.massageexperts.ca\/fr\/franchises\/les-etapes\/\" \/>\n<meta property=\"og:locale\" content=\"fr_FR\" \/>\n<meta property=\"og:type\" content=\"article\" \/>\n<meta property=\"og:title\" content=\"Les \u00c9tapes - Massage Experts\" \/>\n<meta property=\"og:description\" content=\"Notre \u00e9quipe d\u2019experts en franchise vous accompagnera \u00e0 chaque \u00e9tape!Notre processus de d\u00e9veloppement est transparent et con\u00e7u pour vous fournir une op\u00e9ration cl\u00e9 en main. S\u00c9LECTION DU SITE ET N\u00c9GOCIATIONS DE BAIL:Nous travaillons avec vous et notre r\u00e9seau de courtiers pour s\u00e9lectionner le meilleur site possible. Nous faisons toutes les n\u00e9gociations pour vous obtenir les [...]Lire la suite\u2026 from Les \u00c9tapes\" \/>\n<meta property=\"og:url\" content=\"https:\/\/www.massageexperts.ca\/fr\/franchises\/les-etapes\/\" \/>\n<meta property=\"og:site_name\" content=\"Massage Experts\" \/>\n<meta property=\"article:modified_time\" content=\"2024-08-06T16:07:04+00:00\" \/>\n<meta name=\"twitter:card\" content=\"summary_large_image\" \/>\n<meta name=\"twitter:label1\" content=\"Dur\u00e9e de lecture estim\u00e9e\" \/>\n\t<meta name=\"twitter:data1\" content=\"1 minute\" \/>\n<script type=\"application\/ld+json\" class=\"yoast-schema-graph\">{\"@context\":\"https:\\\/\\\/schema.org\",\"@graph\":[{\"@type\":\"WebPage\",\"@id\":\"https:\\\/\\\/www.massageexperts.ca\\\/fr\\\/franchises\\\/les-etapes\\\/\",\"url\":\"https:\\\/\\\/www.massageexperts.ca\\\/fr\\\/franchises\\\/les-etapes\\\/\",\"name\":\"Les \u00c9tapes - Massage Experts\",\"isPartOf\":{\"@id\":\"https:\\\/\\\/www.massageexperts.ca\\\/#website\"},\"datePublished\":\"2024-06-20T03:44:29+00:00\",\"dateModified\":\"2024-08-06T16:07:04+00:00\",\"breadcrumb\":{\"@id\":\"https:\\\/\\\/www.massageexperts.ca\\\/fr\\\/franchises\\\/les-etapes\\\/#breadcrumb\"},\"inLanguage\":\"fr-FR\",\"potentialAction\":[{\"@type\":\"ReadAction\",\"target\":[\"https:\\\/\\\/www.massageexperts.ca\\\/fr\\\/franchises\\\/les-etapes\\\/\"]}]},{\"@type\":\"BreadcrumbList\",\"@id\":\"https:\\\/\\\/www.massageexperts.ca\\\/fr\\\/franchises\\\/les-etapes\\\/#breadcrumb\",\"itemListElement\":[{\"@type\":\"ListItem\",\"position\":1,\"name\":\"Home\",\"item\":\"https:\\\/\\\/www.massageexperts.ca\\\/fr\\\/\"},{\"@type\":\"ListItem\",\"position\":2,\"name\":\"Franchises\",\"item\":\"https:\\\/\\\/www.massageexperts.ca\\\/fr\\\/franchises\\\/\"},{\"@type\":\"ListItem\",\"position\":3,\"name\":\"Les \u00c9tapes\"}]},{\"@type\":\"WebSite\",\"@id\":\"https:\\\/\\\/www.massageexperts.ca\\\/#website\",\"url\":\"https:\\\/\\\/www.massageexperts.ca\\\/\",\"name\":\"Massage Experts\",\"description\":\"Feel Better. More Often.\",\"publisher\":{\"@id\":\"https:\\\/\\\/www.massageexperts.ca\\\/#organization\"},\"potentialAction\":[{\"@type\":\"SearchAction\",\"target\":{\"@type\":\"EntryPoint\",\"urlTemplate\":\"https:\\\/\\\/www.massageexperts.ca\\\/?s={search_term_string}\"},\"query-input\":{\"@type\":\"PropertyValueSpecification\",\"valueRequired\":true,\"valueName\":\"search_term_string\"}}],\"inLanguage\":\"fr-FR\"},{\"@type\":\"Organization\",\"@id\":\"https:\\\/\\\/www.massageexperts.ca\\\/#organization\",\"name\":\"Massage Experts\",\"url\":\"https:\\\/\\\/www.massageexperts.ca\\\/\",\"logo\":{\"@type\":\"ImageObject\",\"inLanguage\":\"fr-FR\",\"@id\":\"https:\\\/\\\/www.massageexperts.ca\\\/#\\\/schema\\\/logo\\\/image\\\/\",\"url\":\"https:\\\/\\\/www.massageexperts.ca\\\/wp-content\\\/uploads\\\/2024\\\/07\\\/Logo-EN.svg\",\"contentUrl\":\"https:\\\/\\\/www.massageexperts.ca\\\/wp-content\\\/uploads\\\/2024\\\/07\\\/Logo-EN.svg\",\"caption\":\"Massage Experts\"},\"image\":{\"@id\":\"https:\\\/\\\/www.massageexperts.ca\\\/#\\\/schema\\\/logo\\\/image\\\/\"}}]}<\/script>\n<!-- \/ Yoast SEO plugin. -->","yoast_head_json":{"title":"Les \u00c9tapes - Massage Experts","robots":{"index":"index","follow":"follow","max-snippet":"max-snippet:-1","max-image-preview":"max-image-preview:large","max-video-preview":"max-video-preview:-1"},"canonical":"https:\/\/www.massageexperts.ca\/fr\/franchises\/les-etapes\/","og_locale":"fr_FR","og_type":"article","og_title":"Les \u00c9tapes - Massage Experts","og_description":"Notre \u00e9quipe d\u2019experts en franchise vous accompagnera \u00e0 chaque \u00e9tape!Notre processus de d\u00e9veloppement est transparent et con\u00e7u pour vous fournir une op\u00e9ration cl\u00e9 en main. S\u00c9LECTION DU SITE ET N\u00c9GOCIATIONS DE BAIL:Nous travaillons avec vous et notre r\u00e9seau de courtiers pour s\u00e9lectionner le meilleur site possible. Nous faisons toutes les n\u00e9gociations pour vous obtenir les [...]Lire la suite\u2026 from Les \u00c9tapes","og_url":"https:\/\/www.massageexperts.ca\/fr\/franchises\/les-etapes\/","og_site_name":"Massage Experts","article_modified_time":"2024-08-06T16:07:04+00:00","twitter_card":"summary_large_image","twitter_misc":{"Dur\u00e9e de lecture estim\u00e9e":"1 minute"},"schema":{"@context":"https:\/\/schema.org","@graph":[{"@type":"WebPage","@id":"https:\/\/www.massageexperts.ca\/fr\/franchises\/les-etapes\/","url":"https:\/\/www.massageexperts.ca\/fr\/franchises\/les-etapes\/","name":"Les \u00c9tapes - Massage Experts","isPartOf":{"@id":"https:\/\/www.massageexperts.ca\/#website"},"datePublished":"2024-06-20T03:44:29+00:00","dateModified":"2024-08-06T16:07:04+00:00","breadcrumb":{"@id":"https:\/\/www.massageexperts.ca\/fr\/franchises\/les-etapes\/#breadcrumb"},"inLanguage":"fr-FR","potentialAction":[{"@type":"ReadAction","target":["https:\/\/www.massageexperts.ca\/fr\/franchises\/les-etapes\/"]}]},{"@type":"BreadcrumbList","@id":"https:\/\/www.massageexperts.ca\/fr\/franchises\/les-etapes\/#breadcrumb","itemListElement":[{"@type":"ListItem","position":1,"name":"Home","item":"https:\/\/www.massageexperts.ca\/fr\/"},{"@type":"ListItem","position":2,"name":"Franchises","item":"https:\/\/www.massageexperts.ca\/fr\/franchises\/"},{"@type":"ListItem","position":3,"name":"Les \u00c9tapes"}]},{"@type":"WebSite","@id":"https:\/\/www.massageexperts.ca\/#website","url":"https:\/\/www.massageexperts.ca\/","name":"Massage Experts","description":"Feel Better. More Often.","publisher":{"@id":"https:\/\/www.massageexperts.ca\/#organization"},"potentialAction":[{"@type":"SearchAction","target":{"@type":"EntryPoint","urlTemplate":"https:\/\/www.massageexperts.ca\/?s={search_term_string}"},"query-input":{"@type":"PropertyValueSpecification","valueRequired":true,"valueName":"search_term_string"}}],"inLanguage":"fr-FR"},{"@type":"Organization","@id":"https:\/\/www.massageexperts.ca\/#organization","name":"Massage Experts","url":"https:\/\/www.massageexperts.ca\/","logo":{"@type":"ImageObject","inLanguage":"fr-FR","@id":"https:\/\/www.massageexperts.ca\/#\/schema\/logo\/image\/","url":"https:\/\/www.massageexperts.ca\/wp-content\/uploads\/2024\/07\/Logo-EN.svg","contentUrl":"https:\/\/www.massageexperts.ca\/wp-content\/uploads\/2024\/07\/Logo-EN.svg","caption":"Massage Experts"},"image":{"@id":"https:\/\/www.massageexperts.ca\/#\/schema\/logo\/image\/"}}]}},"featured_image_src":null,"featured_image_src_square":null,"_links":{"self":[{"href":"https:\/\/www.massageexperts.ca\/fr\/wp-json\/wp\/v2\/pages\/1042","targetHints":{"allow":["GET"]}}],"collection":[{"href":"https:\/\/www.massageexperts.ca\/fr\/wp-json\/wp\/v2\/pages"}],"about":[{"href":"https:\/\/www.massageexperts.ca\/fr\/wp-json\/wp\/v2\/types\/page"}],"author":[{"embeddable":true,"href":"https:\/\/www.massageexperts.ca\/fr\/wp-json\/wp\/v2\/users\/1"}],"replies":[{"embeddable":true,"href":"https:\/\/www.massageexperts.ca\/fr\/wp-json\/wp\/v2\/comments?post=1042"}],"version-history":[{"count":0,"href":"https:\/\/www.massageexperts.ca\/fr\/wp-json\/wp\/v2\/pages\/1042\/revisions"}],"up":[{"embeddable":true,"href":"https:\/\/www.massageexperts.ca\/fr\/wp-json\/wp\/v2\/pages\/1029"}],"wp:attachment":[{"href":"https:\/\/www.massageexperts.ca\/fr\/wp-json\/wp\/v2\/media?parent=1042"}],"curies":[{"name":"wp","href":"https:\/\/api.w.org\/{rel}","templated":true}]}}