{"id":1040,"date":"2024-06-19T23:42:28","date_gmt":"2024-06-19T23:42:28","guid":{"rendered":"https:\/\/www.massageexperts.ca\/franchising\/foire-aux-questions\/"},"modified":"2024-08-06T16:06:54","modified_gmt":"2024-08-06T16:06:54","slug":"foire-aux-questions","status":"publish","type":"page","link":"https:\/\/www.massageexperts.ca\/fr\/franchises\/foire-aux-questions\/","title":{"rendered":"Foire aux Questions"},"content":{"rendered":"\n<p><strong>Q: Quels sont les frais de franchise initiaux?<\/strong><br>R: Nos frais de franchise sont de 39,500 $.<\/p>\n\n\n\n<p><strong>Q: Quel est le montant des redevances et des frais de publicit\u00e9?<\/strong><br>R: La redevance mensuelle correspond \u00e0 5% des ventes brutes et les frais de publicit\u00e9, \u00e0 2% des ventes brutes.<\/p>\n\n\n\n<p><strong>Q: Quel est l\u2019investissement?<\/strong><br>R: Un forfait cl\u00e9 en main varie entre 323,767 $ et 441,767 $ (selon le march\u00e9 et la grandeur de l\u2019emplacements). Cela inclut tout l\u2019\u00e9quipement, l\u2019affichage et les am\u00e9liorations locatives. Sont inclus dans cette estimation: la s\u00e9lection du site, le design et le d\u00e9veloppement, les plans, les permis, les honoraires d\u2019entrepreneur g\u00e9n\u00e9ral, la formation et aide \u00e0 l\u2019ouverture ainsi que les syst\u00e8mes op\u00e9rationnels. Nous vous soutenons dans tous les aspects de votre projet et vous fournissons une entreprise cl\u00e9 en main. Cela vous donne la tranquillit\u00e9 d\u2019esprit tout en vous pr\u00e9parant au succ\u00e8s. Vous devez poss\u00e9der un minimum de 100,000$ \u2013 125,000$ non grev\u00e9 pour pouvoir devenir franchis\u00e9. This includes all equipment, signage, leasehold improvements, deposits, inventory, working capital and the franchise fee. Included in this fee are your site selection, design and development, plans, permits, general contractor fee, training and opening assistance as well as operational systems. We handle every aspect of your project and provide you with a turn-key business. This gives you peace of mind while setting you up for success. You are required to have a minimum $100,000 -$125,000 unencumbered cash to qualify to become a franchisee.<\/p>\n\n\n\n<p><strong><strong>Q: Peut-on obtenir du financement?<\/strong><\/strong><br>R: Le Programme de financement des Petites Entreprises du Canada (PPE) est offert \u00e0 tous les Canadiens. Ce financement peut atteindre 90% du co\u00fbt des actifs tangibles.<\/p>\n\n\n\n<p><strong>Q: Ai-je besoin d\u2019exp\u00e9rience?<br><\/strong>R: Notre mod\u00e8le d\u2019affaires a \u00e9t\u00e9 d\u00e9velopp\u00e9 pour vous fournir un syst\u00e8me d\u2019op\u00e9rations tr\u00e8s facile \u00e0 utiliser.<br>L\u2019exp\u00e9rience n\u2019est pas n\u00e9cessaire. Notre programme de formation vous pr\u00e9parera \u00e0 l\u2019ouverture de votre clinique.<\/p>\n\n\n\n<p><strong>Q: Qu\u2019est-ce qui nous distingue de nos concurrents?<br><\/strong>R: Nos cliniques ont un design sup\u00e9rieur, moderne et contemporain. Nous offrons aux franchis\u00e9s plus d\u2019une source de revenus via nos services de massoth\u00e9rapie, ainsi que nos lignes de produits au d\u00e9tail. Nous vous fournissons un projet cl\u00e9 en main, vous assurant ainsi une tranquillit\u00e9 d\u2019esprit. Notre si\u00e8ge social national travaille continuellement \u00e0 l\u2019am\u00e9lioration de notre marque afin de mieux servir notre communaut\u00e9 de franchis\u00e9s. Notre \u00e9quipe de professionnels compte plus de 30 ans d\u2019exp\u00e9rience combin\u00e9e dans l\u2019industrie de la massoth\u00e9rapie et du franchisage. Nous sommes ici pour vous aider \u00e0 d\u00e9veloppez votre entreprise.<\/p>\n\n\n\n<p><strong>\u00cates-vous pr\u00eat \u00e0 transformer votre r\u00eave en r\u00e9alit\u00e9?<br><\/strong>Contactez-nous aujourd\u2019hui au 1-877-385-6419<br>franchising@massageexperts.ca<\/p>\n","protected":false},"excerpt":{"rendered":"<p>Q: Quels sont les frais de franchise initiaux?R: Nos frais de franchise sont de 39,500 $. Q: Quel est le montant des redevances et des frais de publicit\u00e9?R: La redevance mensuelle correspond \u00e0 5% des ventes brutes et les frais de publicit\u00e9, \u00e0 2% des ventes brutes. Q: Quel est l\u2019investissement?R: Un forfait cl\u00e9 en [&#8230;]<\/p>\n<p><a class=\"btn btn-secondary understrap-read-more-link\" href=\"https:\/\/www.massageexperts.ca\/fr\/franchises\/foire-aux-questions\/\">Lire la suite\u2026<span class=\"screen-reader-text\"> from Foire aux Questions<\/span><\/a><\/p>\n","protected":false},"author":1,"featured_media":0,"parent":1029,"menu_order":0,"comment_status":"closed","ping_status":"closed","template":"","meta":{"footnotes":""},"class_list":["post-1040","page","type-page","status-publish","hentry"],"yoast_head":"<!-- This site is optimized with the Yoast SEO plugin v27.3 - https:\/\/yoast.com\/product\/yoast-seo-wordpress\/ -->\n<title>Foire aux Questions - Massage Experts<\/title>\n<meta name=\"robots\" content=\"index, follow, max-snippet:-1, max-image-preview:large, max-video-preview:-1\" \/>\n<link rel=\"canonical\" href=\"https:\/\/www.massageexperts.ca\/fr\/franchises\/foire-aux-questions\/\" \/>\n<meta property=\"og:locale\" content=\"fr_FR\" \/>\n<meta property=\"og:type\" content=\"article\" \/>\n<meta property=\"og:title\" content=\"Foire aux Questions - Massage Experts\" \/>\n<meta property=\"og:description\" content=\"Q: Quels sont les frais de franchise initiaux?R: Nos frais de franchise sont de 39,500 $. Q: Quel est le montant des redevances et des frais de publicit\u00e9?R: La redevance mensuelle correspond \u00e0 5% des ventes brutes et les frais de publicit\u00e9, \u00e0 2% des ventes brutes. Q: Quel est l\u2019investissement?R: Un forfait cl\u00e9 en [...]Lire la suite\u2026 from Foire aux Questions\" \/>\n<meta property=\"og:url\" content=\"https:\/\/www.massageexperts.ca\/fr\/franchises\/foire-aux-questions\/\" \/>\n<meta property=\"og:site_name\" content=\"Massage Experts\" \/>\n<meta property=\"article:modified_time\" content=\"2024-08-06T16:06:54+00:00\" \/>\n<meta name=\"twitter:card\" content=\"summary_large_image\" \/>\n<meta name=\"twitter:label1\" content=\"Dur\u00e9e de lecture estim\u00e9e\" \/>\n\t<meta name=\"twitter:data1\" content=\"2 minutes\" \/>\n<script type=\"application\/ld+json\" class=\"yoast-schema-graph\">{\"@context\":\"https:\\\/\\\/schema.org\",\"@graph\":[{\"@type\":\"WebPage\",\"@id\":\"https:\\\/\\\/www.massageexperts.ca\\\/fr\\\/franchises\\\/foire-aux-questions\\\/\",\"url\":\"https:\\\/\\\/www.massageexperts.ca\\\/fr\\\/franchises\\\/foire-aux-questions\\\/\",\"name\":\"Foire aux Questions - Massage Experts\",\"isPartOf\":{\"@id\":\"https:\\\/\\\/www.massageexperts.ca\\\/#website\"},\"datePublished\":\"2024-06-19T23:42:28+00:00\",\"dateModified\":\"2024-08-06T16:06:54+00:00\",\"breadcrumb\":{\"@id\":\"https:\\\/\\\/www.massageexperts.ca\\\/fr\\\/franchises\\\/foire-aux-questions\\\/#breadcrumb\"},\"inLanguage\":\"fr-FR\",\"potentialAction\":[{\"@type\":\"ReadAction\",\"target\":[\"https:\\\/\\\/www.massageexperts.ca\\\/fr\\\/franchises\\\/foire-aux-questions\\\/\"]}]},{\"@type\":\"BreadcrumbList\",\"@id\":\"https:\\\/\\\/www.massageexperts.ca\\\/fr\\\/franchises\\\/foire-aux-questions\\\/#breadcrumb\",\"itemListElement\":[{\"@type\":\"ListItem\",\"position\":1,\"name\":\"Home\",\"item\":\"https:\\\/\\\/www.massageexperts.ca\\\/fr\\\/\"},{\"@type\":\"ListItem\",\"position\":2,\"name\":\"Franchises\",\"item\":\"https:\\\/\\\/www.massageexperts.ca\\\/fr\\\/franchises\\\/\"},{\"@type\":\"ListItem\",\"position\":3,\"name\":\"Foire aux Questions\"}]},{\"@type\":\"WebSite\",\"@id\":\"https:\\\/\\\/www.massageexperts.ca\\\/#website\",\"url\":\"https:\\\/\\\/www.massageexperts.ca\\\/\",\"name\":\"Massage Experts\",\"description\":\"Feel Better. More Often.\",\"publisher\":{\"@id\":\"https:\\\/\\\/www.massageexperts.ca\\\/#organization\"},\"potentialAction\":[{\"@type\":\"SearchAction\",\"target\":{\"@type\":\"EntryPoint\",\"urlTemplate\":\"https:\\\/\\\/www.massageexperts.ca\\\/?s={search_term_string}\"},\"query-input\":{\"@type\":\"PropertyValueSpecification\",\"valueRequired\":true,\"valueName\":\"search_term_string\"}}],\"inLanguage\":\"fr-FR\"},{\"@type\":\"Organization\",\"@id\":\"https:\\\/\\\/www.massageexperts.ca\\\/#organization\",\"name\":\"Massage Experts\",\"url\":\"https:\\\/\\\/www.massageexperts.ca\\\/\",\"logo\":{\"@type\":\"ImageObject\",\"inLanguage\":\"fr-FR\",\"@id\":\"https:\\\/\\\/www.massageexperts.ca\\\/#\\\/schema\\\/logo\\\/image\\\/\",\"url\":\"https:\\\/\\\/www.massageexperts.ca\\\/wp-content\\\/uploads\\\/2024\\\/07\\\/Logo-EN.svg\",\"contentUrl\":\"https:\\\/\\\/www.massageexperts.ca\\\/wp-content\\\/uploads\\\/2024\\\/07\\\/Logo-EN.svg\",\"caption\":\"Massage Experts\"},\"image\":{\"@id\":\"https:\\\/\\\/www.massageexperts.ca\\\/#\\\/schema\\\/logo\\\/image\\\/\"}}]}<\/script>\n<!-- \/ Yoast SEO plugin. -->","yoast_head_json":{"title":"Foire aux Questions - Massage Experts","robots":{"index":"index","follow":"follow","max-snippet":"max-snippet:-1","max-image-preview":"max-image-preview:large","max-video-preview":"max-video-preview:-1"},"canonical":"https:\/\/www.massageexperts.ca\/fr\/franchises\/foire-aux-questions\/","og_locale":"fr_FR","og_type":"article","og_title":"Foire aux Questions - Massage Experts","og_description":"Q: Quels sont les frais de franchise initiaux?R: Nos frais de franchise sont de 39,500 $. Q: Quel est le montant des redevances et des frais de publicit\u00e9?R: La redevance mensuelle correspond \u00e0 5% des ventes brutes et les frais de publicit\u00e9, \u00e0 2% des ventes brutes. Q: Quel est l\u2019investissement?R: Un forfait cl\u00e9 en [...]Lire la suite\u2026 from Foire aux Questions","og_url":"https:\/\/www.massageexperts.ca\/fr\/franchises\/foire-aux-questions\/","og_site_name":"Massage Experts","article_modified_time":"2024-08-06T16:06:54+00:00","twitter_card":"summary_large_image","twitter_misc":{"Dur\u00e9e de lecture estim\u00e9e":"2 minutes"},"schema":{"@context":"https:\/\/schema.org","@graph":[{"@type":"WebPage","@id":"https:\/\/www.massageexperts.ca\/fr\/franchises\/foire-aux-questions\/","url":"https:\/\/www.massageexperts.ca\/fr\/franchises\/foire-aux-questions\/","name":"Foire aux Questions - Massage Experts","isPartOf":{"@id":"https:\/\/www.massageexperts.ca\/#website"},"datePublished":"2024-06-19T23:42:28+00:00","dateModified":"2024-08-06T16:06:54+00:00","breadcrumb":{"@id":"https:\/\/www.massageexperts.ca\/fr\/franchises\/foire-aux-questions\/#breadcrumb"},"inLanguage":"fr-FR","potentialAction":[{"@type":"ReadAction","target":["https:\/\/www.massageexperts.ca\/fr\/franchises\/foire-aux-questions\/"]}]},{"@type":"BreadcrumbList","@id":"https:\/\/www.massageexperts.ca\/fr\/franchises\/foire-aux-questions\/#breadcrumb","itemListElement":[{"@type":"ListItem","position":1,"name":"Home","item":"https:\/\/www.massageexperts.ca\/fr\/"},{"@type":"ListItem","position":2,"name":"Franchises","item":"https:\/\/www.massageexperts.ca\/fr\/franchises\/"},{"@type":"ListItem","position":3,"name":"Foire aux Questions"}]},{"@type":"WebSite","@id":"https:\/\/www.massageexperts.ca\/#website","url":"https:\/\/www.massageexperts.ca\/","name":"Massage Experts","description":"Feel Better. More Often.","publisher":{"@id":"https:\/\/www.massageexperts.ca\/#organization"},"potentialAction":[{"@type":"SearchAction","target":{"@type":"EntryPoint","urlTemplate":"https:\/\/www.massageexperts.ca\/?s={search_term_string}"},"query-input":{"@type":"PropertyValueSpecification","valueRequired":true,"valueName":"search_term_string"}}],"inLanguage":"fr-FR"},{"@type":"Organization","@id":"https:\/\/www.massageexperts.ca\/#organization","name":"Massage Experts","url":"https:\/\/www.massageexperts.ca\/","logo":{"@type":"ImageObject","inLanguage":"fr-FR","@id":"https:\/\/www.massageexperts.ca\/#\/schema\/logo\/image\/","url":"https:\/\/www.massageexperts.ca\/wp-content\/uploads\/2024\/07\/Logo-EN.svg","contentUrl":"https:\/\/www.massageexperts.ca\/wp-content\/uploads\/2024\/07\/Logo-EN.svg","caption":"Massage Experts"},"image":{"@id":"https:\/\/www.massageexperts.ca\/#\/schema\/logo\/image\/"}}]}},"featured_image_src":null,"featured_image_src_square":null,"_links":{"self":[{"href":"https:\/\/www.massageexperts.ca\/fr\/wp-json\/wp\/v2\/pages\/1040","targetHints":{"allow":["GET"]}}],"collection":[{"href":"https:\/\/www.massageexperts.ca\/fr\/wp-json\/wp\/v2\/pages"}],"about":[{"href":"https:\/\/www.massageexperts.ca\/fr\/wp-json\/wp\/v2\/types\/page"}],"author":[{"embeddable":true,"href":"https:\/\/www.massageexperts.ca\/fr\/wp-json\/wp\/v2\/users\/1"}],"replies":[{"embeddable":true,"href":"https:\/\/www.massageexperts.ca\/fr\/wp-json\/wp\/v2\/comments?post=1040"}],"version-history":[{"count":0,"href":"https:\/\/www.massageexperts.ca\/fr\/wp-json\/wp\/v2\/pages\/1040\/revisions"}],"up":[{"embeddable":true,"href":"https:\/\/www.massageexperts.ca\/fr\/wp-json\/wp\/v2\/pages\/1029"}],"wp:attachment":[{"href":"https:\/\/www.massageexperts.ca\/fr\/wp-json\/wp\/v2\/media?parent=1040"}],"curies":[{"name":"wp","href":"https:\/\/api.w.org\/{rel}","templated":true}]}}