{"id":1038,"date":"2024-06-19T23:39:48","date_gmt":"2024-06-19T23:39:48","guid":{"rendered":"https:\/\/www.massageexperts.ca\/franchising-page\/support-training\/"},"modified":"2024-08-06T16:07:32","modified_gmt":"2024-08-06T16:07:32","slug":"soutien-et-formation","status":"publish","type":"page","link":"https:\/\/www.massageexperts.ca\/fr\/franchises\/soutien-et-formation\/","title":{"rendered":"Soutien et Formation"},"content":{"rendered":"\n<h3 class=\"wp-block-heading\">Qu\u2019offrons-nous \u00e0 nos franchis\u00e9s?<\/h3>\n\n\n\t<div class=\"mex-check-list-block-container\">\n\t\t<ul>\n\t\t\t\t\t\t\t\n\t\t\t\t<li class=\"list-item \">\n\t\t\t\t\t\t\t\t\t\tUn mod\u00e8le d\u2019entreprise qui cr\u00e9e une demande r\u00e9currente de services de massoth\u00e9rapie\t\t\t\t\t\t\t\t\t<\/li>\n\t\t\t\t\t\t\t\n\t\t\t\t<li class=\"list-item \">\n\t\t\t\t\t\t\t\t\t\tUne atmosph\u00e8re non genr\u00e9e, chaleureuse et invitante\t\t\t\t\t\t\t\t\t<\/li>\n\t\t\t\t\t\t\t\n\t\t\t\t<li class=\"list-item \">\n\t\t\t\t\t\t\t\t\t\tUn projet d\u2019affaires complet et cl\u00e9 en main qui vous procure une tranquillit\u00e9 d\u2019esprit\t\t\t\t\t\t\t\t\t<\/li>\n\t\t\t\t\t\t\t\n\t\t\t\t<li class=\"list-item \">\n\t\t\t\t\t\t\t\t\t\tSupport pour demande de financement, s\u00e9lection du site et support pour des services complets de construction\t\t\t\t\t\t\t\t\t<\/li>\n\t\t\t\t\t\t\t\n\t\t\t\t<li class=\"list-item \">\n\t\t\t\t\t\t\t\t\t\tUn plan marketing pour votre grande ouverture ainsi que des strat\u00e9gies et des plans marketing continus\t\t\t\t\t\t\t\t\t<\/li>\n\t\t\t\t\t\t\t\n\t\t\t\t<li class=\"list-item \">\n\t\t\t\t\t\t\t\t\t\tSoutien op\u00e9rationnel continu et conseils\t\t\t\t\t\t\t\t\t<\/li>\n\t\t\t\t\t\t\t\n\t\t\t\t<li class=\"list-item \">\n\t\t\t\t\t\t\t\t\t\tFormation compl\u00e8te avant l\u2019ouverture, durant l\u2019ouverture et encadrement et les conseils sur base continue\t\t\t\t\t\t\t\t\t<\/li>\n\t\t\t\t\t\t\t\n\t\t\t\t<li class=\"list-item \">\n\t\t\t\t\t\t\t\t\t\tUtilisation de notre marque, logos et mat\u00e9riel enregistr\u00e9\t\t\t\t\t\t\t\t\t<\/li>\n\t\t\t\t\t\t\t\n\t\t\t\t<li class=\"list-item \">\n\t\t\t\t\t\t\t\t\t\tCroissance continue, d\u00e9veloppement des services et des produits au d\u00e9tail\t\t\t\t\t\t\t\t\t<\/li>\n\t\t\t\t\t<\/ul>\n\t<\/div>\n","protected":false},"excerpt":{"rendered":"<p>Qu\u2019offrons-nous \u00e0 nos franchis\u00e9s? [&#8230;]<\/p>\n<p><a class=\"btn btn-secondary understrap-read-more-link\" href=\"https:\/\/www.massageexperts.ca\/fr\/franchises\/soutien-et-formation\/\">Lire la suite\u2026<span class=\"screen-reader-text\"> from Soutien et Formation<\/span><\/a><\/p>\n","protected":false},"author":1,"featured_media":0,"parent":1029,"menu_order":0,"comment_status":"closed","ping_status":"closed","template":"","meta":{"footnotes":""},"class_list":["post-1038","page","type-page","status-publish","hentry"],"yoast_head":"<!-- This site is optimized with the Yoast SEO plugin v27.3 - https:\/\/yoast.com\/product\/yoast-seo-wordpress\/ -->\n<title>Soutien et Formation - Massage Experts<\/title>\n<meta name=\"robots\" content=\"index, follow, max-snippet:-1, max-image-preview:large, max-video-preview:-1\" \/>\n<link rel=\"canonical\" href=\"https:\/\/www.massageexperts.ca\/fr\/franchises\/soutien-et-formation\/\" \/>\n<meta property=\"og:locale\" content=\"fr_FR\" \/>\n<meta property=\"og:type\" content=\"article\" \/>\n<meta property=\"og:title\" content=\"Soutien et Formation - Massage Experts\" \/>\n<meta property=\"og:description\" content=\"Qu\u2019offrons-nous \u00e0 nos franchis\u00e9s? [...]Lire la suite\u2026 from Soutien et Formation\" \/>\n<meta property=\"og:url\" content=\"https:\/\/www.massageexperts.ca\/fr\/franchises\/soutien-et-formation\/\" \/>\n<meta property=\"og:site_name\" content=\"Massage Experts\" \/>\n<meta property=\"article:modified_time\" content=\"2024-08-06T16:07:32+00:00\" \/>\n<meta name=\"twitter:card\" content=\"summary_large_image\" \/>\n<meta name=\"twitter:label1\" content=\"Dur\u00e9e de lecture estim\u00e9e\" \/>\n\t<meta name=\"twitter:data1\" content=\"1 minute\" \/>\n<script type=\"application\/ld+json\" class=\"yoast-schema-graph\">{\"@context\":\"https:\\\/\\\/schema.org\",\"@graph\":[{\"@type\":\"WebPage\",\"@id\":\"https:\\\/\\\/www.massageexperts.ca\\\/fr\\\/franchises\\\/soutien-et-formation\\\/\",\"url\":\"https:\\\/\\\/www.massageexperts.ca\\\/fr\\\/franchises\\\/soutien-et-formation\\\/\",\"name\":\"Soutien et Formation - Massage Experts\",\"isPartOf\":{\"@id\":\"https:\\\/\\\/www.massageexperts.ca\\\/#website\"},\"datePublished\":\"2024-06-19T23:39:48+00:00\",\"dateModified\":\"2024-08-06T16:07:32+00:00\",\"breadcrumb\":{\"@id\":\"https:\\\/\\\/www.massageexperts.ca\\\/fr\\\/franchises\\\/soutien-et-formation\\\/#breadcrumb\"},\"inLanguage\":\"fr-FR\",\"potentialAction\":[{\"@type\":\"ReadAction\",\"target\":[\"https:\\\/\\\/www.massageexperts.ca\\\/fr\\\/franchises\\\/soutien-et-formation\\\/\"]}]},{\"@type\":\"BreadcrumbList\",\"@id\":\"https:\\\/\\\/www.massageexperts.ca\\\/fr\\\/franchises\\\/soutien-et-formation\\\/#breadcrumb\",\"itemListElement\":[{\"@type\":\"ListItem\",\"position\":1,\"name\":\"Home\",\"item\":\"https:\\\/\\\/www.massageexperts.ca\\\/fr\\\/\"},{\"@type\":\"ListItem\",\"position\":2,\"name\":\"Franchises\",\"item\":\"https:\\\/\\\/www.massageexperts.ca\\\/fr\\\/franchises\\\/\"},{\"@type\":\"ListItem\",\"position\":3,\"name\":\"Soutien et Formation\"}]},{\"@type\":\"WebSite\",\"@id\":\"https:\\\/\\\/www.massageexperts.ca\\\/#website\",\"url\":\"https:\\\/\\\/www.massageexperts.ca\\\/\",\"name\":\"Massage Experts\",\"description\":\"Feel Better. More Often.\",\"publisher\":{\"@id\":\"https:\\\/\\\/www.massageexperts.ca\\\/#organization\"},\"potentialAction\":[{\"@type\":\"SearchAction\",\"target\":{\"@type\":\"EntryPoint\",\"urlTemplate\":\"https:\\\/\\\/www.massageexperts.ca\\\/?s={search_term_string}\"},\"query-input\":{\"@type\":\"PropertyValueSpecification\",\"valueRequired\":true,\"valueName\":\"search_term_string\"}}],\"inLanguage\":\"fr-FR\"},{\"@type\":\"Organization\",\"@id\":\"https:\\\/\\\/www.massageexperts.ca\\\/#organization\",\"name\":\"Massage Experts\",\"url\":\"https:\\\/\\\/www.massageexperts.ca\\\/\",\"logo\":{\"@type\":\"ImageObject\",\"inLanguage\":\"fr-FR\",\"@id\":\"https:\\\/\\\/www.massageexperts.ca\\\/#\\\/schema\\\/logo\\\/image\\\/\",\"url\":\"https:\\\/\\\/www.massageexperts.ca\\\/wp-content\\\/uploads\\\/2024\\\/07\\\/Logo-EN.svg\",\"contentUrl\":\"https:\\\/\\\/www.massageexperts.ca\\\/wp-content\\\/uploads\\\/2024\\\/07\\\/Logo-EN.svg\",\"caption\":\"Massage Experts\"},\"image\":{\"@id\":\"https:\\\/\\\/www.massageexperts.ca\\\/#\\\/schema\\\/logo\\\/image\\\/\"}}]}<\/script>\n<!-- \/ Yoast SEO plugin. -->","yoast_head_json":{"title":"Soutien et Formation - Massage Experts","robots":{"index":"index","follow":"follow","max-snippet":"max-snippet:-1","max-image-preview":"max-image-preview:large","max-video-preview":"max-video-preview:-1"},"canonical":"https:\/\/www.massageexperts.ca\/fr\/franchises\/soutien-et-formation\/","og_locale":"fr_FR","og_type":"article","og_title":"Soutien et Formation - Massage Experts","og_description":"Qu\u2019offrons-nous \u00e0 nos franchis\u00e9s? [...]Lire la suite\u2026 from Soutien et Formation","og_url":"https:\/\/www.massageexperts.ca\/fr\/franchises\/soutien-et-formation\/","og_site_name":"Massage Experts","article_modified_time":"2024-08-06T16:07:32+00:00","twitter_card":"summary_large_image","twitter_misc":{"Dur\u00e9e de lecture estim\u00e9e":"1 minute"},"schema":{"@context":"https:\/\/schema.org","@graph":[{"@type":"WebPage","@id":"https:\/\/www.massageexperts.ca\/fr\/franchises\/soutien-et-formation\/","url":"https:\/\/www.massageexperts.ca\/fr\/franchises\/soutien-et-formation\/","name":"Soutien et Formation - Massage Experts","isPartOf":{"@id":"https:\/\/www.massageexperts.ca\/#website"},"datePublished":"2024-06-19T23:39:48+00:00","dateModified":"2024-08-06T16:07:32+00:00","breadcrumb":{"@id":"https:\/\/www.massageexperts.ca\/fr\/franchises\/soutien-et-formation\/#breadcrumb"},"inLanguage":"fr-FR","potentialAction":[{"@type":"ReadAction","target":["https:\/\/www.massageexperts.ca\/fr\/franchises\/soutien-et-formation\/"]}]},{"@type":"BreadcrumbList","@id":"https:\/\/www.massageexperts.ca\/fr\/franchises\/soutien-et-formation\/#breadcrumb","itemListElement":[{"@type":"ListItem","position":1,"name":"Home","item":"https:\/\/www.massageexperts.ca\/fr\/"},{"@type":"ListItem","position":2,"name":"Franchises","item":"https:\/\/www.massageexperts.ca\/fr\/franchises\/"},{"@type":"ListItem","position":3,"name":"Soutien et Formation"}]},{"@type":"WebSite","@id":"https:\/\/www.massageexperts.ca\/#website","url":"https:\/\/www.massageexperts.ca\/","name":"Massage Experts","description":"Feel Better. More Often.","publisher":{"@id":"https:\/\/www.massageexperts.ca\/#organization"},"potentialAction":[{"@type":"SearchAction","target":{"@type":"EntryPoint","urlTemplate":"https:\/\/www.massageexperts.ca\/?s={search_term_string}"},"query-input":{"@type":"PropertyValueSpecification","valueRequired":true,"valueName":"search_term_string"}}],"inLanguage":"fr-FR"},{"@type":"Organization","@id":"https:\/\/www.massageexperts.ca\/#organization","name":"Massage Experts","url":"https:\/\/www.massageexperts.ca\/","logo":{"@type":"ImageObject","inLanguage":"fr-FR","@id":"https:\/\/www.massageexperts.ca\/#\/schema\/logo\/image\/","url":"https:\/\/www.massageexperts.ca\/wp-content\/uploads\/2024\/07\/Logo-EN.svg","contentUrl":"https:\/\/www.massageexperts.ca\/wp-content\/uploads\/2024\/07\/Logo-EN.svg","caption":"Massage Experts"},"image":{"@id":"https:\/\/www.massageexperts.ca\/#\/schema\/logo\/image\/"}}]}},"featured_image_src":null,"featured_image_src_square":null,"_links":{"self":[{"href":"https:\/\/www.massageexperts.ca\/fr\/wp-json\/wp\/v2\/pages\/1038","targetHints":{"allow":["GET"]}}],"collection":[{"href":"https:\/\/www.massageexperts.ca\/fr\/wp-json\/wp\/v2\/pages"}],"about":[{"href":"https:\/\/www.massageexperts.ca\/fr\/wp-json\/wp\/v2\/types\/page"}],"author":[{"embeddable":true,"href":"https:\/\/www.massageexperts.ca\/fr\/wp-json\/wp\/v2\/users\/1"}],"replies":[{"embeddable":true,"href":"https:\/\/www.massageexperts.ca\/fr\/wp-json\/wp\/v2\/comments?post=1038"}],"version-history":[{"count":0,"href":"https:\/\/www.massageexperts.ca\/fr\/wp-json\/wp\/v2\/pages\/1038\/revisions"}],"up":[{"embeddable":true,"href":"https:\/\/www.massageexperts.ca\/fr\/wp-json\/wp\/v2\/pages\/1029"}],"wp:attachment":[{"href":"https:\/\/www.massageexperts.ca\/fr\/wp-json\/wp\/v2\/media?parent=1038"}],"curies":[{"name":"wp","href":"https:\/\/api.w.org\/{rel}","templated":true}]}}