{"id":1006,"date":"2024-02-11T19:31:34","date_gmt":"2024-02-12T00:31:34","guid":{"rendered":"https:\/\/www.massageexperts.ca\/careers-page\/"},"modified":"2024-08-06T16:06:16","modified_gmt":"2024-08-06T16:06:16","slug":"carrieres","status":"publish","type":"page","link":"https:\/\/www.massageexperts.ca\/fr\/carrieres\/","title":{"rendered":"Carri\u00e8re"},"content":{"rendered":"\n<h1 class=\"wp-block-heading\">Massage Experts est toujours \u00e0 la recherche de professionnels talentueux!<\/h1>\n\n\n\n<p>Soumettez-nous vos coordonn\u00e9es dans l\u2019espace ci-dessous ou contactez-nous \u00e0\u00a0<a href=\"mailto:hr@massageexperts.ca\">hr@massageexperts.ca<\/a>\u00a0en mentionnant votre pr\u00e9f\u00e9rence g\u00e9ographique, en joignant votre cv et une lettre de motivation exprimant votre int\u00e9r\u00eat \u00e0 travailler pour Massage Experts.<\/p>\n\n\n\n<p>Nous proposons notre Massoth\u00e9rapeutes\u00a0:<\/p>\n\n\n\t<div class=\"mex-check-list-block-container\">\n\t\t<ul>\n\t\t\t\t\t\t\t\n\t\t\t\t<li class=\"list-item \">\n\t\t\t\t\t\t\t\t\t\tR\u00e9mun\u00e9ration comp\u00e9titive par traitement\t\t\t\t\t\t\t\t\t<\/li>\n\t\t\t\t\t\t\t\n\t\t\t\t<li class=\"list-item \">\n\t\t\t\t\t\t\t\t\t\tRevenu suppl\u00e9mentaire gr\u00e2ce \u00e0 des modalit\u00e9s de traitement enrichies\t\t\t\t\t\t\t\t\t<\/li>\n\t\t\t\t\t\t\t\n\t\t\t\t<li class=\"list-item \">\n\t\t\t\t\t\t\t\t\t\tRevenu suppl\u00e9mentaire gr\u00e2ce \u00e0 la commission de vente au d\u00e9tail (facultatif)\t\t\t\t\t\t\t\t\t<\/li>\n\t\t\t\t\t\t\t\n\t\t\t\t<li class=\"list-item \">\n\t\t\t\t\t\t\t\t\t\tHoraires flexibles avec planification en ligne\t\t\t\t\t\t\t\t\t<\/li>\n\t\t\t\t\t\t\t\n\t\t\t\t<li class=\"list-item \">\n\t\t\t\t\t\t\t\t\t\tSyst\u00e8me de planification et de paie transparent\t\t\t\t\t\t\t\t\t<\/li>\n\t\t\t\t\t\t\t\n\t\t\t\t<li class=\"list-item \">\n\t\t\t\t\t\t\t\t\t\tPrestations de soins de sant\u00e9 facultatives*\t\t\t\t\t\t\t\t\t<\/li>\n\t\t\t\t\t\t\t\n\t\t\t\t<li class=\"list-item \">\n\t\t\t\t\t\t\t\t\t\tFormation continue (opportunit\u00e9s CEC)\t\t\t\t\t\t\t\t\t<\/li>\n\t\t\t\t\t\t\t\n\t\t\t\t<li class=\"list-item \">\n\t\t\t\t\t\t\t\t\t\tEnvironnement de travail professionnel et organis\u00e9\t\t\t\t\t\t\t\t\t<\/li>\n\t\t\t\t\t\t\t\n\t\t\t\t<li class=\"list-item \">\n\t\t\t\t\t\t\t\t\t\tToutes les fournitures de massage et les t\u00e2ches administratives\t\t\t\t\t\t\t\t\t<\/li>\n\t\t\t\t\t\t\t\n\t\t\t\t<li class=\"list-item \">\n\t\t\t\t\t\t\t\t\t\tLessive et entretien de la clinique inclus\t\t\t\t\t\t\t\t\t<\/li>\n\t\t\t\t\t<\/ul>\n\t<\/div>\n\n\n\n<p>Notre objectif est d\u2019aider nos clients \u00e0 Se Sentir Mieux, Plus Souvent&nbsp;!<\/p>\n\n\n\n<p>Si le v\u00f4tre l\u2019est aussi, postulez d\u00e8s aujourd\u2019hui&nbsp;!<\/p>\n","protected":false},"excerpt":{"rendered":"<p>Massage Experts est toujours \u00e0 la recherche de professionnels talentueux! Soumettez-nous vos coordonn\u00e9es dans l\u2019espace ci-dessous ou contactez-nous \u00e0\u00a0hr@massageexperts.ca\u00a0en mentionnant votre pr\u00e9f\u00e9rence g\u00e9ographique, en joignant votre cv et une lettre de motivation exprimant votre int\u00e9r\u00eat \u00e0 travailler pour Massage Experts. Nous proposons notre Massoth\u00e9rapeutes\u00a0: Notre objectif est d\u2019aider nos clients \u00e0 Se Sentir Mieux, Plus [&#8230;]<\/p>\n<p><a class=\"btn btn-secondary understrap-read-more-link\" href=\"https:\/\/www.massageexperts.ca\/fr\/carrieres\/\">Lire la suite\u2026<span class=\"screen-reader-text\"> from Carri\u00e8re<\/span><\/a><\/p>\n","protected":false},"author":1,"featured_media":0,"parent":0,"menu_order":0,"comment_status":"closed","ping_status":"closed","template":"page-careers.php","meta":{"footnotes":""},"class_list":["post-1006","page","type-page","status-publish","hentry"],"yoast_head":"<!-- This site is optimized with the Yoast SEO plugin v27.3 - https:\/\/yoast.com\/product\/yoast-seo-wordpress\/ -->\n<title>Joindre Notre \u00c9quipe | Massage Experts<\/title>\n<meta name=\"robots\" content=\"index, follow, max-snippet:-1, max-image-preview:large, max-video-preview:-1\" \/>\n<link rel=\"canonical\" href=\"https:\/\/www.massageexperts.ca\/fr\/carrieres\/\" \/>\n<meta property=\"og:locale\" content=\"fr_FR\" \/>\n<meta property=\"og:type\" content=\"article\" \/>\n<meta property=\"og:title\" content=\"Joindre Notre \u00c9quipe | Massage Experts\" \/>\n<meta property=\"og:description\" content=\"Massage Experts est toujours \u00e0 la recherche de professionnels talentueux! Soumettez-nous vos coordonn\u00e9es dans l\u2019espace ci-dessous ou contactez-nous \u00e0\u00a0hr@massageexperts.ca\u00a0en mentionnant votre pr\u00e9f\u00e9rence g\u00e9ographique, en joignant votre cv et une lettre de motivation exprimant votre int\u00e9r\u00eat \u00e0 travailler pour Massage Experts. Nous proposons notre Massoth\u00e9rapeutes\u00a0: Notre objectif est d\u2019aider nos clients \u00e0 Se Sentir Mieux, Plus [...]Lire la suite\u2026 from Carri\u00e8re\" \/>\n<meta property=\"og:url\" content=\"https:\/\/www.massageexperts.ca\/fr\/carrieres\/\" \/>\n<meta property=\"og:site_name\" content=\"Massage Experts\" \/>\n<meta property=\"article:modified_time\" content=\"2024-08-06T16:06:16+00:00\" \/>\n<meta name=\"twitter:card\" content=\"summary_large_image\" \/>\n<meta name=\"twitter:label1\" content=\"Dur\u00e9e de lecture estim\u00e9e\" \/>\n\t<meta name=\"twitter:data1\" content=\"1 minute\" \/>\n<script type=\"application\/ld+json\" class=\"yoast-schema-graph\">{\"@context\":\"https:\\\/\\\/schema.org\",\"@graph\":[{\"@type\":\"WebPage\",\"@id\":\"https:\\\/\\\/www.massageexperts.ca\\\/fr\\\/carrieres\\\/\",\"url\":\"https:\\\/\\\/www.massageexperts.ca\\\/fr\\\/carrieres\\\/\",\"name\":\"Joindre Notre \u00c9quipe | Massage Experts\",\"isPartOf\":{\"@id\":\"https:\\\/\\\/www.massageexperts.ca\\\/#website\"},\"datePublished\":\"2024-02-12T00:31:34+00:00\",\"dateModified\":\"2024-08-06T16:06:16+00:00\",\"breadcrumb\":{\"@id\":\"https:\\\/\\\/www.massageexperts.ca\\\/fr\\\/carrieres\\\/#breadcrumb\"},\"inLanguage\":\"fr-FR\",\"potentialAction\":[{\"@type\":\"ReadAction\",\"target\":[\"https:\\\/\\\/www.massageexperts.ca\\\/fr\\\/carrieres\\\/\"]}]},{\"@type\":\"BreadcrumbList\",\"@id\":\"https:\\\/\\\/www.massageexperts.ca\\\/fr\\\/carrieres\\\/#breadcrumb\",\"itemListElement\":[{\"@type\":\"ListItem\",\"position\":1,\"name\":\"Home\",\"item\":\"https:\\\/\\\/www.massageexperts.ca\\\/fr\\\/\"},{\"@type\":\"ListItem\",\"position\":2,\"name\":\"Carri\u00e8re\"}]},{\"@type\":\"WebSite\",\"@id\":\"https:\\\/\\\/www.massageexperts.ca\\\/#website\",\"url\":\"https:\\\/\\\/www.massageexperts.ca\\\/\",\"name\":\"Massage Experts\",\"description\":\"Feel Better. More Often.\",\"publisher\":{\"@id\":\"https:\\\/\\\/www.massageexperts.ca\\\/#organization\"},\"potentialAction\":[{\"@type\":\"SearchAction\",\"target\":{\"@type\":\"EntryPoint\",\"urlTemplate\":\"https:\\\/\\\/www.massageexperts.ca\\\/?s={search_term_string}\"},\"query-input\":{\"@type\":\"PropertyValueSpecification\",\"valueRequired\":true,\"valueName\":\"search_term_string\"}}],\"inLanguage\":\"fr-FR\"},{\"@type\":\"Organization\",\"@id\":\"https:\\\/\\\/www.massageexperts.ca\\\/#organization\",\"name\":\"Massage Experts\",\"url\":\"https:\\\/\\\/www.massageexperts.ca\\\/\",\"logo\":{\"@type\":\"ImageObject\",\"inLanguage\":\"fr-FR\",\"@id\":\"https:\\\/\\\/www.massageexperts.ca\\\/#\\\/schema\\\/logo\\\/image\\\/\",\"url\":\"https:\\\/\\\/www.massageexperts.ca\\\/wp-content\\\/uploads\\\/2024\\\/07\\\/Logo-EN.svg\",\"contentUrl\":\"https:\\\/\\\/www.massageexperts.ca\\\/wp-content\\\/uploads\\\/2024\\\/07\\\/Logo-EN.svg\",\"caption\":\"Massage Experts\"},\"image\":{\"@id\":\"https:\\\/\\\/www.massageexperts.ca\\\/#\\\/schema\\\/logo\\\/image\\\/\"}}]}<\/script>\n<!-- \/ Yoast SEO plugin. -->","yoast_head_json":{"title":"Joindre Notre \u00c9quipe | Massage Experts","robots":{"index":"index","follow":"follow","max-snippet":"max-snippet:-1","max-image-preview":"max-image-preview:large","max-video-preview":"max-video-preview:-1"},"canonical":"https:\/\/www.massageexperts.ca\/fr\/carrieres\/","og_locale":"fr_FR","og_type":"article","og_title":"Joindre Notre \u00c9quipe | Massage Experts","og_description":"Massage Experts est toujours \u00e0 la recherche de professionnels talentueux! Soumettez-nous vos coordonn\u00e9es dans l\u2019espace ci-dessous ou contactez-nous \u00e0\u00a0hr@massageexperts.ca\u00a0en mentionnant votre pr\u00e9f\u00e9rence g\u00e9ographique, en joignant votre cv et une lettre de motivation exprimant votre int\u00e9r\u00eat \u00e0 travailler pour Massage Experts. Nous proposons notre Massoth\u00e9rapeutes\u00a0: Notre objectif est d\u2019aider nos clients \u00e0 Se Sentir Mieux, Plus [...]Lire la suite\u2026 from Carri\u00e8re","og_url":"https:\/\/www.massageexperts.ca\/fr\/carrieres\/","og_site_name":"Massage Experts","article_modified_time":"2024-08-06T16:06:16+00:00","twitter_card":"summary_large_image","twitter_misc":{"Dur\u00e9e de lecture estim\u00e9e":"1 minute"},"schema":{"@context":"https:\/\/schema.org","@graph":[{"@type":"WebPage","@id":"https:\/\/www.massageexperts.ca\/fr\/carrieres\/","url":"https:\/\/www.massageexperts.ca\/fr\/carrieres\/","name":"Joindre Notre \u00c9quipe | Massage Experts","isPartOf":{"@id":"https:\/\/www.massageexperts.ca\/#website"},"datePublished":"2024-02-12T00:31:34+00:00","dateModified":"2024-08-06T16:06:16+00:00","breadcrumb":{"@id":"https:\/\/www.massageexperts.ca\/fr\/carrieres\/#breadcrumb"},"inLanguage":"fr-FR","potentialAction":[{"@type":"ReadAction","target":["https:\/\/www.massageexperts.ca\/fr\/carrieres\/"]}]},{"@type":"BreadcrumbList","@id":"https:\/\/www.massageexperts.ca\/fr\/carrieres\/#breadcrumb","itemListElement":[{"@type":"ListItem","position":1,"name":"Home","item":"https:\/\/www.massageexperts.ca\/fr\/"},{"@type":"ListItem","position":2,"name":"Carri\u00e8re"}]},{"@type":"WebSite","@id":"https:\/\/www.massageexperts.ca\/#website","url":"https:\/\/www.massageexperts.ca\/","name":"Massage Experts","description":"Feel Better. More Often.","publisher":{"@id":"https:\/\/www.massageexperts.ca\/#organization"},"potentialAction":[{"@type":"SearchAction","target":{"@type":"EntryPoint","urlTemplate":"https:\/\/www.massageexperts.ca\/?s={search_term_string}"},"query-input":{"@type":"PropertyValueSpecification","valueRequired":true,"valueName":"search_term_string"}}],"inLanguage":"fr-FR"},{"@type":"Organization","@id":"https:\/\/www.massageexperts.ca\/#organization","name":"Massage Experts","url":"https:\/\/www.massageexperts.ca\/","logo":{"@type":"ImageObject","inLanguage":"fr-FR","@id":"https:\/\/www.massageexperts.ca\/#\/schema\/logo\/image\/","url":"https:\/\/www.massageexperts.ca\/wp-content\/uploads\/2024\/07\/Logo-EN.svg","contentUrl":"https:\/\/www.massageexperts.ca\/wp-content\/uploads\/2024\/07\/Logo-EN.svg","caption":"Massage Experts"},"image":{"@id":"https:\/\/www.massageexperts.ca\/#\/schema\/logo\/image\/"}}]}},"featured_image_src":null,"featured_image_src_square":null,"_links":{"self":[{"href":"https:\/\/www.massageexperts.ca\/fr\/wp-json\/wp\/v2\/pages\/1006","targetHints":{"allow":["GET"]}}],"collection":[{"href":"https:\/\/www.massageexperts.ca\/fr\/wp-json\/wp\/v2\/pages"}],"about":[{"href":"https:\/\/www.massageexperts.ca\/fr\/wp-json\/wp\/v2\/types\/page"}],"author":[{"embeddable":true,"href":"https:\/\/www.massageexperts.ca\/fr\/wp-json\/wp\/v2\/users\/1"}],"replies":[{"embeddable":true,"href":"https:\/\/www.massageexperts.ca\/fr\/wp-json\/wp\/v2\/comments?post=1006"}],"version-history":[{"count":0,"href":"https:\/\/www.massageexperts.ca\/fr\/wp-json\/wp\/v2\/pages\/1006\/revisions"}],"wp:attachment":[{"href":"https:\/\/www.massageexperts.ca\/fr\/wp-json\/wp\/v2\/media?parent=1006"}],"curies":[{"name":"wp","href":"https:\/\/api.w.org\/{rel}","templated":true}]}}