{"id":1000,"date":"2024-02-10T21:47:49","date_gmt":"2024-02-11T02:47:49","guid":{"rendered":"https:\/\/www.massageexperts.ca\/gift-card\/"},"modified":"2024-08-06T16:06:21","modified_gmt":"2024-08-06T16:06:21","slug":"cartes-cadeau","status":"publish","type":"page","link":"https:\/\/www.massageexperts.ca\/fr\/cartes-cadeau\/","title":{"rendered":"Cartes Cadeau"},"content":{"rendered":"\n<h1 class=\"wp-block-heading\">Offrez le bien-\u00eatre en cadeau<\/h1>\n\n\n\n<p>Qu\u2019est-ce que vous offrez d\u2019autre pour la personne qui a tout ?<br>Vous leur donnez une heure de \u00ab temps pour moi \u00bb. Qu\u2019il s\u2019agisse d\u2019un massage relaxant, des tissus profonds ou d\u2019un massage sportif, un carte-cadeau Massage Experts est parfait pour toutes les occasions.<\/p>\n\n\n\n<p>Achetez facilement en ligne et imprimez-le ou envoyez-le par courriel directement \u00e0 votre proche.<\/p>\n\n\n\n<p>Veuillez choisir si vous d\u00e9sirez un carte-cadeau dans la&nbsp;<strong>province de Qu\u00e9bec<\/strong>&nbsp;ou dans le&nbsp;<strong>reste du Canada<\/strong>.<\/p>\n\n\n\n<p>Vous pouvez \u00e9galement acheter une carte-cadeau physique \u00e0 notre emplacement. <strong>Trouvez la clinique\u00a0<a href=\"\/fr\/trouver-une-clinique\/\">EMPLACEMENT<\/a>\u00a0pr\u00e8s de chez vous.<\/strong><\/p>\n\n\n\n<p>Une carte-cadeau Massage Experts est le cadeau parfait pour les anniversaires, les vacances, l\u2019appr\u00e9ciation des enseignants, les enterrements de vie de jeune fille\/gar\u00e7on, les showers de b\u00e9b\u00e9, la f\u00eate des professionnels de l\u2019administration, la f\u00eate des m\u00e8res, la f\u00eate des p\u00e8res et bien d\u2019autres ! Un massage est vraiment le cadeau parfait!<\/p>\n","protected":false},"excerpt":{"rendered":"<p>Offrez le bien-\u00eatre en cadeau Qu\u2019est-ce que vous offrez d\u2019autre pour la personne qui a tout ?Vous leur donnez une heure de \u00ab temps pour moi \u00bb. Qu\u2019il s\u2019agisse d\u2019un massage relaxant, des tissus profonds ou d\u2019un massage sportif, un carte-cadeau Massage Experts est parfait pour toutes les occasions. Achetez facilement en ligne et imprimez-le [&#8230;]<\/p>\n<p><a class=\"btn btn-secondary understrap-read-more-link\" href=\"https:\/\/www.massageexperts.ca\/fr\/cartes-cadeau\/\">Lire la suite\u2026<span class=\"screen-reader-text\"> from Cartes Cadeau<\/span><\/a><\/p>\n","protected":false},"author":1,"featured_media":0,"parent":0,"menu_order":0,"comment_status":"closed","ping_status":"closed","template":"page-gift-card.php","meta":{"footnotes":""},"class_list":["post-1000","page","type-page","status-publish","hentry"],"yoast_head":"<!-- This site is optimized with the Yoast SEO plugin v27.3 - https:\/\/yoast.com\/product\/yoast-seo-wordpress\/ -->\n<title>Cartes Cadeau | Massage Experts<\/title>\n<meta name=\"robots\" content=\"index, follow, max-snippet:-1, max-image-preview:large, max-video-preview:-1\" \/>\n<link rel=\"canonical\" href=\"https:\/\/www.massageexperts.ca\/fr\/cartes-cadeau\/\" \/>\n<meta property=\"og:locale\" content=\"fr_FR\" \/>\n<meta property=\"og:type\" content=\"article\" \/>\n<meta property=\"og:title\" content=\"Cartes Cadeau | Massage Experts\" \/>\n<meta property=\"og:description\" content=\"Offrez le bien-\u00eatre en cadeau Qu\u2019est-ce que vous offrez d\u2019autre pour la personne qui a tout ?Vous leur donnez une heure de \u00ab temps pour moi \u00bb. Qu\u2019il s\u2019agisse d\u2019un massage relaxant, des tissus profonds ou d\u2019un massage sportif, un carte-cadeau Massage Experts est parfait pour toutes les occasions. Achetez facilement en ligne et imprimez-le [...]Lire la suite\u2026 from Cartes Cadeau\" \/>\n<meta property=\"og:url\" content=\"https:\/\/www.massageexperts.ca\/fr\/cartes-cadeau\/\" \/>\n<meta property=\"og:site_name\" content=\"Massage Experts\" \/>\n<meta property=\"article:modified_time\" content=\"2024-08-06T16:06:21+00:00\" \/>\n<meta name=\"twitter:card\" content=\"summary_large_image\" \/>\n<meta name=\"twitter:label1\" content=\"Dur\u00e9e de lecture estim\u00e9e\" \/>\n\t<meta name=\"twitter:data1\" content=\"1 minute\" \/>\n<script type=\"application\/ld+json\" class=\"yoast-schema-graph\">{\"@context\":\"https:\\\/\\\/schema.org\",\"@graph\":[{\"@type\":\"WebPage\",\"@id\":\"https:\\\/\\\/www.massageexperts.ca\\\/fr\\\/cartes-cadeau\\\/\",\"url\":\"https:\\\/\\\/www.massageexperts.ca\\\/fr\\\/cartes-cadeau\\\/\",\"name\":\"Cartes Cadeau | Massage Experts\",\"isPartOf\":{\"@id\":\"https:\\\/\\\/www.massageexperts.ca\\\/#website\"},\"datePublished\":\"2024-02-11T02:47:49+00:00\",\"dateModified\":\"2024-08-06T16:06:21+00:00\",\"breadcrumb\":{\"@id\":\"https:\\\/\\\/www.massageexperts.ca\\\/fr\\\/cartes-cadeau\\\/#breadcrumb\"},\"inLanguage\":\"fr-FR\",\"potentialAction\":[{\"@type\":\"ReadAction\",\"target\":[\"https:\\\/\\\/www.massageexperts.ca\\\/fr\\\/cartes-cadeau\\\/\"]}]},{\"@type\":\"BreadcrumbList\",\"@id\":\"https:\\\/\\\/www.massageexperts.ca\\\/fr\\\/cartes-cadeau\\\/#breadcrumb\",\"itemListElement\":[{\"@type\":\"ListItem\",\"position\":1,\"name\":\"Home\",\"item\":\"https:\\\/\\\/www.massageexperts.ca\\\/fr\\\/\"},{\"@type\":\"ListItem\",\"position\":2,\"name\":\"Cartes Cadeau\"}]},{\"@type\":\"WebSite\",\"@id\":\"https:\\\/\\\/www.massageexperts.ca\\\/#website\",\"url\":\"https:\\\/\\\/www.massageexperts.ca\\\/\",\"name\":\"Massage Experts\",\"description\":\"Feel Better. More Often.\",\"publisher\":{\"@id\":\"https:\\\/\\\/www.massageexperts.ca\\\/#organization\"},\"potentialAction\":[{\"@type\":\"SearchAction\",\"target\":{\"@type\":\"EntryPoint\",\"urlTemplate\":\"https:\\\/\\\/www.massageexperts.ca\\\/?s={search_term_string}\"},\"query-input\":{\"@type\":\"PropertyValueSpecification\",\"valueRequired\":true,\"valueName\":\"search_term_string\"}}],\"inLanguage\":\"fr-FR\"},{\"@type\":\"Organization\",\"@id\":\"https:\\\/\\\/www.massageexperts.ca\\\/#organization\",\"name\":\"Massage Experts\",\"url\":\"https:\\\/\\\/www.massageexperts.ca\\\/\",\"logo\":{\"@type\":\"ImageObject\",\"inLanguage\":\"fr-FR\",\"@id\":\"https:\\\/\\\/www.massageexperts.ca\\\/#\\\/schema\\\/logo\\\/image\\\/\",\"url\":\"https:\\\/\\\/www.massageexperts.ca\\\/wp-content\\\/uploads\\\/2024\\\/07\\\/Logo-EN.svg\",\"contentUrl\":\"https:\\\/\\\/www.massageexperts.ca\\\/wp-content\\\/uploads\\\/2024\\\/07\\\/Logo-EN.svg\",\"caption\":\"Massage Experts\"},\"image\":{\"@id\":\"https:\\\/\\\/www.massageexperts.ca\\\/#\\\/schema\\\/logo\\\/image\\\/\"}}]}<\/script>\n<!-- \/ Yoast SEO plugin. -->","yoast_head_json":{"title":"Cartes Cadeau | Massage Experts","robots":{"index":"index","follow":"follow","max-snippet":"max-snippet:-1","max-image-preview":"max-image-preview:large","max-video-preview":"max-video-preview:-1"},"canonical":"https:\/\/www.massageexperts.ca\/fr\/cartes-cadeau\/","og_locale":"fr_FR","og_type":"article","og_title":"Cartes Cadeau | Massage Experts","og_description":"Offrez le bien-\u00eatre en cadeau Qu\u2019est-ce que vous offrez d\u2019autre pour la personne qui a tout ?Vous leur donnez une heure de \u00ab temps pour moi \u00bb. Qu\u2019il s\u2019agisse d\u2019un massage relaxant, des tissus profonds ou d\u2019un massage sportif, un carte-cadeau Massage Experts est parfait pour toutes les occasions. Achetez facilement en ligne et imprimez-le [...]Lire la suite\u2026 from Cartes Cadeau","og_url":"https:\/\/www.massageexperts.ca\/fr\/cartes-cadeau\/","og_site_name":"Massage Experts","article_modified_time":"2024-08-06T16:06:21+00:00","twitter_card":"summary_large_image","twitter_misc":{"Dur\u00e9e de lecture estim\u00e9e":"1 minute"},"schema":{"@context":"https:\/\/schema.org","@graph":[{"@type":"WebPage","@id":"https:\/\/www.massageexperts.ca\/fr\/cartes-cadeau\/","url":"https:\/\/www.massageexperts.ca\/fr\/cartes-cadeau\/","name":"Cartes Cadeau | Massage Experts","isPartOf":{"@id":"https:\/\/www.massageexperts.ca\/#website"},"datePublished":"2024-02-11T02:47:49+00:00","dateModified":"2024-08-06T16:06:21+00:00","breadcrumb":{"@id":"https:\/\/www.massageexperts.ca\/fr\/cartes-cadeau\/#breadcrumb"},"inLanguage":"fr-FR","potentialAction":[{"@type":"ReadAction","target":["https:\/\/www.massageexperts.ca\/fr\/cartes-cadeau\/"]}]},{"@type":"BreadcrumbList","@id":"https:\/\/www.massageexperts.ca\/fr\/cartes-cadeau\/#breadcrumb","itemListElement":[{"@type":"ListItem","position":1,"name":"Home","item":"https:\/\/www.massageexperts.ca\/fr\/"},{"@type":"ListItem","position":2,"name":"Cartes Cadeau"}]},{"@type":"WebSite","@id":"https:\/\/www.massageexperts.ca\/#website","url":"https:\/\/www.massageexperts.ca\/","name":"Massage Experts","description":"Feel Better. More Often.","publisher":{"@id":"https:\/\/www.massageexperts.ca\/#organization"},"potentialAction":[{"@type":"SearchAction","target":{"@type":"EntryPoint","urlTemplate":"https:\/\/www.massageexperts.ca\/?s={search_term_string}"},"query-input":{"@type":"PropertyValueSpecification","valueRequired":true,"valueName":"search_term_string"}}],"inLanguage":"fr-FR"},{"@type":"Organization","@id":"https:\/\/www.massageexperts.ca\/#organization","name":"Massage Experts","url":"https:\/\/www.massageexperts.ca\/","logo":{"@type":"ImageObject","inLanguage":"fr-FR","@id":"https:\/\/www.massageexperts.ca\/#\/schema\/logo\/image\/","url":"https:\/\/www.massageexperts.ca\/wp-content\/uploads\/2024\/07\/Logo-EN.svg","contentUrl":"https:\/\/www.massageexperts.ca\/wp-content\/uploads\/2024\/07\/Logo-EN.svg","caption":"Massage Experts"},"image":{"@id":"https:\/\/www.massageexperts.ca\/#\/schema\/logo\/image\/"}}]}},"featured_image_src":null,"featured_image_src_square":null,"_links":{"self":[{"href":"https:\/\/www.massageexperts.ca\/fr\/wp-json\/wp\/v2\/pages\/1000","targetHints":{"allow":["GET"]}}],"collection":[{"href":"https:\/\/www.massageexperts.ca\/fr\/wp-json\/wp\/v2\/pages"}],"about":[{"href":"https:\/\/www.massageexperts.ca\/fr\/wp-json\/wp\/v2\/types\/page"}],"author":[{"embeddable":true,"href":"https:\/\/www.massageexperts.ca\/fr\/wp-json\/wp\/v2\/users\/1"}],"replies":[{"embeddable":true,"href":"https:\/\/www.massageexperts.ca\/fr\/wp-json\/wp\/v2\/comments?post=1000"}],"version-history":[{"count":0,"href":"https:\/\/www.massageexperts.ca\/fr\/wp-json\/wp\/v2\/pages\/1000\/revisions"}],"wp:attachment":[{"href":"https:\/\/www.massageexperts.ca\/fr\/wp-json\/wp\/v2\/media?parent=1000"}],"curies":[{"name":"wp","href":"https:\/\/api.w.org\/{rel}","templated":true}]}}